{"id":9263,"date":"2022-11-14T11:31:11","date_gmt":"2022-11-14T15:31:11","guid":{"rendered":"https:\/\/tridentnewspaper.com\/?page_id=9263"},"modified":"2022-11-14T11:37:30","modified_gmt":"2022-11-14T15:37:30","slug":"ndwcc-eventsinitiatives-jerseyauction-qa","status":"publish","type":"page","link":"https:\/\/tridentnewspaper.com\/fr\/ndwcc-eventsinitiatives-jerseyauction-qa\/","title":{"rendered":"Questions &amp; Answers | Questions et r\u00e9ponses"},"content":{"rendered":"<p style=\"text-align: center;\"><strong><a href=\"https:\/\/tridentnewspaper.com\/fr\/ndwcc-eventsinitiatives-jerseyauction\/\">Auction home \/ <\/a><a href=\"https:\/\/tridentnewspaper.com\/fr\/ndwcc-eventsinitiatives-jerseyauction\/\">Accueil des ench\u00e8res<\/a><\/strong><!--more--><\/p>\n<h2 class=\"entry-title\" style=\"text-align: center;\"><strong>NDWCC Mooseheads Jersey Auction \/ la vente aux ench\u00e8res de maillots des Mooseheads de la CCMTDN<\/strong><\/h2>\n<p>&nbsp;<\/p>\n<p><b>Can I bid on more than one jersey? \/ Puis-je faire une offre pour plus d\u2019un maillot?<\/b><\/p>\n<p><span style=\"font-weight: 400;\">Yes, local Defence Team members can bid on as many jerseys as they please. If bidding on more than one jersey, please submit separate submission forms\/emails for each jersey.<\/span><\/p>\n<p><span style=\"font-weight: 400;\">Oui, les membres de l\u2019\u00c9quipe de la D\u00e9fense locale peuvent faire une offre pour autant de maillots qu\u2019ils le souhaitent. Si tel est votre cas, vous devez remplir un formulaire de pr\u00e9sentation de l\u2019offre ou envoyer un courriel distinct pour chaque maillot.<\/span><\/p>\n<p><b>Can I only bid on a jersey with my unit name on the back? \/ <\/b><b>Puis-je pr\u00e9senter une offre uniquement pour un chandail portant le nom de mon unit\u00e9 au dos?<\/b><\/p>\n<p><span style=\"font-weight: 400;\">No. For example, a member from 12 Wing Shearwater can bid on any jersey, not just the jersey that says Shearwater.<\/span><\/p>\n<p><span style=\"font-weight: 400;\">Non. Par exemple, un membre de la 12e Escadre Shearwater peut pr\u00e9senter une offre pour n\u2019importe quel chandail, pas seulement sur celui qui porte le nom \u00ab Shearwater \u00bb.<\/span><\/p>\n<p><b>Can the name bars on the jerseys be changed? \/ <\/b><b>Les noms inscrits sur les maillots peuvent-ils \u00eatre modifi\u00e9s?<\/b><\/p>\n<p><span style=\"font-weight: 400;\">Name bars on the jerseys can be changed\/covered at the winners\u2019 expense once they pay for and pick up their jerseys.<\/span><\/p>\n<p><span style=\"font-weight: 400;\">Les noms inscrits sur les maillots peuvent \u00eatre modifi\u00e9s\/couverts aux frais des gagnants une fois que ceux-ci ont pay\u00e9 et r\u00e9cup\u00e9r\u00e9 leurs maillots.<\/span><\/p>\n<p><b>How will I know if my bid is successful? \/ Comment saurai-je si mon offre a \u00e9t\u00e9 retenue?<\/b><\/p>\n<p><span style=\"font-weight: 400;\">The highest bidders per jersey will be contacted within one week of the completion of the jersey auction and will be announced publicly at a later date.<\/span><\/p>\n<p>Les plus offrants seront pr\u00e9venus dans la semaine suivant la fin de la vente aux ench\u00e8res et seront annonc\u00e9s publiquement \u00e0 une date ult\u00e9rieure.<\/p>\n<p><b>Will I receive a tax receipt if I win? \/ <\/b><b>Recevrai-je un re\u00e7u officiel si je gagne?<\/b><\/p>\n<p><span style=\"font-weight: 400;\">The recipients of the jerseys will not receive a tax receipt. As per Canada Revenue Agency regulations, when a donor receives an advantage in return for a donation, they do not qualify to receive a tax receipt.<\/span><\/p>\n<p><span style=\"font-weight: 400;\">Les gagnants ne recevront pas de re\u00e7u officiel. Comme le demande l\u2019Agence du revenu du Canada (ARC), lorsqu\u2019un donateur retire un avantage en \u00e9change d\u2019un don, il ne peut pas recevoir de re\u00e7u officiel.<\/span><\/p>\n<p><b>Will my name and bid be publicly visible on the auction website? \/ <\/b><b>Mon nom et mon offre seront-ils visibles sur le site Web de la vente aux ench\u00e8res?<\/b><\/p>\n<p><span style=\"font-weight: 400;\">No, your name and contact information will remain confidential. Each day\u2019s highest bid will be announced the following morning on the MARLANT intranet and at\u00a0<\/span><a href=\"https:\/\/tridentnewspaper.com\/fr\/ndwcc-eventsinitiatives-jerseyauction\/\"><span style=\"font-weight: 400;\">https:\/\/tridentnewspaper.com\/fr\/ndwcc-eventsinitiatives-jerseyauction<\/span><\/a><span style=\"font-weight: 400;\">\u00a0au plus tard \u00e0 8 h (Atlantique) sous la photo du chandail (valeur en dollars).<\/span><\/p>\n<p><span style=\"font-weight: 400;\">Non, votre nom et vos coordonn\u00e9es resteront confidentiels. L\u2019offre la plus \u00e9lev\u00e9e de chaque jour sera annonc\u00e9e le lendemain matin sur l\u2019intranet des FMAR(A) et sur\u00a0<\/span><a href=\"https:\/\/tridentnewspaper.com\/fr\/ndwcc-eventsinitiatives-jerseyauction\"><span style=\"font-weight: 400;\">https:\/\/tridentnewspaper.com\/fr\/ndwcc-eventsinitiatives-jerseyauction<\/span><\/a><span style=\"font-weight: 400;\">\u00a0au plus tard \u00e0 8 h (Atlantique) sous la photo du chandail (valeur en dollars).<\/span><\/p>\n<p><b>Where can I direct my questions? \/ <\/b><b>\u00c0 qui puis-je adresser mes questions?<\/b><\/p>\n<p><span style=\"font-weight: 400;\">Please email\u00a0<\/span><a href=\"mailto:Leah.Coughlin@forces.gc.ca\"><span style=\"font-weight: 400;\">Leah.Coughlin@forces.gc.ca<\/span><\/a><span style=\"font-weight: 400;\">\u00a0for any further questions and\/or concerns about the auction.<\/span><\/p>\n<p><span style=\"font-weight: 400;\">Si vous avez des questions ou des pr\u00e9occupations concernant la vente aux ench\u00e8res, veuillez envoyer un courriel \u00e0 l\u2019adresse\u00a0<\/span><a href=\"mailto:Leah.Coughlin@forces.gc.ca\"><span style=\"font-weight: 400;\">Leah.Coughlin@forces.gc.ca<\/span><\/a><span style=\"font-weight: 400;\">.<\/span><\/p>\n<p>&nbsp;<\/p>\n<h2 style=\"text-align: center;\"><strong><a href=\"https:\/\/tridentnewspaper.com\/fr\/ndwcc-eventsinitiatives-jerseyauction\/\">Make Your Bid<\/a> \/ <a href=\"https:\/\/tridentnewspaper.com\/fr\/ndwcc-eventsinitiatives-jerseyauction\/\">Faire son offre<\/a><\/strong><\/h2>","protected":false},"excerpt":{"rendered":"<p>Auction home \/ Accueil des ench\u00e8res<\/p>","protected":false},"author":2,"featured_media":0,"parent":0,"menu_order":0,"comment_status":"closed","ping_status":"closed","template":"","meta":{"_monsterinsights_skip_tracking":false,"_monsterinsights_sitenote_active":false,"_monsterinsights_sitenote_note":"","_monsterinsights_sitenote_category":0,"jetpack_post_was_ever_published":false,"footnotes":""},"yoast_head":"<!-- This site is optimized with the Yoast SEO plugin v22.6 - https:\/\/yoast.com\/wordpress\/plugins\/seo\/ -->\n<title>Questions &amp; Answers | Questions et r\u00e9ponses | Trident Newspaper<\/title>\n<meta name=\"robots\" content=\"index, follow, max-snippet:-1, max-image-preview:large, max-video-preview:-1\" \/>\n<link rel=\"canonical\" href=\"https:\/\/tridentnewspaper.com\/fr\/ndwcc-eventsinitiatives-jerseyauction-qa\/\" \/>\n<meta property=\"og:locale\" content=\"fr_CA\" \/>\n<meta property=\"og:type\" content=\"article\" \/>\n<meta property=\"og:title\" content=\"Questions &amp; Answers | Questions et r\u00e9ponses | Trident Newspaper\" \/>\n<meta property=\"og:description\" content=\"Auction home \/ Accueil des ench\u00e8res\" \/>\n<meta property=\"og:url\" content=\"https:\/\/tridentnewspaper.com\/fr\/ndwcc-eventsinitiatives-jerseyauction-qa\/\" \/>\n<meta property=\"og:site_name\" content=\"Trident Newspaper\" \/>\n<meta property=\"article:publisher\" content=\"https:\/\/www.facebook.com\/Trident-News-202801813483\/\" \/>\n<meta property=\"article:modified_time\" content=\"2022-11-14T15:37:30+00:00\" \/>\n<meta name=\"twitter:card\" content=\"summary_large_image\" \/>\n<meta name=\"twitter:site\" content=\"@trident_news\" \/>\n<meta name=\"twitter:label1\" content=\"Estimation du temps de lecture\" \/>\n\t<meta name=\"twitter:data1\" content=\"3 minutes\" \/>\n<script type=\"application\/ld+json\" class=\"yoast-schema-graph\">{\"@context\":\"https:\/\/schema.org\",\"@graph\":[{\"@type\":\"WebPage\",\"@id\":\"https:\/\/tridentnewspaper.com\/ndwcc-eventsinitiatives-jerseyauction-qa\/\",\"url\":\"https:\/\/tridentnewspaper.com\/ndwcc-eventsinitiatives-jerseyauction-qa\/\",\"name\":\"Questions & Answers | Questions et r\u00e9ponses | Trident Newspaper\",\"isPartOf\":{\"@id\":\"https:\/\/tridentnewspaper.com\/#website\"},\"datePublished\":\"2022-11-14T15:31:11+00:00\",\"dateModified\":\"2022-11-14T15:37:30+00:00\",\"breadcrumb\":{\"@id\":\"https:\/\/tridentnewspaper.com\/ndwcc-eventsinitiatives-jerseyauction-qa\/#breadcrumb\"},\"inLanguage\":\"fr-CA\",\"potentialAction\":[{\"@type\":\"ReadAction\",\"target\":[\"https:\/\/tridentnewspaper.com\/ndwcc-eventsinitiatives-jerseyauction-qa\/\"]}]},{\"@type\":\"BreadcrumbList\",\"@id\":\"https:\/\/tridentnewspaper.com\/ndwcc-eventsinitiatives-jerseyauction-qa\/#breadcrumb\",\"itemListElement\":[{\"@type\":\"ListItem\",\"position\":1,\"name\":\"Home\",\"item\":\"https:\/\/tridentnewspaper.com\/\"},{\"@type\":\"ListItem\",\"position\":2,\"name\":\"Questions &#038; Answers | Questions et r\u00e9ponses\"}]},{\"@type\":\"WebSite\",\"@id\":\"https:\/\/tridentnewspaper.com\/#website\",\"url\":\"https:\/\/tridentnewspaper.com\/\",\"name\":\"Trident Newspaper\",\"description\":\"CFB Halifax Trident Navy Newspaper\",\"publisher\":{\"@id\":\"https:\/\/tridentnewspaper.com\/#organization\"},\"potentialAction\":[{\"@type\":\"SearchAction\",\"target\":{\"@type\":\"EntryPoint\",\"urlTemplate\":\"https:\/\/tridentnewspaper.com\/?s={search_term_string}\"},\"query-input\":\"required name=search_term_string\"}],\"inLanguage\":\"fr-CA\"},{\"@type\":\"Organization\",\"@id\":\"https:\/\/tridentnewspaper.com\/#organization\",\"name\":\"Trident Newspaper\",\"url\":\"https:\/\/tridentnewspaper.com\/\",\"logo\":{\"@type\":\"ImageObject\",\"inLanguage\":\"fr-CA\",\"@id\":\"https:\/\/tridentnewspaper.com\/#\/schema\/logo\/image\/\",\"url\":\"https:\/\/tridentnewspaper.com\/wp-content\/uploads\/2017\/01\/Trident_Masthead_New_med.png\",\"contentUrl\":\"https:\/\/tridentnewspaper.com\/wp-content\/uploads\/2017\/01\/Trident_Masthead_New_med.png\",\"width\":719,\"height\":181,\"caption\":\"Trident Newspaper\"},\"image\":{\"@id\":\"https:\/\/tridentnewspaper.com\/#\/schema\/logo\/image\/\"},\"sameAs\":[\"https:\/\/www.facebook.com\/Trident-News-202801813483\/\",\"https:\/\/x.com\/trident_news\"]}]}<\/script>\n<!-- \/ Yoast SEO plugin. -->","yoast_head_json":{"title":"Questions & Answers | Questions et r\u00e9ponses | Trident Newspaper","robots":{"index":"index","follow":"follow","max-snippet":"max-snippet:-1","max-image-preview":"max-image-preview:large","max-video-preview":"max-video-preview:-1"},"canonical":"https:\/\/tridentnewspaper.com\/fr\/ndwcc-eventsinitiatives-jerseyauction-qa\/","og_locale":"fr_CA","og_type":"article","og_title":"Questions & Answers | Questions et r\u00e9ponses | Trident Newspaper","og_description":"Auction home \/ Accueil des ench\u00e8res","og_url":"https:\/\/tridentnewspaper.com\/fr\/ndwcc-eventsinitiatives-jerseyauction-qa\/","og_site_name":"Trident Newspaper","article_publisher":"https:\/\/www.facebook.com\/Trident-News-202801813483\/","article_modified_time":"2022-11-14T15:37:30+00:00","twitter_card":"summary_large_image","twitter_site":"@trident_news","twitter_misc":{"Estimation du temps de lecture":"3 minutes"},"schema":{"@context":"https:\/\/schema.org","@graph":[{"@type":"WebPage","@id":"https:\/\/tridentnewspaper.com\/ndwcc-eventsinitiatives-jerseyauction-qa\/","url":"https:\/\/tridentnewspaper.com\/ndwcc-eventsinitiatives-jerseyauction-qa\/","name":"Questions & Answers | Questions et r\u00e9ponses | Trident Newspaper","isPartOf":{"@id":"https:\/\/tridentnewspaper.com\/#website"},"datePublished":"2022-11-14T15:31:11+00:00","dateModified":"2022-11-14T15:37:30+00:00","breadcrumb":{"@id":"https:\/\/tridentnewspaper.com\/ndwcc-eventsinitiatives-jerseyauction-qa\/#breadcrumb"},"inLanguage":"fr-CA","potentialAction":[{"@type":"ReadAction","target":["https:\/\/tridentnewspaper.com\/ndwcc-eventsinitiatives-jerseyauction-qa\/"]}]},{"@type":"BreadcrumbList","@id":"https:\/\/tridentnewspaper.com\/ndwcc-eventsinitiatives-jerseyauction-qa\/#breadcrumb","itemListElement":[{"@type":"ListItem","position":1,"name":"Home","item":"https:\/\/tridentnewspaper.com\/"},{"@type":"ListItem","position":2,"name":"Questions &#038; Answers | Questions et r\u00e9ponses"}]},{"@type":"WebSite","@id":"https:\/\/tridentnewspaper.com\/#website","url":"https:\/\/tridentnewspaper.com\/","name":"Trident Newspaper","description":"CFB Halifax Trident Navy Newspaper","publisher":{"@id":"https:\/\/tridentnewspaper.com\/#organization"},"potentialAction":[{"@type":"SearchAction","target":{"@type":"EntryPoint","urlTemplate":"https:\/\/tridentnewspaper.com\/?s={search_term_string}"},"query-input":"required name=search_term_string"}],"inLanguage":"fr-CA"},{"@type":"Organization","@id":"https:\/\/tridentnewspaper.com\/#organization","name":"Trident Newspaper","url":"https:\/\/tridentnewspaper.com\/","logo":{"@type":"ImageObject","inLanguage":"fr-CA","@id":"https:\/\/tridentnewspaper.com\/#\/schema\/logo\/image\/","url":"https:\/\/tridentnewspaper.com\/wp-content\/uploads\/2017\/01\/Trident_Masthead_New_med.png","contentUrl":"https:\/\/tridentnewspaper.com\/wp-content\/uploads\/2017\/01\/Trident_Masthead_New_med.png","width":719,"height":181,"caption":"Trident Newspaper"},"image":{"@id":"https:\/\/tridentnewspaper.com\/#\/schema\/logo\/image\/"},"sameAs":["https:\/\/www.facebook.com\/Trident-News-202801813483\/","https:\/\/x.com\/trident_news"]}]}},"jetpack_sharing_enabled":true,"jetpack_shortlink":"https:\/\/wp.me\/P8oCsG-2pp","_links":{"self":[{"href":"https:\/\/tridentnewspaper.com\/fr\/wp-json\/wp\/v2\/pages\/9263"}],"collection":[{"href":"https:\/\/tridentnewspaper.com\/fr\/wp-json\/wp\/v2\/pages"}],"about":[{"href":"https:\/\/tridentnewspaper.com\/fr\/wp-json\/wp\/v2\/types\/page"}],"author":[{"embeddable":true,"href":"https:\/\/tridentnewspaper.com\/fr\/wp-json\/wp\/v2\/users\/2"}],"replies":[{"embeddable":true,"href":"https:\/\/tridentnewspaper.com\/fr\/wp-json\/wp\/v2\/comments?post=9263"}],"version-history":[{"count":10,"href":"https:\/\/tridentnewspaper.com\/fr\/wp-json\/wp\/v2\/pages\/9263\/revisions"}],"predecessor-version":[{"id":9276,"href":"https:\/\/tridentnewspaper.com\/fr\/wp-json\/wp\/v2\/pages\/9263\/revisions\/9276"}],"wp:attachment":[{"href":"https:\/\/tridentnewspaper.com\/fr\/wp-json\/wp\/v2\/media?parent=9263"}],"curies":[{"name":"wp","href":"https:\/\/api.w.org\/{rel}","templated":true}]}}