{"id":8369,"date":"2022-08-10T09:41:15","date_gmt":"2022-08-10T12:41:15","guid":{"rendered":"https:\/\/tridentnewspaper.com\/?page_id=8369"},"modified":"2026-01-29T15:29:46","modified_gmt":"2026-01-29T19:29:46","slug":"base-services-directory","status":"publish","type":"page","link":"https:\/\/tridentnewspaper.com\/fr\/base-services-directory\/","title":{"rendered":"Annuaire des services de la base"},"content":{"rendered":"<hr \/>\n<h4>3 septembre 2025<\/h4>\n<p><a href=\"https:\/\/tridentnewspaper.com\/wp-content\/uploads\/2025\/10\/Base-Services-Directory-October_FR-FINAL-1.pdf\">Cliquez ici pour t\u00e9l\u00e9charger la version imprimable compl\u00e8te<\/a><\/p>\n<p><img loading=\"lazy\" decoding=\"async\" class=\"alignnone size-large wp-image-15154\" src=\"https:\/\/tridentnewspaper.com\/wp-content\/uploads\/2025\/09\/BSD-French-Header-1.png\" alt=\"\" width=\"810\" height=\"187\" srcset=\"https:\/\/tridentnewspaper.com\/wp-content\/uploads\/2025\/09\/BSD-French-Header-1.png 2000w, https:\/\/tridentnewspaper.com\/wp-content\/uploads\/2025\/09\/BSD-French-Header-1-300x69.png 300w, https:\/\/tridentnewspaper.com\/wp-content\/uploads\/2025\/09\/BSD-French-Header-1-1024x237.png 1024w, https:\/\/tridentnewspaper.com\/wp-content\/uploads\/2025\/09\/BSD-French-Header-1-768x177.png 768w, https:\/\/tridentnewspaper.com\/wp-content\/uploads\/2025\/09\/BSD-French-Header-1-1536x355.png 1536w, https:\/\/tridentnewspaper.com\/wp-content\/uploads\/2025\/09\/BSD-French-Header-1-18x4.png 18w, https:\/\/tridentnewspaper.com\/wp-content\/uploads\/2025\/09\/BSD-French-Header-1-431x100.png 431w, https:\/\/tridentnewspaper.com\/wp-content\/uploads\/2025\/09\/BSD-French-Header-1-862x199.png 862w\" sizes=\"(max-width: 810px) 100vw, 810px\" \/><\/p>\n<p>&nbsp;<\/p>\n<p>&nbsp;<\/p>\n<p>&nbsp;<\/p>\n<p>&nbsp;<\/p>\n<p>&nbsp;<\/p>","protected":false},"excerpt":{"rendered":"<p>September 3, 2025 Click here to download full printable version &nbsp; &nbsp; &nbsp; &nbsp; &nbsp;<\/p>","protected":false},"author":2,"featured_media":0,"parent":0,"menu_order":0,"comment_status":"closed","ping_status":"closed","template":"","meta":{"_monsterinsights_skip_tracking":false,"_monsterinsights_sitenote_active":false,"_monsterinsights_sitenote_note":"","_monsterinsights_sitenote_category":0,"jetpack_post_was_ever_published":false,"footnotes":""},"yoast_head":"<!-- This site is optimized with the Yoast SEO plugin v22.6 - https:\/\/yoast.com\/wordpress\/plugins\/seo\/ -->\n<title>Base Services Directory | Trident Newspaper<\/title>\n<meta name=\"robots\" content=\"index, follow, max-snippet:-1, max-image-preview:large, max-video-preview:-1\" \/>\n<link rel=\"canonical\" href=\"https:\/\/tridentnewspaper.com\/fr\/base-services-directory\/\" \/>\n<meta property=\"og:locale\" content=\"fr_CA\" \/>\n<meta property=\"og:type\" content=\"article\" \/>\n<meta property=\"og:title\" content=\"Base Services Directory | Trident Newspaper\" \/>\n<meta property=\"og:description\" content=\"September 3, 2025 Click here to download full printable version &nbsp; &nbsp; &nbsp; &nbsp; &nbsp;\" \/>\n<meta property=\"og:url\" content=\"https:\/\/tridentnewspaper.com\/fr\/base-services-directory\/\" \/>\n<meta property=\"og:site_name\" content=\"Trident Newspaper\" \/>\n<meta property=\"article:publisher\" content=\"https:\/\/www.facebook.com\/Trident-News-202801813483\/\" \/>\n<meta property=\"article:modified_time\" content=\"2026-01-29T19:29:46+00:00\" \/>\n<meta property=\"og:image\" content=\"https:\/\/tridentnewspaper.com\/wp-content\/uploads\/2025\/09\/BSD-English-Header-1024x237.png\" \/>\n<meta name=\"twitter:card\" content=\"summary_large_image\" \/>\n<meta name=\"twitter:site\" content=\"@trident_news\" \/>\n<meta name=\"twitter:label1\" content=\"Estimation du temps de lecture\" \/>\n\t<meta name=\"twitter:data1\" content=\"1 minute\" \/>\n<script type=\"application\/ld+json\" class=\"yoast-schema-graph\">{\"@context\":\"https:\/\/schema.org\",\"@graph\":[{\"@type\":\"WebPage\",\"@id\":\"https:\/\/tridentnewspaper.com\/base-services-directory\/\",\"url\":\"https:\/\/tridentnewspaper.com\/base-services-directory\/\",\"name\":\"Base Services Directory | Trident Newspaper\",\"isPartOf\":{\"@id\":\"https:\/\/tridentnewspaper.com\/#website\"},\"primaryImageOfPage\":{\"@id\":\"https:\/\/tridentnewspaper.com\/base-services-directory\/#primaryimage\"},\"image\":{\"@id\":\"https:\/\/tridentnewspaper.com\/base-services-directory\/#primaryimage\"},\"thumbnailUrl\":\"https:\/\/tridentnewspaper.com\/wp-content\/uploads\/2025\/09\/BSD-English-Header-1024x237.png\",\"datePublished\":\"2022-08-10T12:41:15+00:00\",\"dateModified\":\"2026-01-29T19:29:46+00:00\",\"breadcrumb\":{\"@id\":\"https:\/\/tridentnewspaper.com\/base-services-directory\/#breadcrumb\"},\"inLanguage\":\"fr-CA\",\"potentialAction\":[{\"@type\":\"ReadAction\",\"target\":[\"https:\/\/tridentnewspaper.com\/base-services-directory\/\"]}]},{\"@type\":\"ImageObject\",\"inLanguage\":\"fr-CA\",\"@id\":\"https:\/\/tridentnewspaper.com\/base-services-directory\/#primaryimage\",\"url\":\"https:\/\/tridentnewspaper.com\/wp-content\/uploads\/2025\/09\/BSD-English-Header-1024x237.png\",\"contentUrl\":\"https:\/\/tridentnewspaper.com\/wp-content\/uploads\/2025\/09\/BSD-English-Header-1024x237.png\"},{\"@type\":\"BreadcrumbList\",\"@id\":\"https:\/\/tridentnewspaper.com\/base-services-directory\/#breadcrumb\",\"itemListElement\":[{\"@type\":\"ListItem\",\"position\":1,\"name\":\"Home\",\"item\":\"https:\/\/tridentnewspaper.com\/\"},{\"@type\":\"ListItem\",\"position\":2,\"name\":\"Base Services Directory\"}]},{\"@type\":\"WebSite\",\"@id\":\"https:\/\/tridentnewspaper.com\/#website\",\"url\":\"https:\/\/tridentnewspaper.com\/\",\"name\":\"Trident Newspaper\",\"description\":\"CFB Halifax Trident Navy Newspaper\",\"publisher\":{\"@id\":\"https:\/\/tridentnewspaper.com\/#organization\"},\"potentialAction\":[{\"@type\":\"SearchAction\",\"target\":{\"@type\":\"EntryPoint\",\"urlTemplate\":\"https:\/\/tridentnewspaper.com\/?s={search_term_string}\"},\"query-input\":\"required name=search_term_string\"}],\"inLanguage\":\"fr-CA\"},{\"@type\":\"Organization\",\"@id\":\"https:\/\/tridentnewspaper.com\/#organization\",\"name\":\"Trident Newspaper\",\"url\":\"https:\/\/tridentnewspaper.com\/\",\"logo\":{\"@type\":\"ImageObject\",\"inLanguage\":\"fr-CA\",\"@id\":\"https:\/\/tridentnewspaper.com\/#\/schema\/logo\/image\/\",\"url\":\"https:\/\/tridentnewspaper.com\/wp-content\/uploads\/2017\/01\/Trident_Masthead_New_med.png\",\"contentUrl\":\"https:\/\/tridentnewspaper.com\/wp-content\/uploads\/2017\/01\/Trident_Masthead_New_med.png\",\"width\":719,\"height\":181,\"caption\":\"Trident Newspaper\"},\"image\":{\"@id\":\"https:\/\/tridentnewspaper.com\/#\/schema\/logo\/image\/\"},\"sameAs\":[\"https:\/\/www.facebook.com\/Trident-News-202801813483\/\",\"https:\/\/x.com\/trident_news\"]}]}<\/script>\n<!-- \/ Yoast SEO plugin. -->","yoast_head_json":{"title":"Base Services Directory | Trident Newspaper","robots":{"index":"index","follow":"follow","max-snippet":"max-snippet:-1","max-image-preview":"max-image-preview:large","max-video-preview":"max-video-preview:-1"},"canonical":"https:\/\/tridentnewspaper.com\/fr\/base-services-directory\/","og_locale":"fr_CA","og_type":"article","og_title":"Base Services Directory | Trident Newspaper","og_description":"September 3, 2025 Click here to download full printable version &nbsp; &nbsp; &nbsp; &nbsp; &nbsp;","og_url":"https:\/\/tridentnewspaper.com\/fr\/base-services-directory\/","og_site_name":"Trident Newspaper","article_publisher":"https:\/\/www.facebook.com\/Trident-News-202801813483\/","article_modified_time":"2026-01-29T19:29:46+00:00","og_image":[{"url":"https:\/\/tridentnewspaper.com\/wp-content\/uploads\/2025\/09\/BSD-English-Header-1024x237.png"}],"twitter_card":"summary_large_image","twitter_site":"@trident_news","twitter_misc":{"Estimation du temps de lecture":"1 minute"},"schema":{"@context":"https:\/\/schema.org","@graph":[{"@type":"WebPage","@id":"https:\/\/tridentnewspaper.com\/base-services-directory\/","url":"https:\/\/tridentnewspaper.com\/base-services-directory\/","name":"Base Services Directory | Trident Newspaper","isPartOf":{"@id":"https:\/\/tridentnewspaper.com\/#website"},"primaryImageOfPage":{"@id":"https:\/\/tridentnewspaper.com\/base-services-directory\/#primaryimage"},"image":{"@id":"https:\/\/tridentnewspaper.com\/base-services-directory\/#primaryimage"},"thumbnailUrl":"https:\/\/tridentnewspaper.com\/wp-content\/uploads\/2025\/09\/BSD-English-Header-1024x237.png","datePublished":"2022-08-10T12:41:15+00:00","dateModified":"2026-01-29T19:29:46+00:00","breadcrumb":{"@id":"https:\/\/tridentnewspaper.com\/base-services-directory\/#breadcrumb"},"inLanguage":"fr-CA","potentialAction":[{"@type":"ReadAction","target":["https:\/\/tridentnewspaper.com\/base-services-directory\/"]}]},{"@type":"ImageObject","inLanguage":"fr-CA","@id":"https:\/\/tridentnewspaper.com\/base-services-directory\/#primaryimage","url":"https:\/\/tridentnewspaper.com\/wp-content\/uploads\/2025\/09\/BSD-English-Header-1024x237.png","contentUrl":"https:\/\/tridentnewspaper.com\/wp-content\/uploads\/2025\/09\/BSD-English-Header-1024x237.png"},{"@type":"BreadcrumbList","@id":"https:\/\/tridentnewspaper.com\/base-services-directory\/#breadcrumb","itemListElement":[{"@type":"ListItem","position":1,"name":"Home","item":"https:\/\/tridentnewspaper.com\/"},{"@type":"ListItem","position":2,"name":"Base Services Directory"}]},{"@type":"WebSite","@id":"https:\/\/tridentnewspaper.com\/#website","url":"https:\/\/tridentnewspaper.com\/","name":"Trident Newspaper","description":"CFB Halifax Trident Navy Newspaper","publisher":{"@id":"https:\/\/tridentnewspaper.com\/#organization"},"potentialAction":[{"@type":"SearchAction","target":{"@type":"EntryPoint","urlTemplate":"https:\/\/tridentnewspaper.com\/?s={search_term_string}"},"query-input":"required name=search_term_string"}],"inLanguage":"fr-CA"},{"@type":"Organization","@id":"https:\/\/tridentnewspaper.com\/#organization","name":"Trident Newspaper","url":"https:\/\/tridentnewspaper.com\/","logo":{"@type":"ImageObject","inLanguage":"fr-CA","@id":"https:\/\/tridentnewspaper.com\/#\/schema\/logo\/image\/","url":"https:\/\/tridentnewspaper.com\/wp-content\/uploads\/2017\/01\/Trident_Masthead_New_med.png","contentUrl":"https:\/\/tridentnewspaper.com\/wp-content\/uploads\/2017\/01\/Trident_Masthead_New_med.png","width":719,"height":181,"caption":"Trident Newspaper"},"image":{"@id":"https:\/\/tridentnewspaper.com\/#\/schema\/logo\/image\/"},"sameAs":["https:\/\/www.facebook.com\/Trident-News-202801813483\/","https:\/\/x.com\/trident_news"]}]}},"jetpack_sharing_enabled":true,"jetpack_shortlink":"https:\/\/wp.me\/P8oCsG-2aZ","_links":{"self":[{"href":"https:\/\/tridentnewspaper.com\/fr\/wp-json\/wp\/v2\/pages\/8369"}],"collection":[{"href":"https:\/\/tridentnewspaper.com\/fr\/wp-json\/wp\/v2\/pages"}],"about":[{"href":"https:\/\/tridentnewspaper.com\/fr\/wp-json\/wp\/v2\/types\/page"}],"author":[{"embeddable":true,"href":"https:\/\/tridentnewspaper.com\/fr\/wp-json\/wp\/v2\/users\/2"}],"replies":[{"embeddable":true,"href":"https:\/\/tridentnewspaper.com\/fr\/wp-json\/wp\/v2\/comments?post=8369"}],"version-history":[{"count":25,"href":"https:\/\/tridentnewspaper.com\/fr\/wp-json\/wp\/v2\/pages\/8369\/revisions"}],"predecessor-version":[{"id":15958,"href":"https:\/\/tridentnewspaper.com\/fr\/wp-json\/wp\/v2\/pages\/8369\/revisions\/15958"}],"wp:attachment":[{"href":"https:\/\/tridentnewspaper.com\/fr\/wp-json\/wp\/v2\/media?parent=8369"}],"curies":[{"name":"wp","href":"https:\/\/api.w.org\/{rel}","templated":true}]}}