{"id":5468,"date":"2020-09-25T08:38:25","date_gmt":"2020-09-25T11:38:25","guid":{"rendered":"https:\/\/tridentnewspaper.com\/?page_id=5468"},"modified":"2024-12-10T11:44:49","modified_gmt":"2024-12-10T15:44:49","slug":"ndwcc-eventsinitiatives","status":"publish","type":"page","link":"https:\/\/tridentnewspaper.com\/fr\/ndwcc2024\/ndwcc-eventsinitiatives\/","title":{"rendered":"Events\/Initiatives | Activit\u00e9s\/Initiatives"},"content":{"rendered":"<p><img loading=\"lazy\" decoding=\"async\" class=\"size-large wp-image-13363 aligncenter\" src=\"https:\/\/tridentnewspaper.com\/wp-content\/uploads\/2024\/09\/2024-NDWCC-Banner-1024x241.png\" alt=\"\" width=\"810\" height=\"191\" srcset=\"https:\/\/tridentnewspaper.com\/wp-content\/uploads\/2024\/09\/2024-NDWCC-Banner-1024x241.png 1024w, https:\/\/tridentnewspaper.com\/wp-content\/uploads\/2024\/09\/2024-NDWCC-Banner-300x71.png 300w, https:\/\/tridentnewspaper.com\/wp-content\/uploads\/2024\/09\/2024-NDWCC-Banner-768x181.png 768w, https:\/\/tridentnewspaper.com\/wp-content\/uploads\/2024\/09\/2024-NDWCC-Banner-1536x362.png 1536w, https:\/\/tridentnewspaper.com\/wp-content\/uploads\/2024\/09\/2024-NDWCC-Banner-18x4.png 18w, https:\/\/tridentnewspaper.com\/wp-content\/uploads\/2024\/09\/2024-NDWCC-Banner-431x102.png 431w, https:\/\/tridentnewspaper.com\/wp-content\/uploads\/2024\/09\/2024-NDWCC-Banner-862x203.png 862w, https:\/\/tridentnewspaper.com\/wp-content\/uploads\/2024\/09\/2024-NDWCC-Banner.png 1736w\" sizes=\"(max-width: 810px) 100vw, 810px\" \/><\/p>\n<h5 style=\"text-align: center;\"><span style=\"color: #333399;\"><span style=\"text-decoration: underline;\"><i><a href=\"https:\/\/Tridentnewspaper.com\/ndwcc2024\"><u>Page d\u2019accueil de la CCMTDN<\/u><\/a><\/i><\/span><i>\u00a0 \u00a0 \u00a0 \u00a0\u00a0<\/i><span style=\"text-decoration: underline;\"><i><a href=\"https:\/\/tridentnewspaper.com\/fr\/ndwcc-2020\/ndwcc-coordination-team\/\">\u00c9quipe de coordination<\/a><\/i>\u00a0<\/span>\u00a0\u00a0 \u00a0 \u00a0\u00a0<a href=\"https:\/\/tridentnewspaper.com\/fr\/ndwcc-2020\/ndwcc-qa\/\"><span style=\"text-decoration: underline;\"><i>FAQ<\/i><\/span><\/a>\u00a0 \u00a0 \u00a0 \u00a0\u00a0<a href=\"https:\/\/tridentnewspaper.com\/fr\/ndwcc-2020\/ndwcc-resources\/\"><span style=\"text-decoration: underline;\"><em>Ressources<\/em><\/span><\/a><i><br \/>\n<\/i><em><a href=\"https:\/\/tridentnewspaper.com\/fr\/ndwcc-eventsinitiatives\/\"><span style=\"text-decoration: underline;\">Activit\u00e9s\/Initiatives<\/span><\/a>\u00a0 \u00a0<\/em> \u00a0 \u00a0\u00a0<\/span><span style=\"color: #333399;\"><a href=\"https:\/\/tridentnewspaper.com\/fr\/ndwcc-articles\/\"><span style=\"text-decoration: underline;\"><i>Articles et vid\u00e9os<\/i><\/span>\u00a0\u00a0<\/a>\u00a0 \u00a0 \u00a0\u00a0<a href=\"https:\/\/tridentnewspaper.com\/fr\/ndwcc-recognition\/\"><span style=\"text-decoration: underline;\"><i>Reconnaissance<\/i><\/span><\/a>\u00a0 \u00a0 \u00a0 \u00a0\u00a0<a href=\"https:\/\/tridentnewspaper.com\/fr\/ndwcc2020\/ndwcc-get-involved\/\"><span style=\"text-decoration: underline;\"><i>Impliquez-vous<\/i><\/span><\/a><\/span><\/h5>\n<hr \/>\n<h3 style=\"text-align: left;\"><span style=\"color: #800000;\"><b>Activit\u00e9s\/Initiatives\u00a0<\/b><\/span><\/h3>\n<hr \/>\n<p><span style=\"background-color: #fdf2d0;\"><strong>La salle d\u2019\u00e9vasion dernier adieu de la CCMTDN<\/strong><\/span><\/p>\n<p><strong>Du 12\u00a0novembre au 18\u00a0d\u00e9cembre<\/strong><\/p>\n<p><strong>Quand : <\/strong>du 12 novembre au 18\u00a0d\u00e9cembre (3 jeux par jour)<br \/>\n<strong>O\u00f9 : <\/strong>La biblioth\u00e8que militaire Cambridge (5460 Royal Artillery Ct., Halifax)<\/p>\n<p style=\"font-weight: 400;\">La salle d\u2019\u00e9vasion de la CCMTDN est de retour cette ann\u00e9e \u00e0 un nouvel endroit, sous un nouveau th\u00e8me et avec de nouvelles \u00e9nigmes!<\/p>\n<p style=\"font-weight: 400;\">Trois jeux par jour, \u00e9quipes de 8* personnes, 20 $ par personne. Les jeux auront lieu du lundi au vendredi, \u00e0 9 h, \u00e0 11 h et \u00e0 14 h (1 heure par jeu). Envoyez un courriel \u00e0 <a href=\"mailto:Joseph.Abando@forces.gc.ca\">Joseph.Abando@forces.gc.ca<\/a>, <a href=\"mailto:Leah.Coughlin@forces.gc.ca\">Leah.Coughlin@forces.gc.ca<\/a> et <a href=\"mailto:Kathryn.Gatien@forces.gc.ca\">Kathryn.Gatien@forces.gc.ca<\/a> pour r\u00e9server!<\/p>\n<p style=\"font-weight: 400;\"><em>*Si votre \u00e9quipe compte moins de huit (8) personnes, vous pouvez tout de m\u00eame soumettre vos noms, car il est possible de s\u2019associer \u00e0 une autre petite \u00e9quipe. Les personnes n\u2019appartenant pas \u00e0 l\u2019\u00c9quipe de D\u00e9fense (famille, amis) et \u00e2g\u00e9es de plus de 18 ans sont les bienvenues.\u00a0<\/em><\/p>\n<p>****<br \/>\n<span style=\"background-color: #fdf2d0;\"><strong>Tirage au sort d\u2019un maillot des Mooseheads<\/strong><\/span><\/p>\n<p style=\"font-weight: 400;\"><strong>Du 2 au 12 d\u00e9cembre<\/strong><\/p>\n<p style=\"font-weight: 400;\">Un maillot* des Mooseheads d\u2019Halifax, en nombre limit\u00e9 et aux couleurs des Forces arm\u00e9es canadiennes, sera tir\u00e9 au sort le 13 d\u00e9cembre au profit de la CCMTDN 2024 de la r\u00e9gion d\u2019Halifax et de Shearwater. Les billets seront en vente de 11 h \u00e0 13 h, aux endroits suivants :<\/p>\n<ul style=\"font-weight: 400;\">\n<li><strong>Lundi 9 d\u00e9cembre :<\/strong>\u00a0\u00c0 l\u2019ext\u00e9rieur de la cuisine de la tour Tribute (B\u00e2timent S-117)<\/li>\n<li><strong>Mardi 10 d\u00e9cembre :<\/strong>\u00a02e \u00e9tage du Quartier g\u00e9n\u00e9ral de la base (B\u00e2timent S-90) pr\u00e8s des ascenseurs<\/li>\n<li><strong>Mercredi 11 d\u00e9cembre :<\/strong>\u00a0Entr\u00e9e principale de l\u2019Installation de maintenance de la Flotte (B\u00e2timent D-200)<\/li>\n<li><strong>Jeudi 12 d\u00e9cembre :<\/strong>\u00a0\u00c0 l\u2019ext\u00e9rieur de la cuisine de la tour Tribute (B\u00e2timent S-117)<\/li>\n<\/ul>\n<p style=\"font-weight: 400;\"><u>Nouveau lieu de vente de billets<\/u><\/p>\n<p style=\"font-weight: 400;\"><strong>Du 9 au 11 d\u00e9cembre :\u00a0<\/strong>QG de Shearwater (SH-251)<\/p>\n<p style=\"font-weight: 400;\">Communiquez avec la Capt MacNeil \u00e0\u00a0<a href=\"mailto:Christine.macneil@forces.gc.ca\">Christine.macneil@forces.gc.ca<\/a>\u00a0ou au 902-720-1996 pour acheter des billets.<\/p>\n<p style=\"font-weight: 400;\">1 billet de tirage pour 5 $ ou 3 billets pour 10 $<\/p>\n<p style=\"font-weight: 400;\">Remarque : Argent comptant seulement.<\/p>\n<p style=\"font-weight: 400;\">*Il s\u2019agit du m\u00eame mod\u00e8le de maillot que celui port\u00e9 lors du match de reconnaissance envers le MDN des Mooseheads d\u2019Halifax le 9 novembre 2024, mais il ne s\u2019agit pas d\u2019un maillot qui a \u00e9t\u00e9 port\u00e9 pendant le match.<\/p>\n<p>****<\/p>\n<p style=\"font-weight: 400;\"><span style=\"background-color: #fdf2d0;\"><strong>Journ\u00e9es \u00ab Tenue d\u00e9contract\u00e9e \u00bb <\/strong><\/span><\/p>\n<p style=\"font-weight: 400;\"><strong>Du 9 au 20 d\u00e9cembre<\/strong><\/p>\n<p style=\"font-weight: 400;\">Les membres des Forces arm\u00e9es canadiennes de la r\u00e9gion peuvent porter une tenue civile sous r\u00e9serve de l\u2019approbation de la cha\u00eene de commandement, moyennant un don de 2 $ par jour ou de 10 $ par semaine au profit de la CCMTDN. Les Journ\u00e9es \u00ab Tenue d\u00e9contract\u00e9e \u00bb ne sont autoris\u00e9es que pour les unit\u00e9s \u00e0 terre.  Les NCSM ne sont pas autoris\u00e9s \u00e0 y participer, car les \u00e9quipages doivent \u00eatre pr\u00eats \u00e0 intervenir en cas d\u2019urgence pendant les heures de travail.  La s\u00e9curit\u00e9 du personnel et les engagements militaires doivent demeurer les premiers \u00e9l\u00e9ments \u00e0 prendre en consid\u00e9ration avant d\u2019autoriser le personnel \u00e0 porter une tenue civile. Les fonds recueillis gr\u00e2ce \u00e0 ces journ\u00e9es doivent \u00eatre remis aux repr\u00e9sentants de la CCMTDN charg\u00e9s de les recueillir et de les soumettre au tr\u00e9sorier r\u00e9gional. Aucun re\u00e7u ne sera remis aux fins de l\u2019imp\u00f4t.  D\u00e9tails (HALGEN).<a href=\"http:\/\/msg-server.marlant.halifax.dnd.ca\/messages\/halgen\/2024331000355.html\" data-saferedirecturl=\"https:\/\/www.google.com\/url?q=http:\/\/msg-server.marlant.halifax.dnd.ca\/messages\/halgen\/2024331000355.html&amp;source=gmail&amp;ust=1733339219444000&amp;usg=AOvVaw3q74PzYCcM6Y7VtQtM2Scl\">HALGEN)<\/a>.<\/p>\n<p>****<br \/>\n<span style=\"background-color: #fdf2d0;\"><strong>Journ\u00e9e de jeux de soci\u00e9t\u00e9 et de bonspiels de la CCMTDN des Services d\u2019information de la base<\/strong><\/span><\/p>\n<p style=\"font-weight: 400;\"><strong>Le 6 f\u00e9vrier 2025<\/strong><\/p>\n<p style=\"font-weight: 400;\">Joignez-vous aux Services d\u2019information de la base pour participer \u00e0 une journ\u00e9e amusante de jeux de soci\u00e9t\u00e9 et de curling au Club de curling de la BFC Halifax \u00e0 l\u2019appui de la CCMTDN. Aucune exp\u00e9rience n\u00e9cessaire. Maximum de 12 \u00e9quipes de quatre (48 curleurs). Envoyez un courriel au Lt Adams \u00e0\u00a0<a href=\"mailto:connor.adams@forces.gc.ca\">connor.adams@forces.gc.ca<\/a>\u00a0au plus tard le 16 janvier pour r\u00e9server votre place.<\/p>\n<p style=\"font-weight: 400;\"><strong>Quand : \u00a0\u00a0\u00a0\u00a0\u00a0\u00a0\u00a0\u00a0\u00a0\u00a0\u00a0\u00a0\u00a0\u00a0\u00a0\u00a0<\/strong>\u00a0le 6 f\u00e9vrier de 8 h \u00e0 15 h<\/p>\n<p style=\"font-weight: 400;\"><strong>O\u00f9 : \u00a0\u00a0\u00a0\u00a0\u00a0\u00a0\u00a0\u00a0\u00a0\u00a0\u00a0\u00a0\u00a0\u00a0\u00a0<\/strong>Club de curling de la BFC Halifax (6441 Hawk Terrace)<\/p>\n<p style=\"font-weight: 400;\">20 $ par billet (comprend la nourriture et le curling\/jeu de soci\u00e9t\u00e9) Des boissons seront vendues sur place.<\/p>\n<p style=\"font-weight: 400;\">Tous les participants doivent signer une d\u00e9charge avant d\u2019entrer dans le hangar de fabrication de la glace. Cette d\u00e9charge peut \u00eatre remplie \u00e0 l\u2019avance ou le jour m\u00eame.<\/p>\n<p>****<\/p>\n<p><span style=\"background-color: #fdf2d0;\"><strong>Tirage-Voyage de la CCMTDN<\/strong><\/span><\/p>\n<p><strong>Le 20 f\u00e9vrier 2025<\/strong><\/p>\n<p style=\"font-weight: 400;\">Les membres de l\u2019\u00c9quipe de la D\u00e9fense locale et leurs invit\u00e9s (\u00e2g\u00e9s de 19 ans et plus) sont invit\u00e9s \u00e0 l\u2019activit\u00e9 tirage-voyage le 20 f\u00e9vrier 2024, de 19 h \u00e0 23 h, \u00e0 la tour Juno, en appui de la Campagne de charit\u00e9 en milieu de travail de la D\u00e9fense nationale (CCMTDN)! Tout comme la f\u00eate Valise-Voyage de l\u2019an dernier, il s\u2019agira de la derni\u00e8re activit\u00e9 organis\u00e9e dans le cadre de la campagne de l\u2019automne 2024.<\/p>\n<p style=\"font-weight: 400;\">Si vous r\u00eavez d\u2019une escapade, achetez un billet pour cette activit\u00e9 de la CCMTDN ayant pour th\u00e8me le voyage et courez la chance de gagner une carte de voyage d\u2019une valeur de 5 000 $ offerte par Vacances Air Canada, commanditaire des PSP d\u2019Halifax!<\/p>\n<p style=\"font-weight: 400;\">Le prix du billet est de 25 $ (donnant droit \u00e0 un repas, une boisson gratuite et un cadeau souvenir).<\/p>\n<p style=\"font-weight: 400;\">Les billets en vente du lundi au vendredi aux endroits suivants :<\/p>\n<ul style=\"font-weight: 400;\">\n<li>Bureau du MCU des Services Log B, B\u00e2timent D155<\/li>\n<li>B\u00e2timent D-201, QG FMAR(A), bureau 602<\/li>\n<li>Services g\u00e9n\u00e9raux des PSP, B\u00e2timent S-90, salle 130<\/li>\n<li>Salle des rapports de la base, B\u00e2timent S-90, salle 215<\/li>\n<li>QG 12e Escadre, B\u00e2timent SH-251, salle 230<\/li>\n<\/ul>\n<p style=\"font-weight: 400;\">Pour en savoir plus :\u00a0<a href=\"https:\/\/cfmws.ca\/halifax\/in-your-community\/cfb-halifax-ndwcc-travel-party\" data-saferedirecturl=\"https:\/\/www.google.com\/url?q=https:\/\/cfmws.ca\/halifax\/in-your-community\/cfb-halifax-ndwcc-travel-party&amp;source=gmail&amp;ust=1733339219445000&amp;usg=AOvVaw3cmmqFNoLNFoUn84Deyuju\">https:\/\/cfmws.ca\/halifax\/in-your-community\/cfb-halifax-ndwcc-travel-party<\/a><\/p>\n<p>&nbsp;<\/p>","protected":false},"excerpt":{"rendered":"<p>NDWCC Home\u00a0 \u00a0 \u00a0 \u00a0\u00a0Coordination Team\u00a0\u00a0\u00a0 \u00a0 \u00a0\u00a0Q&amp;A\u00a0 \u00a0 \u00a0 \u00a0\u00a0Resources Events\/Initiatives\u00a0 \u00a0 \u00a0 \u00a0\u00a0Articles &amp; Video\u00a0\u00a0\u00a0 \u00a0 \u00a0\u00a0Recognition\u00a0 \u00a0 \u00a0 \u00a0\u00a0Get Involved Events\/Initiatives\u00a0 NDWCC Final Farewell Escape Room November 12 \u2013 December 18 When: November 12-December 18 (3 games per day) Where: Cambridge Military Library (5460 Royal Artillery Ct., [&hellip;]<\/p>","protected":false},"author":2,"featured_media":0,"parent":5453,"menu_order":0,"comment_status":"closed","ping_status":"closed","template":"","meta":{"_monsterinsights_skip_tracking":false,"_monsterinsights_sitenote_active":false,"_monsterinsights_sitenote_note":"","_monsterinsights_sitenote_category":0,"jetpack_post_was_ever_published":false,"footnotes":""},"yoast_head":"<!-- This site is optimized with the Yoast SEO plugin v22.6 - https:\/\/yoast.com\/wordpress\/plugins\/seo\/ -->\n<title>Events\/Initiatives | Activit\u00e9s\/Initiatives | Trident Newspaper<\/title>\n<meta name=\"robots\" content=\"index, follow, max-snippet:-1, max-image-preview:large, max-video-preview:-1\" \/>\n<link rel=\"canonical\" href=\"https:\/\/tridentnewspaper.com\/fr\/ndwcc2024\/ndwcc-eventsinitiatives\/\" \/>\n<meta property=\"og:locale\" content=\"fr_CA\" \/>\n<meta property=\"og:type\" content=\"article\" \/>\n<meta property=\"og:title\" content=\"Events\/Initiatives | Activit\u00e9s\/Initiatives | Trident Newspaper\" \/>\n<meta property=\"og:description\" content=\"NDWCC Home\u00a0 \u00a0 \u00a0 \u00a0\u00a0Coordination Team\u00a0\u00a0\u00a0 \u00a0 \u00a0\u00a0Q&amp;A\u00a0 \u00a0 \u00a0 \u00a0\u00a0Resources Events\/Initiatives\u00a0 \u00a0 \u00a0 \u00a0\u00a0Articles &amp; Video\u00a0\u00a0\u00a0 \u00a0 \u00a0\u00a0Recognition\u00a0 \u00a0 \u00a0 \u00a0\u00a0Get Involved Events\/Initiatives\u00a0 NDWCC Final Farewell Escape Room November 12 \u2013 December 18 When: November 12-December 18 (3 games per day) Where: Cambridge Military Library (5460 Royal Artillery Ct., [&hellip;]\" \/>\n<meta property=\"og:url\" content=\"https:\/\/tridentnewspaper.com\/fr\/ndwcc2024\/ndwcc-eventsinitiatives\/\" \/>\n<meta property=\"og:site_name\" content=\"Trident Newspaper\" \/>\n<meta property=\"article:publisher\" content=\"https:\/\/www.facebook.com\/Trident-News-202801813483\/\" \/>\n<meta property=\"article:modified_time\" content=\"2024-12-10T15:44:49+00:00\" \/>\n<meta property=\"og:image\" content=\"https:\/\/tridentnewspaper.com\/wp-content\/uploads\/2024\/09\/2024-NDWCC-Banner-1024x241.png\" \/>\n<meta name=\"twitter:card\" content=\"summary_large_image\" \/>\n<meta name=\"twitter:site\" content=\"@trident_news\" \/>\n<meta name=\"twitter:label1\" content=\"Estimation du temps de lecture\" \/>\n\t<meta name=\"twitter:data1\" content=\"3 minutes\" \/>\n<script type=\"application\/ld+json\" class=\"yoast-schema-graph\">{\"@context\":\"https:\/\/schema.org\",\"@graph\":[{\"@type\":\"WebPage\",\"@id\":\"https:\/\/tridentnewspaper.com\/ndwcc2024\/ndwcc-eventsinitiatives\/\",\"url\":\"https:\/\/tridentnewspaper.com\/ndwcc2024\/ndwcc-eventsinitiatives\/\",\"name\":\"Events\/Initiatives | Activit\u00e9s\/Initiatives | Trident Newspaper\",\"isPartOf\":{\"@id\":\"https:\/\/tridentnewspaper.com\/#website\"},\"primaryImageOfPage\":{\"@id\":\"https:\/\/tridentnewspaper.com\/ndwcc2024\/ndwcc-eventsinitiatives\/#primaryimage\"},\"image\":{\"@id\":\"https:\/\/tridentnewspaper.com\/ndwcc2024\/ndwcc-eventsinitiatives\/#primaryimage\"},\"thumbnailUrl\":\"https:\/\/tridentnewspaper.com\/wp-content\/uploads\/2024\/09\/2024-NDWCC-Banner-1024x241.png\",\"datePublished\":\"2020-09-25T11:38:25+00:00\",\"dateModified\":\"2024-12-10T15:44:49+00:00\",\"breadcrumb\":{\"@id\":\"https:\/\/tridentnewspaper.com\/ndwcc2024\/ndwcc-eventsinitiatives\/#breadcrumb\"},\"inLanguage\":\"fr-CA\",\"potentialAction\":[{\"@type\":\"ReadAction\",\"target\":[\"https:\/\/tridentnewspaper.com\/ndwcc2024\/ndwcc-eventsinitiatives\/\"]}]},{\"@type\":\"ImageObject\",\"inLanguage\":\"fr-CA\",\"@id\":\"https:\/\/tridentnewspaper.com\/ndwcc2024\/ndwcc-eventsinitiatives\/#primaryimage\",\"url\":\"https:\/\/tridentnewspaper.com\/wp-content\/uploads\/2024\/09\/2024-NDWCC-Banner-1024x241.png\",\"contentUrl\":\"https:\/\/tridentnewspaper.com\/wp-content\/uploads\/2024\/09\/2024-NDWCC-Banner-1024x241.png\"},{\"@type\":\"BreadcrumbList\",\"@id\":\"https:\/\/tridentnewspaper.com\/ndwcc2024\/ndwcc-eventsinitiatives\/#breadcrumb\",\"itemListElement\":[{\"@type\":\"ListItem\",\"position\":1,\"name\":\"Home\",\"item\":\"https:\/\/tridentnewspaper.com\/\"},{\"@type\":\"ListItem\",\"position\":2,\"name\":\"NDWCC 2024\",\"item\":\"https:\/\/tridentnewspaper.com\/ndwcc2024\/\"},{\"@type\":\"ListItem\",\"position\":3,\"name\":\"Events\/Initiatives | Activit\u00e9s\/Initiatives\"}]},{\"@type\":\"WebSite\",\"@id\":\"https:\/\/tridentnewspaper.com\/#website\",\"url\":\"https:\/\/tridentnewspaper.com\/\",\"name\":\"Trident Newspaper\",\"description\":\"CFB Halifax Trident Navy Newspaper\",\"publisher\":{\"@id\":\"https:\/\/tridentnewspaper.com\/#organization\"},\"potentialAction\":[{\"@type\":\"SearchAction\",\"target\":{\"@type\":\"EntryPoint\",\"urlTemplate\":\"https:\/\/tridentnewspaper.com\/?s={search_term_string}\"},\"query-input\":\"required name=search_term_string\"}],\"inLanguage\":\"fr-CA\"},{\"@type\":\"Organization\",\"@id\":\"https:\/\/tridentnewspaper.com\/#organization\",\"name\":\"Trident Newspaper\",\"url\":\"https:\/\/tridentnewspaper.com\/\",\"logo\":{\"@type\":\"ImageObject\",\"inLanguage\":\"fr-CA\",\"@id\":\"https:\/\/tridentnewspaper.com\/#\/schema\/logo\/image\/\",\"url\":\"https:\/\/tridentnewspaper.com\/wp-content\/uploads\/2017\/01\/Trident_Masthead_New_med.png\",\"contentUrl\":\"https:\/\/tridentnewspaper.com\/wp-content\/uploads\/2017\/01\/Trident_Masthead_New_med.png\",\"width\":719,\"height\":181,\"caption\":\"Trident Newspaper\"},\"image\":{\"@id\":\"https:\/\/tridentnewspaper.com\/#\/schema\/logo\/image\/\"},\"sameAs\":[\"https:\/\/www.facebook.com\/Trident-News-202801813483\/\",\"https:\/\/x.com\/trident_news\"]}]}<\/script>\n<!-- \/ Yoast SEO plugin. -->","yoast_head_json":{"title":"Events\/Initiatives | Activit\u00e9s\/Initiatives | Trident Newspaper","robots":{"index":"index","follow":"follow","max-snippet":"max-snippet:-1","max-image-preview":"max-image-preview:large","max-video-preview":"max-video-preview:-1"},"canonical":"https:\/\/tridentnewspaper.com\/fr\/ndwcc2024\/ndwcc-eventsinitiatives\/","og_locale":"fr_CA","og_type":"article","og_title":"Events\/Initiatives | Activit\u00e9s\/Initiatives | Trident Newspaper","og_description":"NDWCC Home\u00a0 \u00a0 \u00a0 \u00a0\u00a0Coordination Team\u00a0\u00a0\u00a0 \u00a0 \u00a0\u00a0Q&amp;A\u00a0 \u00a0 \u00a0 \u00a0\u00a0Resources Events\/Initiatives\u00a0 \u00a0 \u00a0 \u00a0\u00a0Articles &amp; Video\u00a0\u00a0\u00a0 \u00a0 \u00a0\u00a0Recognition\u00a0 \u00a0 \u00a0 \u00a0\u00a0Get Involved Events\/Initiatives\u00a0 NDWCC Final Farewell Escape Room November 12 \u2013 December 18 When: November 12-December 18 (3 games per day) Where: Cambridge Military Library (5460 Royal Artillery Ct., [&hellip;]","og_url":"https:\/\/tridentnewspaper.com\/fr\/ndwcc2024\/ndwcc-eventsinitiatives\/","og_site_name":"Trident Newspaper","article_publisher":"https:\/\/www.facebook.com\/Trident-News-202801813483\/","article_modified_time":"2024-12-10T15:44:49+00:00","og_image":[{"url":"https:\/\/tridentnewspaper.com\/wp-content\/uploads\/2024\/09\/2024-NDWCC-Banner-1024x241.png"}],"twitter_card":"summary_large_image","twitter_site":"@trident_news","twitter_misc":{"Estimation du temps de lecture":"3 minutes"},"schema":{"@context":"https:\/\/schema.org","@graph":[{"@type":"WebPage","@id":"https:\/\/tridentnewspaper.com\/ndwcc2024\/ndwcc-eventsinitiatives\/","url":"https:\/\/tridentnewspaper.com\/ndwcc2024\/ndwcc-eventsinitiatives\/","name":"Events\/Initiatives | Activit\u00e9s\/Initiatives | Trident Newspaper","isPartOf":{"@id":"https:\/\/tridentnewspaper.com\/#website"},"primaryImageOfPage":{"@id":"https:\/\/tridentnewspaper.com\/ndwcc2024\/ndwcc-eventsinitiatives\/#primaryimage"},"image":{"@id":"https:\/\/tridentnewspaper.com\/ndwcc2024\/ndwcc-eventsinitiatives\/#primaryimage"},"thumbnailUrl":"https:\/\/tridentnewspaper.com\/wp-content\/uploads\/2024\/09\/2024-NDWCC-Banner-1024x241.png","datePublished":"2020-09-25T11:38:25+00:00","dateModified":"2024-12-10T15:44:49+00:00","breadcrumb":{"@id":"https:\/\/tridentnewspaper.com\/ndwcc2024\/ndwcc-eventsinitiatives\/#breadcrumb"},"inLanguage":"fr-CA","potentialAction":[{"@type":"ReadAction","target":["https:\/\/tridentnewspaper.com\/ndwcc2024\/ndwcc-eventsinitiatives\/"]}]},{"@type":"ImageObject","inLanguage":"fr-CA","@id":"https:\/\/tridentnewspaper.com\/ndwcc2024\/ndwcc-eventsinitiatives\/#primaryimage","url":"https:\/\/tridentnewspaper.com\/wp-content\/uploads\/2024\/09\/2024-NDWCC-Banner-1024x241.png","contentUrl":"https:\/\/tridentnewspaper.com\/wp-content\/uploads\/2024\/09\/2024-NDWCC-Banner-1024x241.png"},{"@type":"BreadcrumbList","@id":"https:\/\/tridentnewspaper.com\/ndwcc2024\/ndwcc-eventsinitiatives\/#breadcrumb","itemListElement":[{"@type":"ListItem","position":1,"name":"Home","item":"https:\/\/tridentnewspaper.com\/"},{"@type":"ListItem","position":2,"name":"NDWCC 2024","item":"https:\/\/tridentnewspaper.com\/ndwcc2024\/"},{"@type":"ListItem","position":3,"name":"Events\/Initiatives | Activit\u00e9s\/Initiatives"}]},{"@type":"WebSite","@id":"https:\/\/tridentnewspaper.com\/#website","url":"https:\/\/tridentnewspaper.com\/","name":"Trident Newspaper","description":"CFB Halifax Trident Navy Newspaper","publisher":{"@id":"https:\/\/tridentnewspaper.com\/#organization"},"potentialAction":[{"@type":"SearchAction","target":{"@type":"EntryPoint","urlTemplate":"https:\/\/tridentnewspaper.com\/?s={search_term_string}"},"query-input":"required name=search_term_string"}],"inLanguage":"fr-CA"},{"@type":"Organization","@id":"https:\/\/tridentnewspaper.com\/#organization","name":"Trident Newspaper","url":"https:\/\/tridentnewspaper.com\/","logo":{"@type":"ImageObject","inLanguage":"fr-CA","@id":"https:\/\/tridentnewspaper.com\/#\/schema\/logo\/image\/","url":"https:\/\/tridentnewspaper.com\/wp-content\/uploads\/2017\/01\/Trident_Masthead_New_med.png","contentUrl":"https:\/\/tridentnewspaper.com\/wp-content\/uploads\/2017\/01\/Trident_Masthead_New_med.png","width":719,"height":181,"caption":"Trident Newspaper"},"image":{"@id":"https:\/\/tridentnewspaper.com\/#\/schema\/logo\/image\/"},"sameAs":["https:\/\/www.facebook.com\/Trident-News-202801813483\/","https:\/\/x.com\/trident_news"]}]}},"jetpack_sharing_enabled":true,"jetpack_shortlink":"https:\/\/wp.me\/P8oCsG-1qc","_links":{"self":[{"href":"https:\/\/tridentnewspaper.com\/fr\/wp-json\/wp\/v2\/pages\/5468"}],"collection":[{"href":"https:\/\/tridentnewspaper.com\/fr\/wp-json\/wp\/v2\/pages"}],"about":[{"href":"https:\/\/tridentnewspaper.com\/fr\/wp-json\/wp\/v2\/types\/page"}],"author":[{"embeddable":true,"href":"https:\/\/tridentnewspaper.com\/fr\/wp-json\/wp\/v2\/users\/2"}],"replies":[{"embeddable":true,"href":"https:\/\/tridentnewspaper.com\/fr\/wp-json\/wp\/v2\/comments?post=5468"}],"version-history":[{"count":124,"href":"https:\/\/tridentnewspaper.com\/fr\/wp-json\/wp\/v2\/pages\/5468\/revisions"}],"predecessor-version":[{"id":13970,"href":"https:\/\/tridentnewspaper.com\/fr\/wp-json\/wp\/v2\/pages\/5468\/revisions\/13970"}],"up":[{"embeddable":true,"href":"https:\/\/tridentnewspaper.com\/fr\/wp-json\/wp\/v2\/pages\/5453"}],"wp:attachment":[{"href":"https:\/\/tridentnewspaper.com\/fr\/wp-json\/wp\/v2\/media?parent=5468"}],"curies":[{"name":"wp","href":"https:\/\/api.w.org\/{rel}","templated":true}]}}