{"id":29,"date":"2017-01-31T19:24:57","date_gmt":"2017-02-01T03:24:57","guid":{"rendered":"https:\/\/tridentnewspaper.com\/?page_id=29"},"modified":"2025-11-05T09:34:03","modified_gmt":"2025-11-05T13:34:03","slug":"advertise","status":"publish","type":"page","link":"https:\/\/tridentnewspaper.com\/fr\/advertise\/","title":{"rendered":"Publicit\u00e9"},"content":{"rendered":"<p>Le journal militaire Trident, acclam\u00e9 \u00e0 l'\u00e9chelle nationale, apporte les derni\u00e8res nouvelles de la marine de la c\u00f4te Est au personnel militaire de la r\u00e9gion d'Halifax depuis 1966. Ses pages sont remplies d'articles d'actualit\u00e9 concernant les op\u00e9rations nationales et de d\u00e9ploiement des Forces arm\u00e9es canadiennes, ainsi que de chroniques sur les sports, les loisirs et la sant\u00e9 destin\u00e9es aux militaires, aux anciens combattants et aux familles des militaires.<\/p>\n<p>Trident est largement lu au sein de la BFC Halifax, de la 12e Escadre Shearwater et de la communaut\u00e9 locale de la d\u00e9fense.<\/p>\n<p>Trident Publications est une division des Programmes de soutien au personnel (PSP) de la Base des Forces canadiennes Halifax.<\/p>\n<p><strong>BASE DES FORCES CANADIENNES DE HALIFAX<\/strong><\/p>\n<ul>\n<li>Membres de la force r\u00e9guli\u00e8re: 6,593<\/li>\n<li>Membres de la force de r\u00e9serve : 2,743<\/li>\n<li>Employ\u00e9s civils du MDN : 4,000<\/li>\n<li>Conjoints de militaires : 4,854<\/li>\n<li>Personnes \u00e0 charge des militaires : 16,363<\/li>\n<li>Militaires retrait\u00e9s et famille : 71 000 TOTAL : 105 553<strong><br \/>\nventes de publicit\u00e9<\/strong><br \/>\nPeter McNeil<br \/>\nT:\u00a0 (902) 721-8553<br \/>\n<a href=\"mailto:Peter.McNeil@forces.gc.ca\">Peter.McNeil@forces.gc.ca<\/a><\/li>\n<\/ul>\n<hr \/>\n<p><img loading=\"lazy\" decoding=\"async\" class=\"wp-image-15565 alignleft\" src=\"https:\/\/tridentnewspaper.com\/wp-content\/uploads\/2025\/11\/Screenshot_5-11-2025_53229_tridentnewspaper.com_.jpeg\" alt=\"\" width=\"171\" height=\"223\" srcset=\"https:\/\/tridentnewspaper.com\/wp-content\/uploads\/2025\/11\/Screenshot_5-11-2025_53229_tridentnewspaper.com_.jpeg 606w, https:\/\/tridentnewspaper.com\/wp-content\/uploads\/2025\/11\/Screenshot_5-11-2025_53229_tridentnewspaper.com_-230x300.jpeg 230w, https:\/\/tridentnewspaper.com\/wp-content\/uploads\/2025\/11\/Screenshot_5-11-2025_53229_tridentnewspaper.com_-9x12.jpeg 9w, https:\/\/tridentnewspaper.com\/wp-content\/uploads\/2025\/11\/Screenshot_5-11-2025_53229_tridentnewspaper.com_-431x562.jpeg 431w\" sizes=\"(max-width: 171px) 100vw, 171px\" \/><\/p>\n<h3><\/h3>\n<h3><\/h3>\n<h4><a href=\"https:\/\/tridentnewspaper.com\/wp-content\/uploads\/2025\/07\/TridentSalesSheet_2025.pdf\"><strong>\u00a0TridentNewspaper.com - guide des prix (en anglais seulement)<\/strong><\/a><\/h4>\n<ul>\n<li>Une ressource en ligne pour les mises \u00e0 jour et les informations importantes de la BFC Halifax.<\/li>\n<li>5,000 + visitors each month<\/li>\n<li>Nouveau contenu publi\u00e9 chaque jour + \u00e9ditions \u00e9lectroniques du Trident publi\u00e9es toutes les deux semaines.<\/li>\n<\/ul>\n<h3><\/h3>\n<h3><\/h3>\n<h3><\/h3>\n<h3><\/h3>\n<h3><\/h3>\n<h3><\/h3>\n<h3><\/h3>\n<p>&nbsp;<\/p>","protected":false},"excerpt":{"rendered":"<p>The nationally acclaimed Trident Military Newspaper has been bringing the latest in East Coast Navy news to military personnel in the Halifax area since 1966. Its pages are filled with current news items as they relate to the Canadian Armed Forces&#8217; domestic and deployed operations, and sports, recreation, and health-related [&hellip;]<\/p>","protected":false},"author":2,"featured_media":0,"parent":0,"menu_order":0,"comment_status":"closed","ping_status":"closed","template":"page-templates\/full-width.php","meta":{"_monsterinsights_skip_tracking":false,"_monsterinsights_sitenote_active":false,"_monsterinsights_sitenote_note":"","_monsterinsights_sitenote_category":0,"jetpack_post_was_ever_published":false,"footnotes":""},"yoast_head":"<!-- This site is optimized with the Yoast SEO plugin v22.6 - https:\/\/yoast.com\/wordpress\/plugins\/seo\/ -->\n<title>Advertise | Trident Newspaper<\/title>\n<meta name=\"robots\" content=\"index, follow, max-snippet:-1, max-image-preview:large, max-video-preview:-1\" \/>\n<link rel=\"canonical\" href=\"https:\/\/tridentnewspaper.com\/fr\/advertise\/\" \/>\n<meta property=\"og:locale\" content=\"fr_CA\" \/>\n<meta property=\"og:type\" content=\"article\" \/>\n<meta property=\"og:title\" content=\"Advertise | Trident Newspaper\" \/>\n<meta property=\"og:description\" content=\"The nationally acclaimed Trident Military Newspaper has been bringing the latest in East Coast Navy news to military personnel in the Halifax area since 1966. Its pages are filled with current news items as they relate to the Canadian Armed Forces&#8217; domestic and deployed operations, and sports, recreation, and health-related [&hellip;]\" \/>\n<meta property=\"og:url\" content=\"https:\/\/tridentnewspaper.com\/fr\/advertise\/\" \/>\n<meta property=\"og:site_name\" content=\"Trident Newspaper\" \/>\n<meta property=\"article:publisher\" content=\"https:\/\/www.facebook.com\/Trident-News-202801813483\/\" \/>\n<meta property=\"article:modified_time\" content=\"2025-11-05T13:34:03+00:00\" \/>\n<meta property=\"og:image\" content=\"https:\/\/tridentnewspaper.com\/wp-content\/uploads\/2025\/11\/Screenshot_5-11-2025_53229_tridentnewspaper.com_.jpeg\" \/>\n<meta name=\"twitter:card\" content=\"summary_large_image\" \/>\n<meta name=\"twitter:site\" content=\"@trident_news\" \/>\n<meta name=\"twitter:label1\" content=\"Estimation du temps de lecture\" \/>\n\t<meta name=\"twitter:data1\" content=\"1 minute\" \/>\n<script type=\"application\/ld+json\" class=\"yoast-schema-graph\">{\"@context\":\"https:\/\/schema.org\",\"@graph\":[{\"@type\":\"WebPage\",\"@id\":\"https:\/\/tridentnewspaper.com\/advertise\/\",\"url\":\"https:\/\/tridentnewspaper.com\/advertise\/\",\"name\":\"Advertise | Trident Newspaper\",\"isPartOf\":{\"@id\":\"https:\/\/tridentnewspaper.com\/#website\"},\"primaryImageOfPage\":{\"@id\":\"https:\/\/tridentnewspaper.com\/advertise\/#primaryimage\"},\"image\":{\"@id\":\"https:\/\/tridentnewspaper.com\/advertise\/#primaryimage\"},\"thumbnailUrl\":\"https:\/\/tridentnewspaper.com\/wp-content\/uploads\/2025\/11\/Screenshot_5-11-2025_53229_tridentnewspaper.com_.jpeg\",\"datePublished\":\"2017-02-01T03:24:57+00:00\",\"dateModified\":\"2025-11-05T13:34:03+00:00\",\"breadcrumb\":{\"@id\":\"https:\/\/tridentnewspaper.com\/advertise\/#breadcrumb\"},\"inLanguage\":\"fr-CA\",\"potentialAction\":[{\"@type\":\"ReadAction\",\"target\":[\"https:\/\/tridentnewspaper.com\/advertise\/\"]}]},{\"@type\":\"ImageObject\",\"inLanguage\":\"fr-CA\",\"@id\":\"https:\/\/tridentnewspaper.com\/advertise\/#primaryimage\",\"url\":\"https:\/\/tridentnewspaper.com\/wp-content\/uploads\/2025\/11\/Screenshot_5-11-2025_53229_tridentnewspaper.com_.jpeg\",\"contentUrl\":\"https:\/\/tridentnewspaper.com\/wp-content\/uploads\/2025\/11\/Screenshot_5-11-2025_53229_tridentnewspaper.com_.jpeg\"},{\"@type\":\"BreadcrumbList\",\"@id\":\"https:\/\/tridentnewspaper.com\/advertise\/#breadcrumb\",\"itemListElement\":[{\"@type\":\"ListItem\",\"position\":1,\"name\":\"Home\",\"item\":\"https:\/\/tridentnewspaper.com\/\"},{\"@type\":\"ListItem\",\"position\":2,\"name\":\"Advertise\"}]},{\"@type\":\"WebSite\",\"@id\":\"https:\/\/tridentnewspaper.com\/#website\",\"url\":\"https:\/\/tridentnewspaper.com\/\",\"name\":\"Trident Newspaper\",\"description\":\"CFB Halifax Trident Navy Newspaper\",\"publisher\":{\"@id\":\"https:\/\/tridentnewspaper.com\/#organization\"},\"potentialAction\":[{\"@type\":\"SearchAction\",\"target\":{\"@type\":\"EntryPoint\",\"urlTemplate\":\"https:\/\/tridentnewspaper.com\/?s={search_term_string}\"},\"query-input\":\"required name=search_term_string\"}],\"inLanguage\":\"fr-CA\"},{\"@type\":\"Organization\",\"@id\":\"https:\/\/tridentnewspaper.com\/#organization\",\"name\":\"Trident Newspaper\",\"url\":\"https:\/\/tridentnewspaper.com\/\",\"logo\":{\"@type\":\"ImageObject\",\"inLanguage\":\"fr-CA\",\"@id\":\"https:\/\/tridentnewspaper.com\/#\/schema\/logo\/image\/\",\"url\":\"https:\/\/tridentnewspaper.com\/wp-content\/uploads\/2017\/01\/Trident_Masthead_New_med.png\",\"contentUrl\":\"https:\/\/tridentnewspaper.com\/wp-content\/uploads\/2017\/01\/Trident_Masthead_New_med.png\",\"width\":719,\"height\":181,\"caption\":\"Trident Newspaper\"},\"image\":{\"@id\":\"https:\/\/tridentnewspaper.com\/#\/schema\/logo\/image\/\"},\"sameAs\":[\"https:\/\/www.facebook.com\/Trident-News-202801813483\/\",\"https:\/\/x.com\/trident_news\"]}]}<\/script>\n<!-- \/ Yoast SEO plugin. -->","yoast_head_json":{"title":"Advertise | Trident Newspaper","robots":{"index":"index","follow":"follow","max-snippet":"max-snippet:-1","max-image-preview":"max-image-preview:large","max-video-preview":"max-video-preview:-1"},"canonical":"https:\/\/tridentnewspaper.com\/fr\/advertise\/","og_locale":"fr_CA","og_type":"article","og_title":"Advertise | Trident Newspaper","og_description":"The nationally acclaimed Trident Military Newspaper has been bringing the latest in East Coast Navy news to military personnel in the Halifax area since 1966. Its pages are filled with current news items as they relate to the Canadian Armed Forces&#8217; domestic and deployed operations, and sports, recreation, and health-related [&hellip;]","og_url":"https:\/\/tridentnewspaper.com\/fr\/advertise\/","og_site_name":"Trident Newspaper","article_publisher":"https:\/\/www.facebook.com\/Trident-News-202801813483\/","article_modified_time":"2025-11-05T13:34:03+00:00","og_image":[{"url":"https:\/\/tridentnewspaper.com\/wp-content\/uploads\/2025\/11\/Screenshot_5-11-2025_53229_tridentnewspaper.com_.jpeg"}],"twitter_card":"summary_large_image","twitter_site":"@trident_news","twitter_misc":{"Estimation du temps de lecture":"1 minute"},"schema":{"@context":"https:\/\/schema.org","@graph":[{"@type":"WebPage","@id":"https:\/\/tridentnewspaper.com\/advertise\/","url":"https:\/\/tridentnewspaper.com\/advertise\/","name":"Advertise | Trident Newspaper","isPartOf":{"@id":"https:\/\/tridentnewspaper.com\/#website"},"primaryImageOfPage":{"@id":"https:\/\/tridentnewspaper.com\/advertise\/#primaryimage"},"image":{"@id":"https:\/\/tridentnewspaper.com\/advertise\/#primaryimage"},"thumbnailUrl":"https:\/\/tridentnewspaper.com\/wp-content\/uploads\/2025\/11\/Screenshot_5-11-2025_53229_tridentnewspaper.com_.jpeg","datePublished":"2017-02-01T03:24:57+00:00","dateModified":"2025-11-05T13:34:03+00:00","breadcrumb":{"@id":"https:\/\/tridentnewspaper.com\/advertise\/#breadcrumb"},"inLanguage":"fr-CA","potentialAction":[{"@type":"ReadAction","target":["https:\/\/tridentnewspaper.com\/advertise\/"]}]},{"@type":"ImageObject","inLanguage":"fr-CA","@id":"https:\/\/tridentnewspaper.com\/advertise\/#primaryimage","url":"https:\/\/tridentnewspaper.com\/wp-content\/uploads\/2025\/11\/Screenshot_5-11-2025_53229_tridentnewspaper.com_.jpeg","contentUrl":"https:\/\/tridentnewspaper.com\/wp-content\/uploads\/2025\/11\/Screenshot_5-11-2025_53229_tridentnewspaper.com_.jpeg"},{"@type":"BreadcrumbList","@id":"https:\/\/tridentnewspaper.com\/advertise\/#breadcrumb","itemListElement":[{"@type":"ListItem","position":1,"name":"Home","item":"https:\/\/tridentnewspaper.com\/"},{"@type":"ListItem","position":2,"name":"Advertise"}]},{"@type":"WebSite","@id":"https:\/\/tridentnewspaper.com\/#website","url":"https:\/\/tridentnewspaper.com\/","name":"Trident Newspaper","description":"CFB Halifax Trident Navy Newspaper","publisher":{"@id":"https:\/\/tridentnewspaper.com\/#organization"},"potentialAction":[{"@type":"SearchAction","target":{"@type":"EntryPoint","urlTemplate":"https:\/\/tridentnewspaper.com\/?s={search_term_string}"},"query-input":"required name=search_term_string"}],"inLanguage":"fr-CA"},{"@type":"Organization","@id":"https:\/\/tridentnewspaper.com\/#organization","name":"Trident Newspaper","url":"https:\/\/tridentnewspaper.com\/","logo":{"@type":"ImageObject","inLanguage":"fr-CA","@id":"https:\/\/tridentnewspaper.com\/#\/schema\/logo\/image\/","url":"https:\/\/tridentnewspaper.com\/wp-content\/uploads\/2017\/01\/Trident_Masthead_New_med.png","contentUrl":"https:\/\/tridentnewspaper.com\/wp-content\/uploads\/2017\/01\/Trident_Masthead_New_med.png","width":719,"height":181,"caption":"Trident Newspaper"},"image":{"@id":"https:\/\/tridentnewspaper.com\/#\/schema\/logo\/image\/"},"sameAs":["https:\/\/www.facebook.com\/Trident-News-202801813483\/","https:\/\/x.com\/trident_news"]}]}},"jetpack_sharing_enabled":true,"jetpack_shortlink":"https:\/\/wp.me\/P8oCsG-t","_links":{"self":[{"href":"https:\/\/tridentnewspaper.com\/fr\/wp-json\/wp\/v2\/pages\/29"}],"collection":[{"href":"https:\/\/tridentnewspaper.com\/fr\/wp-json\/wp\/v2\/pages"}],"about":[{"href":"https:\/\/tridentnewspaper.com\/fr\/wp-json\/wp\/v2\/types\/page"}],"author":[{"embeddable":true,"href":"https:\/\/tridentnewspaper.com\/fr\/wp-json\/wp\/v2\/users\/2"}],"replies":[{"embeddable":true,"href":"https:\/\/tridentnewspaper.com\/fr\/wp-json\/wp\/v2\/comments?post=29"}],"version-history":[{"count":50,"href":"https:\/\/tridentnewspaper.com\/fr\/wp-json\/wp\/v2\/pages\/29\/revisions"}],"predecessor-version":[{"id":15567,"href":"https:\/\/tridentnewspaper.com\/fr\/wp-json\/wp\/v2\/pages\/29\/revisions\/15567"}],"wp:attachment":[{"href":"https:\/\/tridentnewspaper.com\/fr\/wp-json\/wp\/v2\/media?parent=29"}],"curies":[{"name":"wp","href":"https:\/\/api.w.org\/{rel}","templated":true}]}}