{"id":23,"date":"2017-01-31T19:23:38","date_gmt":"2017-02-01T03:23:38","guid":{"rendered":"https:\/\/tridentnewspaper.com\/?page_id=23"},"modified":"2024-07-26T09:19:01","modified_gmt":"2024-07-26T12:19:01","slug":"about-a-propos-des","status":"publish","type":"page","link":"https:\/\/tridentnewspaper.com\/fr\/about-a-propos-des\/","title":{"rendered":"BFC Halifax"},"content":{"rendered":"<h3><img loading=\"lazy\" decoding=\"async\" class=\"size-full wp-image-8045 aligncenter\" src=\"https:\/\/tridentnewspaper.com\/wp-content\/uploads\/2022\/06\/CFBHalifaxpano.png\" alt=\"\" width=\"1138\" height=\"97\" srcset=\"https:\/\/tridentnewspaper.com\/wp-content\/uploads\/2022\/06\/CFBHalifaxpano.png 1138w, https:\/\/tridentnewspaper.com\/wp-content\/uploads\/2022\/06\/CFBHalifaxpano-300x26.png 300w, https:\/\/tridentnewspaper.com\/wp-content\/uploads\/2022\/06\/CFBHalifaxpano-1024x87.png 1024w, https:\/\/tridentnewspaper.com\/wp-content\/uploads\/2022\/06\/CFBHalifaxpano-768x65.png 768w, https:\/\/tridentnewspaper.com\/wp-content\/uploads\/2022\/06\/CFBHalifaxpano-650x55.png 650w\" sizes=\"(max-width: 1138px) 100vw, 1138px\" \/><\/h3>\n<p class=\" translation-block\"><em>Click here for English: <a href=\"https:\/\/tridentnewspaper.com\/about-a-propos-des\/\" target=\"_self\">Welcome to CFB Halifax<\/a><\/em><\/p>\n<h2><strong>Bienvenue \u00e0 la BFC Halifax<\/strong><\/h2>\n<p style=\"font-weight: 400;\">La Base des Forces canadiennes (BFC) Halifax abrite la Marine de la c\u00f4te Est du Canada et est la plus grande base militaire du pays par sa population. La BFC Halifax fournit des services administratifs, de logistique, de technologie de l\u2019information (TI) et des services \u00e0 la direction, en plus de services d\u2019op\u00e9rations portuaires et d\u2019urgence au personnel et aux unit\u00e9s de la formation des Forces maritimes de l\u2019Atlantique (FMAR[A]) et \u00e0 plus de 75 unit\u00e9s h\u00e9berg\u00e9es locales \u00e0 l\u2019appui des op\u00e9rations des Forces arm\u00e9es canadiennes au Canada et \u00e0 l\u2019\u00e9tranger.<\/p>\n<p style=\"font-weight: 400;\">La base comprend environ 11\u2009000 membres des Forces arm\u00e9es canadiennes (FAC) et employ\u00e9s civils du minist\u00e8re de la D\u00e9fense nationale (MDN) \u2013 dont la plupart travaillent et vivent dans la municipalit\u00e9 r\u00e9gionale d\u2019Halifax \u2013 ainsi que plus de 4\u2009500 r\u00e9servistes et 14\u2009000 jeunes membres des corps de cadets de la Marine, de l\u2019Air et de l\u2019Arm\u00e9e dans la r\u00e9gion. La BFC Halifax participe directement \u00e0 l\u2019\u00e9conomie locale, non seulement comme grand employeur, mais aussi gr\u00e2ce \u00e0 la participation de nos membres \u00e0 divers organismes locaux sans but lucratif et du milieu des affaires.<\/p>\n<p><img loading=\"lazy\" decoding=\"async\" class=\"size-full wp-image-8046 aligncenter\" src=\"https:\/\/tridentnewspaper.com\/wp-content\/uploads\/2022\/06\/CFBHalifaxbase.png\" alt=\"\" width=\"1021\" height=\"352\" srcset=\"https:\/\/tridentnewspaper.com\/wp-content\/uploads\/2022\/06\/CFBHalifaxbase.png 1021w, https:\/\/tridentnewspaper.com\/wp-content\/uploads\/2022\/06\/CFBHalifaxbase-300x103.png 300w, https:\/\/tridentnewspaper.com\/wp-content\/uploads\/2022\/06\/CFBHalifaxbase-768x265.png 768w, https:\/\/tridentnewspaper.com\/wp-content\/uploads\/2022\/06\/CFBHalifaxbase-650x224.png 650w\" sizes=\"(max-width: 1021px) 100vw, 1021px\" \/><\/p>\n<hr \/>\n<p>&nbsp;<\/p>\n<h3><b>\u00c9quipe de commandement<\/b><\/h3>\n<h4>Commandante de la BFC Halifax - Capv Annick Fortin<\/h4>\n<p><img loading=\"lazy\" decoding=\"async\" class=\"wp-image-13068\" src=\"https:\/\/tridentnewspaper.com\/wp-content\/uploads\/2024\/07\/20240621HSU0345D001-819x1024.jpg\" alt=\"\" width=\"473\" height=\"591\" srcset=\"https:\/\/tridentnewspaper.com\/wp-content\/uploads\/2024\/07\/20240621HSU0345D001-819x1024.jpg 819w, https:\/\/tridentnewspaper.com\/wp-content\/uploads\/2024\/07\/20240621HSU0345D001-240x300.jpg 240w, https:\/\/tridentnewspaper.com\/wp-content\/uploads\/2024\/07\/20240621HSU0345D001-768x960.jpg 768w, https:\/\/tridentnewspaper.com\/wp-content\/uploads\/2024\/07\/20240621HSU0345D001-1229x1536.jpg 1229w, https:\/\/tridentnewspaper.com\/wp-content\/uploads\/2024\/07\/20240621HSU0345D001-1638x2048.jpg 1638w, https:\/\/tridentnewspaper.com\/wp-content\/uploads\/2024\/07\/20240621HSU0345D001-10x12.jpg 10w, https:\/\/tridentnewspaper.com\/wp-content\/uploads\/2024\/07\/20240621HSU0345D001-431x539.jpg 431w, https:\/\/tridentnewspaper.com\/wp-content\/uploads\/2024\/07\/20240621HSU0345D001-862x1078.jpg 862w, https:\/\/tridentnewspaper.com\/wp-content\/uploads\/2024\/07\/20240621HSU0345D001-scaled.jpg 2048w\" sizes=\"(max-width: 473px) 100vw, 473px\" \/><\/p>\n<p class=\" translation-block\">Originaire de Trois-Rivi\u00e8res (Qu\u00e9bec), la capitaine de vaisseau (Capv) Annick Fortin s\u2019enr\u00f4le dans les Forces arm\u00e9es canadiennes en 1991. Apr\u00e8s son instruction initiale de chef de quart \u00e0 la passerelle, elle se joint \u00e0 la flotte en tant que membre du NCSM Huron en 1998 et participe \u00e0 l\u2019interception du GOLDEN BRIDGE, un navire de migration clandestine.<\/p>\n<p class=\" translation-block\">Elle se sp\u00e9cialise dans la guerre de surface et est ensuite affect\u00e9e au NCSM Vancouver. En r\u00e9action aux attaques du 11 septembre 2001, la Capv Fortin est d\u00e9ploy\u00e9e dans le golfe Persique dans le cadre de l\u2019op\u00e9ration APOLLO, o\u00f9 le Vancouver est une unit\u00e9 int\u00e9gr\u00e9e au sein du groupe a\u00e9ronaval USS JOHN C. STENNIS. En 2006, elle est d\u00e9ploy\u00e9e dans le golfe Persique en tant qu\u2019officier de pont du NCSM Ottawa et collabore avec le groupe d\u2019attaque exp\u00e9ditionnaire USS BOXER \u00e0 l\u2019appui de l\u2019op\u00e9ration ALTAIR.<\/p>\n<p class=\" translation-block\">En tant qu\u2019officier de la salle des op\u00e9rations \u00e0 bord du NCSM Algonquin, elle a dirig\u00e9 l\u2019\u00e9quipe pendant l\u2019op\u00e9ration PODIUM, la revue internationale de la flotte du Pacifique \u00e0 l\u2019occasion du centenaire de la Marine canadienne, les inspections de l\u2019\u00e9tat de pr\u00e9paration des missiles et RIMPAC 2010. De 2010 \u00e0 2013, elle est affect\u00e9e \u00e0 l\u2019Entra\u00eenement maritime (Pacifique) en tant qu\u2019officier des op\u00e9rations et de combat.<\/p>\n<p class=\" translation-block\">La Capv Fortin est nomm\u00e9e commandant en second du NCSM Ville de Qu\u00e9bec en 2017 et est d\u00e9ploy\u00e9e en M\u00e9diterran\u00e9e dans le cadre de la contribution continue du Canada \u00e0 la mission de l\u2019OTAN en Europe centrale et en Europe de l\u2019Est dans le cadre des op\u00e9rations REASSURANCE et SEA GUARDIAN.<\/p>\n<p><span style=\"font-weight: 400;\">Elle sert au Centre de recrutement des Forces canadiennes de Vancouver, \u00e0 l\u2019\u00c9cole navale d\u2019Esquimalt en tant qu\u2019officier de l\u2019instruction - Soutien de la flotte, ainsi qu\u2019au sein du Quartier g\u00e9n\u00e9ral de la D\u00e9fense nationale \u00e0 l\u2019\u00c9tat-major interarm\u00e9es strat\u00e9gique, pour le directeur - Gestion strat\u00e9gique de la Marine, pour le directeur g\u00e9n\u00e9ral - D\u00e9veloppement des forces de la Marine en tant qu\u2019officier d\u2019\u00e9tat-major - Cadre strat\u00e9gique pour l\u2019Arctique et le renforcement des capacit\u00e9s \u00e0 la Direction Strat\u00e9gie navale et directeur des op\u00e9rations courantes \u00e0 la flotte canadienne du pacifique.<\/span><\/p>\n<p class=\" translation-block\">La Capv Fortin \u00e9tait la commandante de l\u2019\u00c9cole navale (Pacifique) de juillet 2019 \u00e0 mai 2021. Elle a assum\u00e9 le commandement du NCSM Regina le 11 juin 2021. Elle a ensuite assum\u00e9 le commandement du NCSM Winnipeg en mars 2022, a particip\u00e9e \u00e0 l\u2019exercice RIMPAC 2022 et a d\u00e9ploy\u00e9e dans l\u2019indopacifique dans le cadre de l\u2019op\u00e9ration PROJECTION.<\/p>\n<p><span style=\"font-weight: 400;\">Elle est dipl\u00f4m\u00e9e du Coll\u00e8ge militaire royal du Canada \u00e0 Kingston (baccalaur\u00e9at \u00e8s arts en administration des affaires et commerce, 1997), du Coll\u00e8ge des Forces canadiennes \u00e0 Toronto (ma\u00eetrise en \u00e9tudes de la d\u00e9fense, 2016), et a compl\u00e9t\u00e9 le Programme de s\u00e9curit\u00e9 nationale au Coll\u00e8ge des Forces canadiennes (2024). <\/span><\/p>\n<p><span style=\"font-weight: 400;\">Le 24 juillet 2024, la Capv Fortin a assum\u00e9 le commandement de la BFC Halifax.<\/span><\/p>\n<h4>Premier ma\u00eetre de la base \u2013 BFC Halifax \u2013 Pm 1 Troy Beazley<\/h4>\n<p><img loading=\"lazy\" decoding=\"async\" class=\"alignnone wp-image-8381\" src=\"https:\/\/tridentnewspaper.com\/wp-content\/uploads\/2022\/08\/image002-scaled.jpg\" alt=\"\" width=\"445\" height=\"557\" srcset=\"https:\/\/tridentnewspaper.com\/wp-content\/uploads\/2022\/08\/image002-scaled.jpg 2048w, https:\/\/tridentnewspaper.com\/wp-content\/uploads\/2022\/08\/image002-240x300.jpg 240w, https:\/\/tridentnewspaper.com\/wp-content\/uploads\/2022\/08\/image002-819x1024.jpg 819w, https:\/\/tridentnewspaper.com\/wp-content\/uploads\/2022\/08\/image002-768x960.jpg 768w, https:\/\/tridentnewspaper.com\/wp-content\/uploads\/2022\/08\/image002-1229x1536.jpg 1229w, https:\/\/tridentnewspaper.com\/wp-content\/uploads\/2022\/08\/image002-1638x2048.jpg 1638w, https:\/\/tridentnewspaper.com\/wp-content\/uploads\/2022\/08\/image002-650x813.jpg 650w\" sizes=\"(max-width: 445px) 100vw, 445px\" \/><\/p>\n<p>Le PM 1 Fraser (Troy) Beazley s\u2019est enr\u00f4l\u00e9 dans les Forces arm\u00e9es canadiennes en novembre 1990. Apr\u00e8s avoir re\u00e7u l\u2019instruction de base \u00e0 la BFC Cornwallis, il a suivi le cours d\u2019op\u00e9rateur de sonar \u00e0 Esquimalt, en Colombie-Britannique.<\/p>\n<p>D\u2019octobre 1991 \u00e0 d\u00e9cembre 2005, il a effectu\u00e9 une affectation \u00e0 la BFC Halifax, o\u00f9 il a eu le plaisir de servir \u00e0 bord des NCSM Terra Nova, Gatineau, Skeena, Ville de Qu\u00e9bec, Charlottetown, Fredericton et St. John\u2019s. Au cours de la m\u00eame p\u00e9riode, il a \u00e9t\u00e9 affect\u00e9 au Centre d\u2019analyse avanc\u00e9e des donn\u00e9es et a fait partie du premier groupe de MR \u00e0 avoir eu l\u2019occasion de suivre le cours avanc\u00e9 d\u2019analyse acoustique et d\u2019\u00e9coute passive orale \u00e0 Nowra, en Australie.<\/p>\n<p>Apr\u00e8s avoir termin\u00e9 le cours de directeur de guerre sous-marine en 2006, le PM 1 Beazly a \u00e9t\u00e9 affect\u00e9 \u00e0 bord du NCSM Charlottetown pour la deuxi\u00e8me fois et, en 2007, a pris part \u00e0 la Force op\u00e9rationnelle Artemis. Il a ensuite \u00e9t\u00e9 employ\u00e9 \u00e0 l\u2019\u00c9cole des op\u00e9rations navales des Forces canadiennes, \u00e0 la Flotte canadienne de l\u2019Atlantique et au Centre de coordination du personnel de l\u2019Atlantique.<\/p>\n<p>En 2015, il a suivi un cours de langue seconde d\u2019un an. Il a ensuite pass\u00e9 une autre ann\u00e9e au Coll\u00e8ge militaire royal de Kingston, en Ontario, pour participer au Programme avanc\u00e9 de perfectionnement professionnel des militaires du rang. Il a effectu\u00e9 par la suite une br\u00e8ve affectation d\u2019un an \u00e0 Ottawa, dans la cellule des projets conjoints, au sein de l\u2019\u00e9quipe du chef \u2013 D\u00e9veloppement des Forces.<\/p>\n<p>Promu PM 1 en mai 2017, il a \u00e9t\u00e9 affect\u00e9 au sein de l\u2019\u00e9quipe du directeur \u2014 Carri\u00e8res militaires \u00e0 titre de gestionnaire des carri\u00e8res, apr\u00e8s quoi il a eu l\u2019occasion exceptionnelle de servir \u00e0 titre de capitaine d\u2019armes du NCSM Charlottetown, avant d\u2019\u00eatre nomm\u00e9 \u00e0 un poste d\u2019EDTSU aupr\u00e8s du directeur \u2014 Nominations sup\u00e9rieures \u00e0 titre de gestionnaire des carri\u00e8res des PM 1 de la Marine. Toujours dans le domaine de la gestion du personnel, le PM 1 Beazly a \u00e9t\u00e9 nomm\u00e9 \u00e0 un autre poste d\u2019EDTSU, o\u00f9 il a eu le privil\u00e8ge d\u2019exercer les fonctions de PM 1 de l\u2019\u00e9quipe de l\u2019\u00c9tat de pr\u00e9paration strat\u00e9gique (Marine) et de responsable de la gestion de la rel\u00e8ve des MR de la MRC.<\/p>\n<p>R\u00e9cemment nomm\u00e9 \u00e0 son poste actuel de PM de la BFC Halifax, le PM 1 Beazley se r\u00e9jouit \u00e0 la perspective de servir la base du mieux qu\u2019il le peut et est honor\u00e9 d\u2019avoir \u00e9t\u00e9 s\u00e9lectionn\u00e9 par la MRC pour occuper ce poste important.<\/p>","protected":false},"excerpt":{"rendered":"<p>Cliquez ici pour le fran\u00e7ais: Bienvenue \u00e0 la BFC Halifax Welcome to CFB Halifax Canadian Forces Base (CFB) Halifax is the home of Canada\u2019s East Coast Navy and the country\u2019s largest military base by population. CFB Halifax provides administrative, logistics, information technology (IT), executive services and port operations and emergency [&hellip;]<\/p>","protected":false},"author":2,"featured_media":0,"parent":0,"menu_order":0,"comment_status":"closed","ping_status":"closed","template":"","meta":{"_monsterinsights_skip_tracking":false,"_monsterinsights_sitenote_active":false,"_monsterinsights_sitenote_note":"","_monsterinsights_sitenote_category":0,"jetpack_post_was_ever_published":false,"footnotes":""},"yoast_head":"<!-- This site is optimized with the Yoast SEO plugin v22.6 - https:\/\/yoast.com\/wordpress\/plugins\/seo\/ -->\n<title>CFB Halifax | Trident Newspaper<\/title>\n<meta name=\"robots\" content=\"index, follow, max-snippet:-1, max-image-preview:large, max-video-preview:-1\" \/>\n<link rel=\"canonical\" href=\"https:\/\/tridentnewspaper.com\/fr\/about-a-propos-des\/\" \/>\n<meta property=\"og:locale\" content=\"fr_CA\" \/>\n<meta property=\"og:type\" content=\"article\" \/>\n<meta property=\"og:title\" content=\"CFB Halifax | Trident Newspaper\" \/>\n<meta property=\"og:description\" content=\"Cliquez ici pour le fran\u00e7ais: Bienvenue \u00e0 la BFC Halifax Welcome to CFB Halifax Canadian Forces Base (CFB) Halifax is the home of Canada\u2019s East Coast Navy and the country\u2019s largest military base by population. CFB Halifax provides administrative, logistics, information technology (IT), executive services and port operations and emergency [&hellip;]\" \/>\n<meta property=\"og:url\" content=\"https:\/\/tridentnewspaper.com\/fr\/about-a-propos-des\/\" \/>\n<meta property=\"og:site_name\" content=\"Trident Newspaper\" \/>\n<meta property=\"article:publisher\" content=\"https:\/\/www.facebook.com\/Trident-News-202801813483\/\" \/>\n<meta property=\"article:modified_time\" content=\"2024-07-26T12:19:01+00:00\" \/>\n<meta property=\"og:image\" content=\"https:\/\/tridentnewspaper.com\/wp-content\/uploads\/2022\/06\/CFBHalifaxpano.png\" \/>\n<meta name=\"twitter:card\" content=\"summary_large_image\" \/>\n<meta name=\"twitter:site\" content=\"@trident_news\" \/>\n<meta name=\"twitter:label1\" content=\"Estimation du temps de lecture\" \/>\n\t<meta name=\"twitter:data1\" content=\"5 minutes\" \/>\n<script type=\"application\/ld+json\" class=\"yoast-schema-graph\">{\"@context\":\"https:\/\/schema.org\",\"@graph\":[{\"@type\":\"WebPage\",\"@id\":\"https:\/\/tridentnewspaper.com\/about-a-propos-des\/\",\"url\":\"https:\/\/tridentnewspaper.com\/about-a-propos-des\/\",\"name\":\"CFB Halifax | Trident Newspaper\",\"isPartOf\":{\"@id\":\"https:\/\/tridentnewspaper.com\/#website\"},\"primaryImageOfPage\":{\"@id\":\"https:\/\/tridentnewspaper.com\/about-a-propos-des\/#primaryimage\"},\"image\":{\"@id\":\"https:\/\/tridentnewspaper.com\/about-a-propos-des\/#primaryimage\"},\"thumbnailUrl\":\"https:\/\/tridentnewspaper.com\/wp-content\/uploads\/2022\/06\/CFBHalifaxpano.png\",\"datePublished\":\"2017-02-01T03:23:38+00:00\",\"dateModified\":\"2024-07-26T12:19:01+00:00\",\"breadcrumb\":{\"@id\":\"https:\/\/tridentnewspaper.com\/about-a-propos-des\/#breadcrumb\"},\"inLanguage\":\"fr-CA\",\"potentialAction\":[{\"@type\":\"ReadAction\",\"target\":[\"https:\/\/tridentnewspaper.com\/about-a-propos-des\/\"]}]},{\"@type\":\"ImageObject\",\"inLanguage\":\"fr-CA\",\"@id\":\"https:\/\/tridentnewspaper.com\/about-a-propos-des\/#primaryimage\",\"url\":\"https:\/\/tridentnewspaper.com\/wp-content\/uploads\/2022\/06\/CFBHalifaxpano.png\",\"contentUrl\":\"https:\/\/tridentnewspaper.com\/wp-content\/uploads\/2022\/06\/CFBHalifaxpano.png\"},{\"@type\":\"BreadcrumbList\",\"@id\":\"https:\/\/tridentnewspaper.com\/about-a-propos-des\/#breadcrumb\",\"itemListElement\":[{\"@type\":\"ListItem\",\"position\":1,\"name\":\"Home\",\"item\":\"https:\/\/tridentnewspaper.com\/\"},{\"@type\":\"ListItem\",\"position\":2,\"name\":\"CFB Halifax\"}]},{\"@type\":\"WebSite\",\"@id\":\"https:\/\/tridentnewspaper.com\/#website\",\"url\":\"https:\/\/tridentnewspaper.com\/\",\"name\":\"Trident Newspaper\",\"description\":\"CFB Halifax Trident Navy Newspaper\",\"publisher\":{\"@id\":\"https:\/\/tridentnewspaper.com\/#organization\"},\"potentialAction\":[{\"@type\":\"SearchAction\",\"target\":{\"@type\":\"EntryPoint\",\"urlTemplate\":\"https:\/\/tridentnewspaper.com\/?s={search_term_string}\"},\"query-input\":\"required name=search_term_string\"}],\"inLanguage\":\"fr-CA\"},{\"@type\":\"Organization\",\"@id\":\"https:\/\/tridentnewspaper.com\/#organization\",\"name\":\"Trident Newspaper\",\"url\":\"https:\/\/tridentnewspaper.com\/\",\"logo\":{\"@type\":\"ImageObject\",\"inLanguage\":\"fr-CA\",\"@id\":\"https:\/\/tridentnewspaper.com\/#\/schema\/logo\/image\/\",\"url\":\"https:\/\/tridentnewspaper.com\/wp-content\/uploads\/2017\/01\/Trident_Masthead_New_med.png\",\"contentUrl\":\"https:\/\/tridentnewspaper.com\/wp-content\/uploads\/2017\/01\/Trident_Masthead_New_med.png\",\"width\":719,\"height\":181,\"caption\":\"Trident Newspaper\"},\"image\":{\"@id\":\"https:\/\/tridentnewspaper.com\/#\/schema\/logo\/image\/\"},\"sameAs\":[\"https:\/\/www.facebook.com\/Trident-News-202801813483\/\",\"https:\/\/x.com\/trident_news\"]}]}<\/script>\n<!-- \/ Yoast SEO plugin. -->","yoast_head_json":{"title":"CFB Halifax | Trident Newspaper","robots":{"index":"index","follow":"follow","max-snippet":"max-snippet:-1","max-image-preview":"max-image-preview:large","max-video-preview":"max-video-preview:-1"},"canonical":"https:\/\/tridentnewspaper.com\/fr\/about-a-propos-des\/","og_locale":"fr_CA","og_type":"article","og_title":"CFB Halifax | Trident Newspaper","og_description":"Cliquez ici pour le fran\u00e7ais: Bienvenue \u00e0 la BFC Halifax Welcome to CFB Halifax Canadian Forces Base (CFB) Halifax is the home of Canada\u2019s East Coast Navy and the country\u2019s largest military base by population. CFB Halifax provides administrative, logistics, information technology (IT), executive services and port operations and emergency [&hellip;]","og_url":"https:\/\/tridentnewspaper.com\/fr\/about-a-propos-des\/","og_site_name":"Trident Newspaper","article_publisher":"https:\/\/www.facebook.com\/Trident-News-202801813483\/","article_modified_time":"2024-07-26T12:19:01+00:00","og_image":[{"url":"https:\/\/tridentnewspaper.com\/wp-content\/uploads\/2022\/06\/CFBHalifaxpano.png"}],"twitter_card":"summary_large_image","twitter_site":"@trident_news","twitter_misc":{"Estimation du temps de lecture":"5 minutes"},"schema":{"@context":"https:\/\/schema.org","@graph":[{"@type":"WebPage","@id":"https:\/\/tridentnewspaper.com\/about-a-propos-des\/","url":"https:\/\/tridentnewspaper.com\/about-a-propos-des\/","name":"CFB Halifax | Trident Newspaper","isPartOf":{"@id":"https:\/\/tridentnewspaper.com\/#website"},"primaryImageOfPage":{"@id":"https:\/\/tridentnewspaper.com\/about-a-propos-des\/#primaryimage"},"image":{"@id":"https:\/\/tridentnewspaper.com\/about-a-propos-des\/#primaryimage"},"thumbnailUrl":"https:\/\/tridentnewspaper.com\/wp-content\/uploads\/2022\/06\/CFBHalifaxpano.png","datePublished":"2017-02-01T03:23:38+00:00","dateModified":"2024-07-26T12:19:01+00:00","breadcrumb":{"@id":"https:\/\/tridentnewspaper.com\/about-a-propos-des\/#breadcrumb"},"inLanguage":"fr-CA","potentialAction":[{"@type":"ReadAction","target":["https:\/\/tridentnewspaper.com\/about-a-propos-des\/"]}]},{"@type":"ImageObject","inLanguage":"fr-CA","@id":"https:\/\/tridentnewspaper.com\/about-a-propos-des\/#primaryimage","url":"https:\/\/tridentnewspaper.com\/wp-content\/uploads\/2022\/06\/CFBHalifaxpano.png","contentUrl":"https:\/\/tridentnewspaper.com\/wp-content\/uploads\/2022\/06\/CFBHalifaxpano.png"},{"@type":"BreadcrumbList","@id":"https:\/\/tridentnewspaper.com\/about-a-propos-des\/#breadcrumb","itemListElement":[{"@type":"ListItem","position":1,"name":"Home","item":"https:\/\/tridentnewspaper.com\/"},{"@type":"ListItem","position":2,"name":"CFB Halifax"}]},{"@type":"WebSite","@id":"https:\/\/tridentnewspaper.com\/#website","url":"https:\/\/tridentnewspaper.com\/","name":"Trident Newspaper","description":"CFB Halifax Trident Navy Newspaper","publisher":{"@id":"https:\/\/tridentnewspaper.com\/#organization"},"potentialAction":[{"@type":"SearchAction","target":{"@type":"EntryPoint","urlTemplate":"https:\/\/tridentnewspaper.com\/?s={search_term_string}"},"query-input":"required name=search_term_string"}],"inLanguage":"fr-CA"},{"@type":"Organization","@id":"https:\/\/tridentnewspaper.com\/#organization","name":"Trident Newspaper","url":"https:\/\/tridentnewspaper.com\/","logo":{"@type":"ImageObject","inLanguage":"fr-CA","@id":"https:\/\/tridentnewspaper.com\/#\/schema\/logo\/image\/","url":"https:\/\/tridentnewspaper.com\/wp-content\/uploads\/2017\/01\/Trident_Masthead_New_med.png","contentUrl":"https:\/\/tridentnewspaper.com\/wp-content\/uploads\/2017\/01\/Trident_Masthead_New_med.png","width":719,"height":181,"caption":"Trident Newspaper"},"image":{"@id":"https:\/\/tridentnewspaper.com\/#\/schema\/logo\/image\/"},"sameAs":["https:\/\/www.facebook.com\/Trident-News-202801813483\/","https:\/\/x.com\/trident_news"]}]}},"jetpack_sharing_enabled":true,"jetpack_shortlink":"https:\/\/wp.me\/P8oCsG-n","_links":{"self":[{"href":"https:\/\/tridentnewspaper.com\/fr\/wp-json\/wp\/v2\/pages\/23"}],"collection":[{"href":"https:\/\/tridentnewspaper.com\/fr\/wp-json\/wp\/v2\/pages"}],"about":[{"href":"https:\/\/tridentnewspaper.com\/fr\/wp-json\/wp\/v2\/types\/page"}],"author":[{"embeddable":true,"href":"https:\/\/tridentnewspaper.com\/fr\/wp-json\/wp\/v2\/users\/2"}],"replies":[{"embeddable":true,"href":"https:\/\/tridentnewspaper.com\/fr\/wp-json\/wp\/v2\/comments?post=23"}],"version-history":[{"count":33,"href":"https:\/\/tridentnewspaper.com\/fr\/wp-json\/wp\/v2\/pages\/23\/revisions"}],"predecessor-version":[{"id":13069,"href":"https:\/\/tridentnewspaper.com\/fr\/wp-json\/wp\/v2\/pages\/23\/revisions\/13069"}],"wp:attachment":[{"href":"https:\/\/tridentnewspaper.com\/fr\/wp-json\/wp\/v2\/media?parent=23"}],"curies":[{"name":"wp","href":"https:\/\/api.w.org\/{rel}","templated":true}]}}