{"id":15029,"date":"2025-09-02T09:40:20","date_gmt":"2025-09-02T12:40:20","guid":{"rendered":"https:\/\/tridentnewspaper.com\/?page_id=15029"},"modified":"2025-09-08T11:07:35","modified_gmt":"2025-09-08T14:07:35","slug":"get-involved-impliquez-vous","status":"publish","type":"page","link":"https:\/\/tridentnewspaper.com\/fr\/ndwcc2025\/get-involved-impliquez-vous\/","title":{"rendered":"Impliquez-vous"},"content":{"rendered":"<p><img loading=\"lazy\" decoding=\"async\" class=\"size-large wp-image-13363 aligncenter\" src=\"https:\/\/tridentnewspaper.com\/wp-content\/uploads\/2024\/09\/2024-NDWCC-Banner-1024x241.png\" alt=\"\" width=\"810\" height=\"191\" srcset=\"https:\/\/tridentnewspaper.com\/wp-content\/uploads\/2024\/09\/2024-NDWCC-Banner-1024x241.png 1024w, https:\/\/tridentnewspaper.com\/wp-content\/uploads\/2024\/09\/2024-NDWCC-Banner-300x71.png 300w, https:\/\/tridentnewspaper.com\/wp-content\/uploads\/2024\/09\/2024-NDWCC-Banner-768x181.png 768w, https:\/\/tridentnewspaper.com\/wp-content\/uploads\/2024\/09\/2024-NDWCC-Banner-1536x362.png 1536w, https:\/\/tridentnewspaper.com\/wp-content\/uploads\/2024\/09\/2024-NDWCC-Banner-18x4.png 18w, https:\/\/tridentnewspaper.com\/wp-content\/uploads\/2024\/09\/2024-NDWCC-Banner-431x102.png 431w, https:\/\/tridentnewspaper.com\/wp-content\/uploads\/2024\/09\/2024-NDWCC-Banner-862x203.png 862w, https:\/\/tridentnewspaper.com\/wp-content\/uploads\/2024\/09\/2024-NDWCC-Banner.png 1736w\" sizes=\"(max-width: 810px) 100vw, 810px\" \/><\/p>\n<h5 style=\"text-align: center;\"><span style=\"color: #333399;\"><span style=\"text-decoration: underline;\"><i><a href=\"https:\/\/Tridentnewspaper.com\/frndwcc2025\"><u>Page d\u2019accueil de la CCMTDN<\/u><\/a><\/i><\/span><i>\u00a0 \u00a0 \u00a0 \u00a0\u00a0<\/i><span style=\"text-decoration: underline;\"><i><a href=\"https:\/\/tridentnewspaper.com\/fr\/ndwcc2025\/coordination-team-equipe-de-coordination\/\">\u00c9quipe de coordination<\/a><\/i>\u00a0<\/span>\u00a0\u00a0 \u00a0 \u00a0\u00a0<a href=\"https:\/\/tridentnewspaper.com\/fr\/ndwcc2025\/qa-faq\/\"><span style=\"text-decoration: underline;\"><i>FAQ<\/i><\/span><\/a>\u00a0 \u00a0 \u00a0 \u00a0\u00a0<a href=\"https:\/\/tridentnewspaper.com\/fr\/ndwcc2025\/resources-ressources\/\"><span style=\"text-decoration: underline;\"><em>Ressources<\/em><\/span><\/a><i><br \/>\n<\/i><a href=\"https:\/\/tridentnewspaper.com\/fr\/ndwcc2025\/events-initiatives-activites-initiatives\/\"><span style=\"text-decoration: underline;\">Activit\u00e9s\/Initiatives<\/span><\/a>\u00a0 \u00a0 \u00a0 \u00a0\u00a0<\/span><span style=\"color: #333399;\"><a href=\"https:\/\/tridentnewspaper.com\/fr\/ndwcc2025\/articles-video-articles-et-videos\/\"><span style=\"text-decoration: underline;\"><i>Articles et vid\u00e9os<\/i><\/span>\u00a0\u00a0<\/a>\u00a0 \u00a0 \u00a0\u00a0<a href=\"https:\/\/tridentnewspaper.com\/fr\/ndwcc2025\/recognition-reconnaissance\/\"><span style=\"text-decoration: underline;\"><i>Reconnaissance<\/i><\/span><\/a>\u00a0 \u00a0 \u00a0 \u00a0\u00a0<a href=\"https:\/\/tridentnewspaper.com\/fr\/ndwcc2025\/get-involved-impliquez-vous\/\"><span style=\"text-decoration: underline;\"><i>Impliquez-vous<\/i><\/span><\/a><\/span><\/h5>\n<hr \/>\n<h3><span style=\"color: #800000;\"><b>Impliquez-vous\u00a0<\/b><\/span><\/h3>\n<p><b>(1) Faites un don\u00a0<\/b><\/p>\n<p>Les membres de l\u2019\u00c9quipe de la D\u00e9fense peuvent faire un don \u00e0 la CCMTDN en ligne au moyen d\u2019ePledge, qui est un moyen s\u00fbr, pratique (site Web, peut \u00eatre utilis\u00e9 avec les appareils portables) et simple de faire un don. Consultez son site\u00a0\ud83e\udc6a\u00a0\u00a0<a href=\"about:blank\">https:\/\/uwco.ca\/ccmtgc\/don<\/a>. Pour des instructions sur l\u2019utilisation d\u2019ePledge, consultez\u00a0<a href=\"https:\/\/tridentnewspaper.com\/fr\/ndwcc2025\/qa-faq\/\">https:\/\/tridentnewspaper.com\/ndwcc2025\/qa-faq<\/a>.<\/p>\n<p><b>(2) Planifiez ou soutenez une activit\u00e9 virtuelle de collecte de fonds<\/b><\/p>\n<p style=\"font-weight: 400;\">Est-ce que vous ou votre unit\u00e9 pr\u00e9voyez d\u2019organiser une activit\u00e9 de collecte de fonds pour la CCMTDN \u00e0 laquelle tous les membres de l\u2019\u00c9quipe de la D\u00e9fense locale peuvent participer? <span style=\"font-weight: 400;\">Vous pouvez utiliser le formulaire de proposition d\u2019activit\u00e9 de l\u2019unit\u00e9 dans le cadre de la CCMTDN qui se trouve sur notre <a href=\"https:\/\/tridentnewspaper.com\/fr\/ndwcc2025\/resources-ressources\/\">page de ressources<\/a> pour proposer votre activit\u00e9 afin qu\u2019elle soit publi\u00e9e dans la mise \u00e0 jour hebdomadaire de la CCMTDN de la r\u00e9gion d\u2019Halifax, qui sera diffus\u00e9e par courriel \u00e0 l\u2019\u00e9chelle de la base chaque lundi pendant la campagne. Les propositions d\u2019activit\u00e9s seront \u00e9galement publi\u00e9es sur le <\/span><a href=\"https:\/\/tridentnewspaper.com\/fr\/ndwcc2025\/events-initiatives-activites-initiatives\/\"><span style=\"font-weight: 400;\">site Web du journal Trident sur la CCMTDN.<\/span><\/a><span style=\"font-weight: 400;\">. Envoyez les formulaires de proposition d\u2019activit\u00e9 \u00e0<\/span><span style=\"font-weight: 400;\">\u00a0<\/span><a href=\"mailto:NDWCCHalifax@forces.gc.ca\"><span style=\"font-weight: 400;\">NDWCCHalifax@forces.gc.ca<\/span><\/a><span style=\"font-weight: 400;\"> et restez \u00e0 l\u2019aff\u00fbt des activit\u00e9s auxquelles vous pourriez vouloir participer!<\/span><span style=\"font-weight: 400;\">!<\/span><b><\/b><\/p>\n<p><strong>(3)<\/strong> <b>Discutez avec le solliciteur de votre unit\u00e9\u00a0<\/b><\/p>\n<p>Ne manquez pas les solliciteurs locaux et les ambassadeurs de la campagne qui continueront \u00e0 faire leur tourn\u00e9e dans les unit\u00e9s jusqu\u2019\u00e0 la fin de la p\u00e9riode de campagne. Ils seront heureux de r\u00e9pondre \u00e0 toutes vos questions et de vous aider de toutes les mani\u00e8res possibles.<\/p>\n<p><strong>(4)<\/strong> <b>Travaillez comme b\u00e9n\u00e9vole lors d\u2019une activit\u00e9 de la Journ\u00e9e d\u2019entraide<\/b><\/p>\n<p>Les activit\u00e9s de la Journ\u00e9e d\u2019entraide sont organis\u00e9es par Centraide Halifax pour jumeler des b\u00e9n\u00e9voles de la communaut\u00e9 avec des organismes de bienfaisance qui ont besoin d\u2019aide. Chaque ann\u00e9e, dans le cadre de la Campagne de charit\u00e9 en milieu de travail de la D\u00e9fense nationale de la r\u00e9gion d\u2019Halifax, Centraide Halifax affecte des b\u00e9n\u00e9voles de l\u2019\u00c9quipe de la D\u00e9fense \u00e0 des projets concrets au sein de la communaut\u00e9 locale.<b>\u00a0<\/b>Pour participer aux prochaines activit\u00e9s de la Journ\u00e9e d\u2019entraide, communiquez avec\u00a0<a href=\"https:\/\/tridentnewspaper.com\/fr\/ndwcc2025\/coordination-team-equipe-de-coordination\/\" target=\"_blank\" rel=\"noopener\" data-saferedirecturl=\"https:\/\/www.google.com\/url?q=https:\/\/tridentnewspaper.com\/ndwcc2023\/ndwcc-coordination-team\/&amp;source=gmail&amp;ust=1694541091568000&amp;usg=AOvVaw0TMD9p1iiq568m2lsA6UzW\">le coordonnateur de la CCMTDN de votre unit\u00e9\u00a0<\/a><span style=\"font-weight: 400;\">ou envoyez un courriel \u00e0 <a href=\"mailto:NDWCCHalifax@forces.gc.ca\">NDWCCHalifax@forces.gc.ca<\/a><\/span><span style=\"font-weight: 400;\">. <\/span><\/p>\n<p><b>(5) \u00c9duquez-vous\u00a0<\/b><\/p>\n<p>Visitez notre <a href=\"https:\/\/tridentnewspaper.com\/fr\/ndwcc2025\/resources-ressources\/\">page de ressources<\/a> et faites des recherches sur les organismes de bienfaisance soutenus par Centraide\/PartenaireSant\u00e9 ou sur tout organisme de bienfaisance canadien enregistr\u00e9 de votre choix. Consultez des sources d\u2019information et des sites Web fiables en ligne pour en savoir plus sur les enjeux qui touchent votre collectivit\u00e9.<\/p>\n<p><b>(6) Parlez-en autour de vous\u00a0<\/b><\/p>\n<p>Communiquez l\u2019adresse du site Web par courriel ou message texte \u00e0 vos amis de la D\u00e9fense pour qu\u2019ils sachent o\u00f9 trouver des renseignements sur la campagne de la r\u00e9gion d\u2019Halifax de cette ann\u00e9e. Suivez la BFC Halifax sur <a href=\"http:\/\/www.facebook.com\/CFB.BFC.Halifax\">Facebook<\/a>, <a href=\"http:\/\/www.twitter.com\/CFB_BFCHalifax\">Twitter<\/a> et <a href=\"http:\/\/www.instagram.com\/cfb.bfc.halifax\">Instagram<\/a> et partagez le contenu de la CCMTDN qui est affich\u00e9 sur ces plateformes. Parlez de la campagne \u00e0 vos amis et coll\u00e8gues \u2013 vous pourriez inspirer quelqu\u2019un \u00e0 donner!<\/p>\n<p>&nbsp;<\/p>\n<p>&nbsp;<\/p>\n<p>&nbsp;<\/p>\n<p>&nbsp;<\/p>","protected":false},"excerpt":{"rendered":"<p>NDWCC Home\u00a0 \u00a0 \u00a0 \u00a0\u00a0Coordination Team\u00a0\u00a0\u00a0 \u00a0 \u00a0\u00a0Q&amp;A\u00a0 \u00a0 \u00a0 \u00a0\u00a0Resources Events\/Initiatives\u00a0 \u00a0 \u00a0 \u00a0\u00a0Articles &amp; Video\u00a0\u00a0\u00a0 \u00a0 \u00a0\u00a0Recognition\u00a0 \u00a0 \u00a0 \u00a0\u00a0Get Involved Get Involved\u00a0 (1) Donate\u00a0 Defence Team members can donate to the NDWCC online using ePledge, which is a secure, convenient (web based, mobile friendly) and simple way [&hellip;]<\/p>","protected":false},"author":2,"featured_media":0,"parent":15021,"menu_order":0,"comment_status":"closed","ping_status":"closed","template":"","meta":{"_monsterinsights_skip_tracking":false,"_monsterinsights_sitenote_active":false,"_monsterinsights_sitenote_note":"","_monsterinsights_sitenote_category":0,"jetpack_post_was_ever_published":false,"footnotes":""},"yoast_head":"<!-- This site is optimized with the Yoast SEO plugin v22.6 - https:\/\/yoast.com\/wordpress\/plugins\/seo\/ -->\n<title>Get Involved | Trident Newspaper<\/title>\n<meta name=\"robots\" content=\"index, follow, max-snippet:-1, max-image-preview:large, max-video-preview:-1\" \/>\n<link rel=\"canonical\" href=\"https:\/\/tridentnewspaper.com\/fr\/ndwcc2025\/get-involved-impliquez-vous\/\" \/>\n<meta property=\"og:locale\" content=\"fr_CA\" \/>\n<meta property=\"og:type\" content=\"article\" \/>\n<meta property=\"og:title\" content=\"Get Involved | Trident Newspaper\" \/>\n<meta property=\"og:description\" content=\"NDWCC Home\u00a0 \u00a0 \u00a0 \u00a0\u00a0Coordination Team\u00a0\u00a0\u00a0 \u00a0 \u00a0\u00a0Q&amp;A\u00a0 \u00a0 \u00a0 \u00a0\u00a0Resources Events\/Initiatives\u00a0 \u00a0 \u00a0 \u00a0\u00a0Articles &amp; Video\u00a0\u00a0\u00a0 \u00a0 \u00a0\u00a0Recognition\u00a0 \u00a0 \u00a0 \u00a0\u00a0Get Involved Get Involved\u00a0 (1) Donate\u00a0 Defence Team members can donate to the NDWCC online using ePledge, which is a secure, convenient (web based, mobile friendly) and simple way [&hellip;]\" \/>\n<meta property=\"og:url\" content=\"https:\/\/tridentnewspaper.com\/fr\/ndwcc2025\/get-involved-impliquez-vous\/\" \/>\n<meta property=\"og:site_name\" content=\"Trident Newspaper\" \/>\n<meta property=\"article:publisher\" content=\"https:\/\/www.facebook.com\/Trident-News-202801813483\/\" \/>\n<meta property=\"article:modified_time\" content=\"2025-09-08T14:07:35+00:00\" \/>\n<meta property=\"og:image\" content=\"https:\/\/tridentnewspaper.com\/wp-content\/uploads\/2024\/09\/2024-NDWCC-Banner-1024x241.png\" \/>\n<meta name=\"twitter:card\" content=\"summary_large_image\" \/>\n<meta name=\"twitter:site\" content=\"@trident_news\" \/>\n<meta name=\"twitter:label1\" content=\"Estimation du temps de lecture\" \/>\n\t<meta name=\"twitter:data1\" content=\"2 minutes\" \/>\n<script type=\"application\/ld+json\" class=\"yoast-schema-graph\">{\"@context\":\"https:\/\/schema.org\",\"@graph\":[{\"@type\":\"WebPage\",\"@id\":\"https:\/\/tridentnewspaper.com\/ndwcc2025\/get-involved-impliquez-vous\/\",\"url\":\"https:\/\/tridentnewspaper.com\/ndwcc2025\/get-involved-impliquez-vous\/\",\"name\":\"Get Involved | Trident Newspaper\",\"isPartOf\":{\"@id\":\"https:\/\/tridentnewspaper.com\/#website\"},\"primaryImageOfPage\":{\"@id\":\"https:\/\/tridentnewspaper.com\/ndwcc2025\/get-involved-impliquez-vous\/#primaryimage\"},\"image\":{\"@id\":\"https:\/\/tridentnewspaper.com\/ndwcc2025\/get-involved-impliquez-vous\/#primaryimage\"},\"thumbnailUrl\":\"https:\/\/tridentnewspaper.com\/wp-content\/uploads\/2024\/09\/2024-NDWCC-Banner-1024x241.png\",\"datePublished\":\"2025-09-02T12:40:20+00:00\",\"dateModified\":\"2025-09-08T14:07:35+00:00\",\"breadcrumb\":{\"@id\":\"https:\/\/tridentnewspaper.com\/ndwcc2025\/get-involved-impliquez-vous\/#breadcrumb\"},\"inLanguage\":\"fr-CA\",\"potentialAction\":[{\"@type\":\"ReadAction\",\"target\":[\"https:\/\/tridentnewspaper.com\/ndwcc2025\/get-involved-impliquez-vous\/\"]}]},{\"@type\":\"ImageObject\",\"inLanguage\":\"fr-CA\",\"@id\":\"https:\/\/tridentnewspaper.com\/ndwcc2025\/get-involved-impliquez-vous\/#primaryimage\",\"url\":\"https:\/\/tridentnewspaper.com\/wp-content\/uploads\/2024\/09\/2024-NDWCC-Banner-1024x241.png\",\"contentUrl\":\"https:\/\/tridentnewspaper.com\/wp-content\/uploads\/2024\/09\/2024-NDWCC-Banner-1024x241.png\"},{\"@type\":\"BreadcrumbList\",\"@id\":\"https:\/\/tridentnewspaper.com\/ndwcc2025\/get-involved-impliquez-vous\/#breadcrumb\",\"itemListElement\":[{\"@type\":\"ListItem\",\"position\":1,\"name\":\"Home\",\"item\":\"https:\/\/tridentnewspaper.com\/\"},{\"@type\":\"ListItem\",\"position\":2,\"name\":\"NDWCC 2025\",\"item\":\"https:\/\/tridentnewspaper.com\/ndwcc2025\/\"},{\"@type\":\"ListItem\",\"position\":3,\"name\":\"Get Involved\"}]},{\"@type\":\"WebSite\",\"@id\":\"https:\/\/tridentnewspaper.com\/#website\",\"url\":\"https:\/\/tridentnewspaper.com\/\",\"name\":\"Trident Newspaper\",\"description\":\"CFB Halifax Trident Navy Newspaper\",\"publisher\":{\"@id\":\"https:\/\/tridentnewspaper.com\/#organization\"},\"potentialAction\":[{\"@type\":\"SearchAction\",\"target\":{\"@type\":\"EntryPoint\",\"urlTemplate\":\"https:\/\/tridentnewspaper.com\/?s={search_term_string}\"},\"query-input\":\"required name=search_term_string\"}],\"inLanguage\":\"fr-CA\"},{\"@type\":\"Organization\",\"@id\":\"https:\/\/tridentnewspaper.com\/#organization\",\"name\":\"Trident Newspaper\",\"url\":\"https:\/\/tridentnewspaper.com\/\",\"logo\":{\"@type\":\"ImageObject\",\"inLanguage\":\"fr-CA\",\"@id\":\"https:\/\/tridentnewspaper.com\/#\/schema\/logo\/image\/\",\"url\":\"https:\/\/tridentnewspaper.com\/wp-content\/uploads\/2017\/01\/Trident_Masthead_New_med.png\",\"contentUrl\":\"https:\/\/tridentnewspaper.com\/wp-content\/uploads\/2017\/01\/Trident_Masthead_New_med.png\",\"width\":719,\"height\":181,\"caption\":\"Trident Newspaper\"},\"image\":{\"@id\":\"https:\/\/tridentnewspaper.com\/#\/schema\/logo\/image\/\"},\"sameAs\":[\"https:\/\/www.facebook.com\/Trident-News-202801813483\/\",\"https:\/\/x.com\/trident_news\"]}]}<\/script>\n<!-- \/ Yoast SEO plugin. -->","yoast_head_json":{"title":"Get Involved | Trident Newspaper","robots":{"index":"index","follow":"follow","max-snippet":"max-snippet:-1","max-image-preview":"max-image-preview:large","max-video-preview":"max-video-preview:-1"},"canonical":"https:\/\/tridentnewspaper.com\/fr\/ndwcc2025\/get-involved-impliquez-vous\/","og_locale":"fr_CA","og_type":"article","og_title":"Get Involved | Trident Newspaper","og_description":"NDWCC Home\u00a0 \u00a0 \u00a0 \u00a0\u00a0Coordination Team\u00a0\u00a0\u00a0 \u00a0 \u00a0\u00a0Q&amp;A\u00a0 \u00a0 \u00a0 \u00a0\u00a0Resources Events\/Initiatives\u00a0 \u00a0 \u00a0 \u00a0\u00a0Articles &amp; Video\u00a0\u00a0\u00a0 \u00a0 \u00a0\u00a0Recognition\u00a0 \u00a0 \u00a0 \u00a0\u00a0Get Involved Get Involved\u00a0 (1) Donate\u00a0 Defence Team members can donate to the NDWCC online using ePledge, which is a secure, convenient (web based, mobile friendly) and simple way [&hellip;]","og_url":"https:\/\/tridentnewspaper.com\/fr\/ndwcc2025\/get-involved-impliquez-vous\/","og_site_name":"Trident Newspaper","article_publisher":"https:\/\/www.facebook.com\/Trident-News-202801813483\/","article_modified_time":"2025-09-08T14:07:35+00:00","og_image":[{"url":"https:\/\/tridentnewspaper.com\/wp-content\/uploads\/2024\/09\/2024-NDWCC-Banner-1024x241.png"}],"twitter_card":"summary_large_image","twitter_site":"@trident_news","twitter_misc":{"Estimation du temps de lecture":"2 minutes"},"schema":{"@context":"https:\/\/schema.org","@graph":[{"@type":"WebPage","@id":"https:\/\/tridentnewspaper.com\/ndwcc2025\/get-involved-impliquez-vous\/","url":"https:\/\/tridentnewspaper.com\/ndwcc2025\/get-involved-impliquez-vous\/","name":"Get Involved | Trident Newspaper","isPartOf":{"@id":"https:\/\/tridentnewspaper.com\/#website"},"primaryImageOfPage":{"@id":"https:\/\/tridentnewspaper.com\/ndwcc2025\/get-involved-impliquez-vous\/#primaryimage"},"image":{"@id":"https:\/\/tridentnewspaper.com\/ndwcc2025\/get-involved-impliquez-vous\/#primaryimage"},"thumbnailUrl":"https:\/\/tridentnewspaper.com\/wp-content\/uploads\/2024\/09\/2024-NDWCC-Banner-1024x241.png","datePublished":"2025-09-02T12:40:20+00:00","dateModified":"2025-09-08T14:07:35+00:00","breadcrumb":{"@id":"https:\/\/tridentnewspaper.com\/ndwcc2025\/get-involved-impliquez-vous\/#breadcrumb"},"inLanguage":"fr-CA","potentialAction":[{"@type":"ReadAction","target":["https:\/\/tridentnewspaper.com\/ndwcc2025\/get-involved-impliquez-vous\/"]}]},{"@type":"ImageObject","inLanguage":"fr-CA","@id":"https:\/\/tridentnewspaper.com\/ndwcc2025\/get-involved-impliquez-vous\/#primaryimage","url":"https:\/\/tridentnewspaper.com\/wp-content\/uploads\/2024\/09\/2024-NDWCC-Banner-1024x241.png","contentUrl":"https:\/\/tridentnewspaper.com\/wp-content\/uploads\/2024\/09\/2024-NDWCC-Banner-1024x241.png"},{"@type":"BreadcrumbList","@id":"https:\/\/tridentnewspaper.com\/ndwcc2025\/get-involved-impliquez-vous\/#breadcrumb","itemListElement":[{"@type":"ListItem","position":1,"name":"Home","item":"https:\/\/tridentnewspaper.com\/"},{"@type":"ListItem","position":2,"name":"NDWCC 2025","item":"https:\/\/tridentnewspaper.com\/ndwcc2025\/"},{"@type":"ListItem","position":3,"name":"Get Involved"}]},{"@type":"WebSite","@id":"https:\/\/tridentnewspaper.com\/#website","url":"https:\/\/tridentnewspaper.com\/","name":"Trident Newspaper","description":"CFB Halifax Trident Navy Newspaper","publisher":{"@id":"https:\/\/tridentnewspaper.com\/#organization"},"potentialAction":[{"@type":"SearchAction","target":{"@type":"EntryPoint","urlTemplate":"https:\/\/tridentnewspaper.com\/?s={search_term_string}"},"query-input":"required name=search_term_string"}],"inLanguage":"fr-CA"},{"@type":"Organization","@id":"https:\/\/tridentnewspaper.com\/#organization","name":"Trident Newspaper","url":"https:\/\/tridentnewspaper.com\/","logo":{"@type":"ImageObject","inLanguage":"fr-CA","@id":"https:\/\/tridentnewspaper.com\/#\/schema\/logo\/image\/","url":"https:\/\/tridentnewspaper.com\/wp-content\/uploads\/2017\/01\/Trident_Masthead_New_med.png","contentUrl":"https:\/\/tridentnewspaper.com\/wp-content\/uploads\/2017\/01\/Trident_Masthead_New_med.png","width":719,"height":181,"caption":"Trident Newspaper"},"image":{"@id":"https:\/\/tridentnewspaper.com\/#\/schema\/logo\/image\/"},"sameAs":["https:\/\/www.facebook.com\/Trident-News-202801813483\/","https:\/\/x.com\/trident_news"]}]}},"jetpack_sharing_enabled":true,"jetpack_shortlink":"https:\/\/wp.me\/P8oCsG-3Up","_links":{"self":[{"href":"https:\/\/tridentnewspaper.com\/fr\/wp-json\/wp\/v2\/pages\/15029"}],"collection":[{"href":"https:\/\/tridentnewspaper.com\/fr\/wp-json\/wp\/v2\/pages"}],"about":[{"href":"https:\/\/tridentnewspaper.com\/fr\/wp-json\/wp\/v2\/types\/page"}],"author":[{"embeddable":true,"href":"https:\/\/tridentnewspaper.com\/fr\/wp-json\/wp\/v2\/users\/2"}],"replies":[{"embeddable":true,"href":"https:\/\/tridentnewspaper.com\/fr\/wp-json\/wp\/v2\/comments?post=15029"}],"version-history":[{"count":8,"href":"https:\/\/tridentnewspaper.com\/fr\/wp-json\/wp\/v2\/pages\/15029\/revisions"}],"predecessor-version":[{"id":15144,"href":"https:\/\/tridentnewspaper.com\/fr\/wp-json\/wp\/v2\/pages\/15029\/revisions\/15144"}],"up":[{"embeddable":true,"href":"https:\/\/tridentnewspaper.com\/fr\/wp-json\/wp\/v2\/pages\/15021"}],"wp:attachment":[{"href":"https:\/\/tridentnewspaper.com\/fr\/wp-json\/wp\/v2\/media?parent=15029"}],"curies":[{"name":"wp","href":"https:\/\/api.w.org\/{rel}","templated":true}]}}