{"id":15027,"date":"2025-09-02T09:39:47","date_gmt":"2025-09-02T12:39:47","guid":{"rendered":"https:\/\/tridentnewspaper.com\/?page_id=15027"},"modified":"2025-12-01T11:40:32","modified_gmt":"2025-12-01T15:40:32","slug":"events-initiatives-activites-initiatives","status":"publish","type":"page","link":"https:\/\/tridentnewspaper.com\/fr\/ndwcc2025\/events-initiatives-activites-initiatives\/","title":{"rendered":"Activit\u00e9s\/Initiatives"},"content":{"rendered":"<p><img loading=\"lazy\" decoding=\"async\" class=\"size-large wp-image-13363 aligncenter\" src=\"https:\/\/tridentnewspaper.com\/wp-content\/uploads\/2024\/09\/2024-NDWCC-Banner-1024x241.png\" alt=\"\" width=\"810\" height=\"191\" srcset=\"https:\/\/tridentnewspaper.com\/wp-content\/uploads\/2024\/09\/2024-NDWCC-Banner-1024x241.png 1024w, https:\/\/tridentnewspaper.com\/wp-content\/uploads\/2024\/09\/2024-NDWCC-Banner-300x71.png 300w, https:\/\/tridentnewspaper.com\/wp-content\/uploads\/2024\/09\/2024-NDWCC-Banner-768x181.png 768w, https:\/\/tridentnewspaper.com\/wp-content\/uploads\/2024\/09\/2024-NDWCC-Banner-1536x362.png 1536w, https:\/\/tridentnewspaper.com\/wp-content\/uploads\/2024\/09\/2024-NDWCC-Banner-18x4.png 18w, https:\/\/tridentnewspaper.com\/wp-content\/uploads\/2024\/09\/2024-NDWCC-Banner-431x102.png 431w, https:\/\/tridentnewspaper.com\/wp-content\/uploads\/2024\/09\/2024-NDWCC-Banner-862x203.png 862w, https:\/\/tridentnewspaper.com\/wp-content\/uploads\/2024\/09\/2024-NDWCC-Banner.png 1736w\" sizes=\"(max-width: 810px) 100vw, 810px\" \/><\/p>\n<h5 style=\"text-align: center;\"><span style=\"color: #333399;\"><span style=\"text-decoration: underline;\"><i><a href=\"https:\/\/Tridentnewspaper.com\/frndwcc2025\"><u>Page d\u2019accueil de la CCMTDN<\/u><\/a><\/i><\/span><i>\u00a0 \u00a0 \u00a0 \u00a0\u00a0<\/i><span style=\"text-decoration: underline;\"><i><a href=\"https:\/\/tridentnewspaper.com\/fr\/ndwcc2025\/coordination-team-equipe-de-coordination\/\">\u00c9quipe de coordination<\/a><\/i>\u00a0<\/span>\u00a0\u00a0 \u00a0 \u00a0\u00a0<a href=\"https:\/\/tridentnewspaper.com\/fr\/ndwcc2025\/qa-faq\/\"><span style=\"text-decoration: underline;\"><i>FAQ<\/i><\/span><\/a>\u00a0 \u00a0 \u00a0 \u00a0\u00a0<a href=\"https:\/\/tridentnewspaper.com\/fr\/ndwcc2025\/resources-ressources\/\"><span style=\"text-decoration: underline;\"><em>Ressources<\/em><\/span><\/a><i><br \/>\n<\/i><a href=\"https:\/\/tridentnewspaper.com\/fr\/ndwcc2025\/events-initiatives-activites-initiatives\/\"><span style=\"text-decoration: underline;\">Activit\u00e9s\/Initiatives<\/span><\/a>\u00a0 \u00a0 \u00a0 \u00a0\u00a0<\/span><span style=\"color: #333399;\"><a href=\"https:\/\/tridentnewspaper.com\/fr\/ndwcc2025\/articles-video-articles-et-videos\/\"><span style=\"text-decoration: underline;\"><i>Articles et vid\u00e9os<\/i><\/span>\u00a0\u00a0<\/a>\u00a0 \u00a0 \u00a0\u00a0<a href=\"https:\/\/tridentnewspaper.com\/fr\/ndwcc2025\/recognition-reconnaissance\/\"><span style=\"text-decoration: underline;\"><i>Reconnaissance<\/i><\/span><\/a>\u00a0 \u00a0 \u00a0 \u00a0\u00a0<a href=\"https:\/\/tridentnewspaper.com\/fr\/ndwcc2025\/get-involved-impliquez-vous\/\"><span style=\"text-decoration: underline;\"><i>Impliquez-vous<\/i><\/span><\/a><\/span><\/h5>\n<hr \/>\n<h3 style=\"text-align: left;\"><span style=\"color: #800000;\"><b>Activit\u00e9s\/Initiatives\u00a0<\/b><\/span><\/h3>\n<hr \/>\n<p><strong><em>Est-ce que vous ou votre unit\u00e9 pr\u00e9voyez d\u2019organiser une activit\u00e9 de collecte de fonds pour la CCMTDN \u00e0 laquelle tous les membres de l\u2019\u00c9quipe de la D\u00e9fense locale peuvent participer? Vous pouvez utiliser\u00a0<a href=\"https:\/\/tridentnewspaper.com\/wp-content\/uploads\/2025\/09\/NDWCC-Unit-Event-Submission-Form_FR.docx\">ce formulaire<\/a>\u00a0pour proposer votre activit\u00e9 afin qu\u2019elle soit publi\u00e9e dans la mise \u00e0 jour hebdomadaire de la CCMTDN de la r\u00e9gion d\u2019Halifax, qui sera diffus\u00e9e chaque lundi pendant la campagne \u00e0 l\u2019\u00e9chelle de la base par courriel, sur nos r\u00e9seaux des m\u00e9dias sociaux de la BFC Halifax et sur le\u00a0<a href=\"https:\/\/tridentnewspaper.com\/fr\/ndwcc2025\/events-initiatives-activites-initiatives\/\" data-saferedirecturl=\"https:\/\/www.google.com\/url?q=https:\/\/tridentnewspaper.com\/ndwcc-eventsinitiatives\/&amp;source=gmail&amp;ust=1694540256712000&amp;usg=AOvVaw0sYeIbbIdn9YkJpSzZwJ5J\">https:\/\/tridentnewspaper.com\/fr\/ndwcc2025\/events-initiatives-activites-initiatives\/<\/a>. Envoyez les formulaires de proposition d\u2019activit\u00e9 \u00e0\u00a0<a href=\"mailto:NDWCCHalifax@forces.gc.ca\">NDWCCHalifax@forces.gc.ca<\/a> et restez \u00e0 l\u2019aff\u00fbt des activit\u00e9s auxquelles vous pourriez vouloir participer!<\/em><\/strong><\/p>\n<p><span style=\"background-color: #fdf2d0;\"><b>La salle d\u2019\u00e9vasion de la CCMTDN\u00a0<\/b><\/span><\/p>\n<p><b>Du 4 novembre au 16 d\u00e9cembre<\/b><\/p>\n<p><b>Quand : \u00a0\u00a0\u00a0\u00a0\u00a0\u00a0\u00a0\u00a0\u00a0\u00a0\u00a0\u00a0\u00a0\u00a0\u00a0 <\/b><span style=\"font-weight: 400;\">Du 4 novembre au 16 d\u00e9cembre\u00a0<\/span><\/p>\n<p><b>O\u00f9 : \u00a0\u00a0\u00a0\u00a0\u00a0\u00a0\u00a0\u00a0\u00a0\u00a0\u00a0\u00a0\u00a0\u00a0<\/b><span style=\"font-weight: 400;\">Chapelle St Brendan (Stadacona, b\u00e2timent S7)<\/span><\/p>\n<p><span style=\"font-weight: 400;\">Les cloches du mariage sonnent \u00e0 la BFC Halifax avec une toute nouvelle salle d\u2019\u00e9vasion de la #CCMTDN, qui se d\u00e9roulera du 4 novembre au 16 d\u00e9cembre, \u00e0 la chapelle St. Brendan\u2019s Chapel (b\u00e2timent S7 Stadacona, 2710 Admirals Way).<\/span><\/p>\n<p><span style=\"font-weight: 400;\">Rassemblez votre \u00e9quipe de huit personnes et pr\u00e9parez-vous \u00e0 r\u00e9soudre des \u00e9nigmes pour aider les presque-mari\u00e9s \u00e0 se rendre \u00e0 l\u2019autel lors de l\u2019une de nos trois s\u00e9ances quotidiennes d\u2019une heure, \u00e0 9 h, 11 h ou 13 h (\u00e0 l\u2019exception des vendredis apr\u00e8s-midi).\u00a0<\/span><\/p>\n<p><span style=\"font-weight: 400;\">Rassemblez votre \u00e9quipe de huit personnes et pr\u00e9parez-vous \u00e0 r\u00e9soudre des \u00e9nigmes pour aider les presque-mari\u00e9s \u00e0 se rendre \u00e0 l\u2019autel lors de l\u2019une de nos trois s\u00e9ances quotidiennes d\u2019une heure, \u00e0 9 h, 11 h ou 13 h (\u00e0 l\u2019exception des vendredis apr\u00e8s-midi).<\/span><\/p>\n<p><span style=\"font-weight: 400;\">\u00a0<\/span><span style=\"font-weight: 400;\">Pour toute r\u00e9servation ou demande de stationnement, veuillez communiquer avec <\/span><a href=\"mailto:Joseph.Abando@forces.gc.ca\"><span style=\"font-weight: 400;\">Joseph.Abando@forces.gc.ca<\/span><\/a><span style=\"font-weight: 400;\"> et <\/span><a href=\"mailto:Leah.Coughlin@forces.gc.ca\"><span style=\"font-weight: 400;\">Leah.Coughlin@forces.gc.ca<\/span><\/a><span style=\"font-weight: 400;\">.<\/span><\/p>\n<p><span style=\"background-color: #fdf2d0;\"><b>Tirage de fauteuil de d\u00e9tente \u2013 CCMTDN de l\u2019IMF Cape Scott\u00a0<\/b><\/span><\/p>\n<p><b>5 d\u00e9cembre<\/b><\/p>\n<p><span style=\"font-weight: 400;\">Achetez des billets pour courir la chance de gagner un ensemble de fauteuils de d\u00e9tente (cliquez <\/span><a href=\"https:\/\/tridentnewspaper.com\/wp-content\/uploads\/2025\/10\/NDWCCRaffleTicketsFMF_TV_EN.png\"><span style=\"font-weight: 400;\">ici<\/span><\/a><span style=\"font-weight: 400;\"> pour voir la photo des fauteuils).\u00a0<\/span><\/p>\n<p><b>Billets : \u00a0\u00a0\u00a0\u00a0\u00a0\u00a0\u00a0\u00a0\u00a0\u00a0\u00a0<\/b><span style=\"font-weight: 400;\">1 pour 2 $\u00a0<\/span><\/p>\n<p><span style=\"font-weight: 400;\">\u00a0 \u00a0 \u00a0 \u00a0 \u00a0 \u00a0 \u00a0 \u00a0 \u00a0 \u00a0 \u00a0 \u00a0 \u00a0 \u00a0 \u00a0 3 pour 5 $<\/span><\/p>\n<p><b>Date du tirage : \u00a0\u00a0\u00a0\u00a0 <\/b><span style=\"font-weight: 400;\">5 d\u00e9cembre<\/span><\/p>\n<p><span style=\"font-weight: 400;\">Si vous avez des questions ou d\u00e9sirez acheter des billets, veuillez envoyer un courriel \u00e0 <\/span><a href=\"mailto:Gabrielle.Brunette@forces.gc.ca\"><span style=\"font-weight: 400;\">Gabrielle.Brunette@forces.gc.ca<\/span><\/a><span style=\"font-weight: 400;\"> ou <\/span><a href=\"mailto:Nicole.MacCormack@forces.gc.ca\"><span style=\"font-weight: 400;\">Nicole.MacCormack@forces.gc.ca<\/span><\/a><span style=\"font-weight: 400;\">.\u00a0<\/span><\/p>","protected":false},"excerpt":{"rendered":"<p>NDWCC Home\u00a0 \u00a0 \u00a0 \u00a0\u00a0Coordination Team\u00a0\u00a0\u00a0 \u00a0 \u00a0\u00a0Q&amp;A\u00a0 \u00a0 \u00a0 \u00a0\u00a0Resources Events\/Initiatives\u00a0 \u00a0 \u00a0 \u00a0\u00a0Articles &amp; Video\u00a0\u00a0\u00a0 \u00a0 \u00a0\u00a0Recognition\u00a0 \u00a0 \u00a0 \u00a0\u00a0Get Involved Events\/Initiatives\u00a0 Are you or your unit planning an NDWCC fundraising event that is open to all local Defence Team members? You can use\u00a0this form\u00a0to submit your event [&hellip;]<\/p>","protected":false},"author":2,"featured_media":0,"parent":15021,"menu_order":0,"comment_status":"closed","ping_status":"closed","template":"","meta":{"_monsterinsights_skip_tracking":false,"_monsterinsights_sitenote_active":false,"_monsterinsights_sitenote_note":"","_monsterinsights_sitenote_category":0,"jetpack_post_was_ever_published":false,"footnotes":""},"yoast_head":"<!-- This site is optimized with the Yoast SEO plugin v22.6 - https:\/\/yoast.com\/wordpress\/plugins\/seo\/ -->\n<title>Events\/Initiatives | Trident Newspaper<\/title>\n<meta name=\"robots\" content=\"index, follow, max-snippet:-1, max-image-preview:large, max-video-preview:-1\" \/>\n<link rel=\"canonical\" href=\"https:\/\/tridentnewspaper.com\/fr\/ndwcc2025\/events-initiatives-activites-initiatives\/\" \/>\n<meta property=\"og:locale\" content=\"fr_CA\" \/>\n<meta property=\"og:type\" content=\"article\" \/>\n<meta property=\"og:title\" content=\"Events\/Initiatives | Trident Newspaper\" \/>\n<meta property=\"og:description\" content=\"NDWCC Home\u00a0 \u00a0 \u00a0 \u00a0\u00a0Coordination Team\u00a0\u00a0\u00a0 \u00a0 \u00a0\u00a0Q&amp;A\u00a0 \u00a0 \u00a0 \u00a0\u00a0Resources Events\/Initiatives\u00a0 \u00a0 \u00a0 \u00a0\u00a0Articles &amp; Video\u00a0\u00a0\u00a0 \u00a0 \u00a0\u00a0Recognition\u00a0 \u00a0 \u00a0 \u00a0\u00a0Get Involved Events\/Initiatives\u00a0 Are you or your unit planning an NDWCC fundraising event that is open to all local Defence Team members? You can use\u00a0this form\u00a0to submit your event [&hellip;]\" \/>\n<meta property=\"og:url\" content=\"https:\/\/tridentnewspaper.com\/fr\/ndwcc2025\/events-initiatives-activites-initiatives\/\" \/>\n<meta property=\"og:site_name\" content=\"Trident Newspaper\" \/>\n<meta property=\"article:publisher\" content=\"https:\/\/www.facebook.com\/Trident-News-202801813483\/\" \/>\n<meta property=\"article:modified_time\" content=\"2025-12-01T15:40:32+00:00\" \/>\n<meta property=\"og:image\" content=\"https:\/\/tridentnewspaper.com\/wp-content\/uploads\/2024\/09\/2024-NDWCC-Banner-1024x241.png\" \/>\n<meta name=\"twitter:card\" content=\"summary_large_image\" \/>\n<meta name=\"twitter:site\" content=\"@trident_news\" \/>\n<meta name=\"twitter:label1\" content=\"Estimation du temps de lecture\" \/>\n\t<meta name=\"twitter:data1\" content=\"2 minutes\" \/>\n<script type=\"application\/ld+json\" class=\"yoast-schema-graph\">{\"@context\":\"https:\/\/schema.org\",\"@graph\":[{\"@type\":\"WebPage\",\"@id\":\"https:\/\/tridentnewspaper.com\/ndwcc2025\/events-initiatives-activites-initiatives\/\",\"url\":\"https:\/\/tridentnewspaper.com\/ndwcc2025\/events-initiatives-activites-initiatives\/\",\"name\":\"Events\/Initiatives | Trident Newspaper\",\"isPartOf\":{\"@id\":\"https:\/\/tridentnewspaper.com\/#website\"},\"primaryImageOfPage\":{\"@id\":\"https:\/\/tridentnewspaper.com\/ndwcc2025\/events-initiatives-activites-initiatives\/#primaryimage\"},\"image\":{\"@id\":\"https:\/\/tridentnewspaper.com\/ndwcc2025\/events-initiatives-activites-initiatives\/#primaryimage\"},\"thumbnailUrl\":\"https:\/\/tridentnewspaper.com\/wp-content\/uploads\/2024\/09\/2024-NDWCC-Banner-1024x241.png\",\"datePublished\":\"2025-09-02T12:39:47+00:00\",\"dateModified\":\"2025-12-01T15:40:32+00:00\",\"breadcrumb\":{\"@id\":\"https:\/\/tridentnewspaper.com\/ndwcc2025\/events-initiatives-activites-initiatives\/#breadcrumb\"},\"inLanguage\":\"fr-CA\",\"potentialAction\":[{\"@type\":\"ReadAction\",\"target\":[\"https:\/\/tridentnewspaper.com\/ndwcc2025\/events-initiatives-activites-initiatives\/\"]}]},{\"@type\":\"ImageObject\",\"inLanguage\":\"fr-CA\",\"@id\":\"https:\/\/tridentnewspaper.com\/ndwcc2025\/events-initiatives-activites-initiatives\/#primaryimage\",\"url\":\"https:\/\/tridentnewspaper.com\/wp-content\/uploads\/2024\/09\/2024-NDWCC-Banner-1024x241.png\",\"contentUrl\":\"https:\/\/tridentnewspaper.com\/wp-content\/uploads\/2024\/09\/2024-NDWCC-Banner-1024x241.png\"},{\"@type\":\"BreadcrumbList\",\"@id\":\"https:\/\/tridentnewspaper.com\/ndwcc2025\/events-initiatives-activites-initiatives\/#breadcrumb\",\"itemListElement\":[{\"@type\":\"ListItem\",\"position\":1,\"name\":\"Home\",\"item\":\"https:\/\/tridentnewspaper.com\/\"},{\"@type\":\"ListItem\",\"position\":2,\"name\":\"NDWCC 2025\",\"item\":\"https:\/\/tridentnewspaper.com\/ndwcc2025\/\"},{\"@type\":\"ListItem\",\"position\":3,\"name\":\"Events\/Initiatives\"}]},{\"@type\":\"WebSite\",\"@id\":\"https:\/\/tridentnewspaper.com\/#website\",\"url\":\"https:\/\/tridentnewspaper.com\/\",\"name\":\"Trident Newspaper\",\"description\":\"CFB Halifax Trident Navy Newspaper\",\"publisher\":{\"@id\":\"https:\/\/tridentnewspaper.com\/#organization\"},\"potentialAction\":[{\"@type\":\"SearchAction\",\"target\":{\"@type\":\"EntryPoint\",\"urlTemplate\":\"https:\/\/tridentnewspaper.com\/?s={search_term_string}\"},\"query-input\":\"required name=search_term_string\"}],\"inLanguage\":\"fr-CA\"},{\"@type\":\"Organization\",\"@id\":\"https:\/\/tridentnewspaper.com\/#organization\",\"name\":\"Trident Newspaper\",\"url\":\"https:\/\/tridentnewspaper.com\/\",\"logo\":{\"@type\":\"ImageObject\",\"inLanguage\":\"fr-CA\",\"@id\":\"https:\/\/tridentnewspaper.com\/#\/schema\/logo\/image\/\",\"url\":\"https:\/\/tridentnewspaper.com\/wp-content\/uploads\/2017\/01\/Trident_Masthead_New_med.png\",\"contentUrl\":\"https:\/\/tridentnewspaper.com\/wp-content\/uploads\/2017\/01\/Trident_Masthead_New_med.png\",\"width\":719,\"height\":181,\"caption\":\"Trident Newspaper\"},\"image\":{\"@id\":\"https:\/\/tridentnewspaper.com\/#\/schema\/logo\/image\/\"},\"sameAs\":[\"https:\/\/www.facebook.com\/Trident-News-202801813483\/\",\"https:\/\/x.com\/trident_news\"]}]}<\/script>\n<!-- \/ Yoast SEO plugin. -->","yoast_head_json":{"title":"Events\/Initiatives | Trident Newspaper","robots":{"index":"index","follow":"follow","max-snippet":"max-snippet:-1","max-image-preview":"max-image-preview:large","max-video-preview":"max-video-preview:-1"},"canonical":"https:\/\/tridentnewspaper.com\/fr\/ndwcc2025\/events-initiatives-activites-initiatives\/","og_locale":"fr_CA","og_type":"article","og_title":"Events\/Initiatives | Trident Newspaper","og_description":"NDWCC Home\u00a0 \u00a0 \u00a0 \u00a0\u00a0Coordination Team\u00a0\u00a0\u00a0 \u00a0 \u00a0\u00a0Q&amp;A\u00a0 \u00a0 \u00a0 \u00a0\u00a0Resources Events\/Initiatives\u00a0 \u00a0 \u00a0 \u00a0\u00a0Articles &amp; Video\u00a0\u00a0\u00a0 \u00a0 \u00a0\u00a0Recognition\u00a0 \u00a0 \u00a0 \u00a0\u00a0Get Involved Events\/Initiatives\u00a0 Are you or your unit planning an NDWCC fundraising event that is open to all local Defence Team members? You can use\u00a0this form\u00a0to submit your event [&hellip;]","og_url":"https:\/\/tridentnewspaper.com\/fr\/ndwcc2025\/events-initiatives-activites-initiatives\/","og_site_name":"Trident Newspaper","article_publisher":"https:\/\/www.facebook.com\/Trident-News-202801813483\/","article_modified_time":"2025-12-01T15:40:32+00:00","og_image":[{"url":"https:\/\/tridentnewspaper.com\/wp-content\/uploads\/2024\/09\/2024-NDWCC-Banner-1024x241.png"}],"twitter_card":"summary_large_image","twitter_site":"@trident_news","twitter_misc":{"Estimation du temps de lecture":"2 minutes"},"schema":{"@context":"https:\/\/schema.org","@graph":[{"@type":"WebPage","@id":"https:\/\/tridentnewspaper.com\/ndwcc2025\/events-initiatives-activites-initiatives\/","url":"https:\/\/tridentnewspaper.com\/ndwcc2025\/events-initiatives-activites-initiatives\/","name":"Events\/Initiatives | Trident Newspaper","isPartOf":{"@id":"https:\/\/tridentnewspaper.com\/#website"},"primaryImageOfPage":{"@id":"https:\/\/tridentnewspaper.com\/ndwcc2025\/events-initiatives-activites-initiatives\/#primaryimage"},"image":{"@id":"https:\/\/tridentnewspaper.com\/ndwcc2025\/events-initiatives-activites-initiatives\/#primaryimage"},"thumbnailUrl":"https:\/\/tridentnewspaper.com\/wp-content\/uploads\/2024\/09\/2024-NDWCC-Banner-1024x241.png","datePublished":"2025-09-02T12:39:47+00:00","dateModified":"2025-12-01T15:40:32+00:00","breadcrumb":{"@id":"https:\/\/tridentnewspaper.com\/ndwcc2025\/events-initiatives-activites-initiatives\/#breadcrumb"},"inLanguage":"fr-CA","potentialAction":[{"@type":"ReadAction","target":["https:\/\/tridentnewspaper.com\/ndwcc2025\/events-initiatives-activites-initiatives\/"]}]},{"@type":"ImageObject","inLanguage":"fr-CA","@id":"https:\/\/tridentnewspaper.com\/ndwcc2025\/events-initiatives-activites-initiatives\/#primaryimage","url":"https:\/\/tridentnewspaper.com\/wp-content\/uploads\/2024\/09\/2024-NDWCC-Banner-1024x241.png","contentUrl":"https:\/\/tridentnewspaper.com\/wp-content\/uploads\/2024\/09\/2024-NDWCC-Banner-1024x241.png"},{"@type":"BreadcrumbList","@id":"https:\/\/tridentnewspaper.com\/ndwcc2025\/events-initiatives-activites-initiatives\/#breadcrumb","itemListElement":[{"@type":"ListItem","position":1,"name":"Home","item":"https:\/\/tridentnewspaper.com\/"},{"@type":"ListItem","position":2,"name":"NDWCC 2025","item":"https:\/\/tridentnewspaper.com\/ndwcc2025\/"},{"@type":"ListItem","position":3,"name":"Events\/Initiatives"}]},{"@type":"WebSite","@id":"https:\/\/tridentnewspaper.com\/#website","url":"https:\/\/tridentnewspaper.com\/","name":"Trident Newspaper","description":"CFB Halifax Trident Navy Newspaper","publisher":{"@id":"https:\/\/tridentnewspaper.com\/#organization"},"potentialAction":[{"@type":"SearchAction","target":{"@type":"EntryPoint","urlTemplate":"https:\/\/tridentnewspaper.com\/?s={search_term_string}"},"query-input":"required name=search_term_string"}],"inLanguage":"fr-CA"},{"@type":"Organization","@id":"https:\/\/tridentnewspaper.com\/#organization","name":"Trident Newspaper","url":"https:\/\/tridentnewspaper.com\/","logo":{"@type":"ImageObject","inLanguage":"fr-CA","@id":"https:\/\/tridentnewspaper.com\/#\/schema\/logo\/image\/","url":"https:\/\/tridentnewspaper.com\/wp-content\/uploads\/2017\/01\/Trident_Masthead_New_med.png","contentUrl":"https:\/\/tridentnewspaper.com\/wp-content\/uploads\/2017\/01\/Trident_Masthead_New_med.png","width":719,"height":181,"caption":"Trident Newspaper"},"image":{"@id":"https:\/\/tridentnewspaper.com\/#\/schema\/logo\/image\/"},"sameAs":["https:\/\/www.facebook.com\/Trident-News-202801813483\/","https:\/\/x.com\/trident_news"]}]}},"jetpack_sharing_enabled":true,"jetpack_shortlink":"https:\/\/wp.me\/P8oCsG-3Un","_links":{"self":[{"href":"https:\/\/tridentnewspaper.com\/fr\/wp-json\/wp\/v2\/pages\/15027"}],"collection":[{"href":"https:\/\/tridentnewspaper.com\/fr\/wp-json\/wp\/v2\/pages"}],"about":[{"href":"https:\/\/tridentnewspaper.com\/fr\/wp-json\/wp\/v2\/types\/page"}],"author":[{"embeddable":true,"href":"https:\/\/tridentnewspaper.com\/fr\/wp-json\/wp\/v2\/users\/2"}],"replies":[{"embeddable":true,"href":"https:\/\/tridentnewspaper.com\/fr\/wp-json\/wp\/v2\/comments?post=15027"}],"version-history":[{"count":25,"href":"https:\/\/tridentnewspaper.com\/fr\/wp-json\/wp\/v2\/pages\/15027\/revisions"}],"predecessor-version":[{"id":15677,"href":"https:\/\/tridentnewspaper.com\/fr\/wp-json\/wp\/v2\/pages\/15027\/revisions\/15677"}],"up":[{"embeddable":true,"href":"https:\/\/tridentnewspaper.com\/fr\/wp-json\/wp\/v2\/pages\/15021"}],"wp:attachment":[{"href":"https:\/\/tridentnewspaper.com\/fr\/wp-json\/wp\/v2\/media?parent=15027"}],"curies":[{"name":"wp","href":"https:\/\/api.w.org\/{rel}","templated":true}]}}