{"id":15021,"date":"2025-09-02T09:24:59","date_gmt":"2025-09-02T12:24:59","guid":{"rendered":"https:\/\/tridentnewspaper.com\/?page_id=15021"},"modified":"2025-09-08T14:29:00","modified_gmt":"2025-09-08T17:29:00","slug":"ndwcc2025","status":"publish","type":"page","link":"https:\/\/tridentnewspaper.com\/fr\/ndwcc2025\/","title":{"rendered":"CCMTDN 2025"},"content":{"rendered":"<p><img loading=\"lazy\" decoding=\"async\" class=\"size-large wp-image-13363 aligncenter\" src=\"https:\/\/tridentnewspaper.com\/wp-content\/uploads\/2024\/09\/2024-NDWCC-Banner-1024x241.png\" alt=\"\" width=\"810\" height=\"191\" srcset=\"https:\/\/tridentnewspaper.com\/wp-content\/uploads\/2024\/09\/2024-NDWCC-Banner-1024x241.png 1024w, https:\/\/tridentnewspaper.com\/wp-content\/uploads\/2024\/09\/2024-NDWCC-Banner-300x71.png 300w, https:\/\/tridentnewspaper.com\/wp-content\/uploads\/2024\/09\/2024-NDWCC-Banner-768x181.png 768w, https:\/\/tridentnewspaper.com\/wp-content\/uploads\/2024\/09\/2024-NDWCC-Banner-1536x362.png 1536w, https:\/\/tridentnewspaper.com\/wp-content\/uploads\/2024\/09\/2024-NDWCC-Banner-18x4.png 18w, https:\/\/tridentnewspaper.com\/wp-content\/uploads\/2024\/09\/2024-NDWCC-Banner-431x102.png 431w, https:\/\/tridentnewspaper.com\/wp-content\/uploads\/2024\/09\/2024-NDWCC-Banner-862x203.png 862w, https:\/\/tridentnewspaper.com\/wp-content\/uploads\/2024\/09\/2024-NDWCC-Banner.png 1736w\" sizes=\"(max-width: 810px) 100vw, 810px\" \/><\/p>\n<h5 style=\"text-align: center;\"><span style=\"color: #333399;\"><span style=\"text-decoration: underline;\"><i><a href=\"https:\/\/Tridentnewspaper.com\/frndwcc2025\"><u>Page d\u2019accueil de la CCMTDN<\/u><\/a><\/i><\/span><i>\u00a0 \u00a0 \u00a0 \u00a0\u00a0<\/i><span style=\"text-decoration: underline;\"><i><a href=\"https:\/\/tridentnewspaper.com\/fr\/ndwcc2025\/coordination-team-equipe-de-coordination\/\">\u00c9quipe de coordination<\/a><\/i>\u00a0<\/span>\u00a0\u00a0 \u00a0 \u00a0\u00a0<a href=\"https:\/\/tridentnewspaper.com\/fr\/ndwcc2025\/qa-faq\/\"><span style=\"text-decoration: underline;\"><i>FAQ<\/i><\/span><\/a>\u00a0 \u00a0 \u00a0 \u00a0\u00a0<a href=\"https:\/\/tridentnewspaper.com\/fr\/ndwcc2025\/resources-ressources\/\"><span style=\"text-decoration: underline;\"><em>Ressources<\/em><\/span><\/a><i><br \/>\n<\/i><a href=\"https:\/\/tridentnewspaper.com\/fr\/ndwcc2025\/events-initiatives-activites-initiatives\/\"><span style=\"text-decoration: underline;\">Activit\u00e9s\/Initiatives<\/span><\/a>\u00a0 \u00a0 \u00a0 \u00a0\u00a0<\/span><span style=\"color: #333399;\"><a href=\"https:\/\/tridentnewspaper.com\/fr\/ndwcc2025\/articles-video-articles-et-videos\/\"><span style=\"text-decoration: underline;\"><i>Articles et vid\u00e9os<\/i><\/span>\u00a0\u00a0<\/a>\u00a0 \u00a0 \u00a0\u00a0<a href=\"https:\/\/tridentnewspaper.com\/fr\/ndwcc2025\/recognition-reconnaissance\/\"><span style=\"text-decoration: underline;\"><i>Reconnaissance<\/i><\/span><\/a>\u00a0 \u00a0 \u00a0 \u00a0\u00a0<a href=\"https:\/\/tridentnewspaper.com\/fr\/ndwcc2025\/get-involved-impliquez-vous\/\"><span style=\"text-decoration: underline;\"><i>Impliquez-vous<\/i><\/span><\/a><\/span><\/h5>\n<hr \/>\n<h3 style=\"text-align: center;\"><span style=\"color: #800000;\"><b>Campagne de charit\u00e9 en milieu de travail de la<br \/>\n<\/b><b>D\u00e9fense nationale 2025 \u2013 R\u00e9gion d\u2019Halifax<\/b><\/span><\/h3>\n<h4 style=\"text-align: center;\"><b><span style=\"color: #800000;\"><i><span style=\"font-weight: 400;\">September 8 \u2013 December 12, 2025<\/span><\/i><\/span><\/b><\/h4>\n<p style=\"text-align: center;\"><a href=\"https:\/\/tridentnewspaper.com\/fr\/2025-halifax-region-national-defence-workplace-charitable-campaign-champions-message\/\"><b>Cliquez ici pour la message de la championne de la Campagne de charit\u00e9 en milieu de travail de la D\u00e9fense nationale 2025 de la r\u00e9gion d\u2019Halifax<\/b><\/a><\/p>\n<p style=\"text-align: center;\"><a href=\"https:\/\/www.facebook.com\/CFB.BFC.Halifax\/videos\/1889684521890522\" target=\"_blank\" rel=\"noopener\" data-saferedirecturl=\"https:\/\/www.google.com\/url?q=https:\/\/www.facebook.com\/CFB.BFC.Halifax\/videos\/1889684521890522&amp;source=gmail&amp;ust=1757438736210000&amp;usg=AOvVaw2wNoKCmUHruIxh4-o4L_Ae\"><b>Reel de lancement de la CCMTDN dans la r\u00e9gion d\u2019Halifax (vid\u00e9o)<\/b><\/a><\/p>\n<hr \/>\n<p><span style=\"font-weight: 400;\">La Campagne de charit\u00e9 en milieu de travail de la D\u00e9fense nationale (CCMTDN) 2025 est lanc\u00e9e dans la r\u00e9gion d\u2019Halifax!<\/span><\/p>\n<p><span style=\"font-weight: 400;\">La CCMTDN, qui s\u2019inscrit dans le cadre de la Campagne de charit\u00e9 en milieu de travail du gouvernement du Canada, est une campagne de bienfaisance r\u00e9serv\u00e9e aux employ\u00e9s et aux retrait\u00e9s de la fonction publique f\u00e9d\u00e9rale.\u202f The NDWCC provides Defence Team members with a direct line to donate to over 86,000 charities, including numerous organizations with strong ties to Canada\u2019s military.<\/span><\/p>\n<p><span style=\"font-weight: 400;\">La CCMTDN dans la r\u00e9gion d\u2019Halifax, organis\u00e9e en collaboration avec Centraide Halifax chaque automne, fait partie de l\u2019engagement de l\u2019\u00c9quipe de la D\u00e9fense locale d\u2019avoir une incidence sociale consid\u00e9rable et positive dans nos quartiers et nos collectivit\u00e9s.\u202f\u00a0<\/span><\/p>\n<p><span style=\"font-weight: 400;\">Nous encourageons les membres de l\u2019\u00c9quipe de la D\u00e9fense de la r\u00e9gion d\u2019Halifax, tant militaires que civils, \u00e0 participer de toutes les fa\u00e7ons possibles, que ce soit en faisant un don par l\u2019entremise du site de dons en ligne, par retenues \u00e0 la source ou par carte de cr\u00e9dit; en organisant une activit\u00e9 virtuelle ou en personne ou en participant \u00e0 des collectes de fonds, \u00e0 des tirages et \u00e0 des loteries, ou encore en faisant du b\u00e9n\u00e9volat dans la communaut\u00e9. Chaque contribution individuelle compte.\u00a0<\/span><\/p>\n<p><span style=\"font-weight: 400;\">Veuillez-vous joindre \u00e0 nous en ligne pendant la campagne de cette ann\u00e9e. Utilisez ce site Web comme une ressource et assurez-vous de suivre la BFC\u202fHalifax sur\u00a0<\/span><a href=\"http:\/\/www.facebook.com\/CFB.BFC.Halifax\"><span style=\"font-weight: 400;\">Facebook<\/span><\/a><span style=\"font-weight: 400;\">,\u00a0<\/span><a href=\"http:\/\/www.instagram.com\/cfb.bfc.halifax\"><span style=\"font-weight: 400;\">Instagram<\/span><\/a><span style=\"font-weight: 400;\">\u00a0et <\/span><a href=\"http:\/\/www.twitter.com\/CFB_BFCHalifax\"><span style=\"font-weight: 400;\">Twitter<\/span><\/a><span style=\"font-weight: 400;\"> pour obtenir encore plus de renseignements sur les dons en ligne,\u202fla sollicitation \u00e0 distance,\u202fles activit\u00e9s de la CCMTDN et plus encore!<\/span><\/p>\n<p><span style=\"font-weight: 400;\">Merci \u00e0 tous, \u00e0 l\u2019avance, pour vos contributions \u00e0 la campagne de cette ann\u00e9e. Ensemble, nous pouvons faire une diff\u00e9rence dans la vie de ceux qui sont dans le besoin.\u00a0<\/span><\/p>\n<p>&nbsp;<\/p>","protected":false},"excerpt":{"rendered":"<p>NDWCC Home\u00a0 \u00a0 \u00a0 \u00a0\u00a0Coordination Team\u00a0\u00a0\u00a0 \u00a0 \u00a0\u00a0Q&amp;A\u00a0 \u00a0 \u00a0 \u00a0\u00a0Resources Events\/Initiatives\u00a0 \u00a0 \u00a0 \u00a0\u00a0Articles &amp; Video\u00a0\u00a0\u00a0 \u00a0 \u00a0\u00a0Recognition\u00a0 \u00a0 \u00a0 \u00a0\u00a0Get Involved 2025 National Defence Workplace Charitable Campaign \u2013 Halifax Region September 8 \u2013 December 12, 2025 Click here for the 2025 Halifax Region National Defence Workplace Charitable Campaign [&hellip;]<\/p>","protected":false},"author":2,"featured_media":0,"parent":0,"menu_order":0,"comment_status":"closed","ping_status":"closed","template":"","meta":{"_monsterinsights_skip_tracking":false,"_monsterinsights_sitenote_active":false,"_monsterinsights_sitenote_note":"","_monsterinsights_sitenote_category":0,"jetpack_post_was_ever_published":false,"footnotes":""},"yoast_head":"<!-- This site is optimized with the Yoast SEO plugin v22.6 - https:\/\/yoast.com\/wordpress\/plugins\/seo\/ -->\n<title>NDWCC 2025 | Trident Newspaper<\/title>\n<meta name=\"robots\" content=\"index, follow, max-snippet:-1, max-image-preview:large, max-video-preview:-1\" \/>\n<link rel=\"canonical\" href=\"https:\/\/tridentnewspaper.com\/fr\/ndwcc2025\/\" \/>\n<meta property=\"og:locale\" content=\"fr_CA\" \/>\n<meta property=\"og:type\" content=\"article\" \/>\n<meta property=\"og:title\" content=\"NDWCC 2025 | Trident Newspaper\" \/>\n<meta property=\"og:description\" content=\"NDWCC Home\u00a0 \u00a0 \u00a0 \u00a0\u00a0Coordination Team\u00a0\u00a0\u00a0 \u00a0 \u00a0\u00a0Q&amp;A\u00a0 \u00a0 \u00a0 \u00a0\u00a0Resources Events\/Initiatives\u00a0 \u00a0 \u00a0 \u00a0\u00a0Articles &amp; Video\u00a0\u00a0\u00a0 \u00a0 \u00a0\u00a0Recognition\u00a0 \u00a0 \u00a0 \u00a0\u00a0Get Involved 2025 National Defence Workplace Charitable Campaign \u2013 Halifax Region September 8 \u2013 December 12, 2025 Click here for the 2025 Halifax Region National Defence Workplace Charitable Campaign [&hellip;]\" \/>\n<meta property=\"og:url\" content=\"https:\/\/tridentnewspaper.com\/fr\/ndwcc2025\/\" \/>\n<meta property=\"og:site_name\" content=\"Trident Newspaper\" \/>\n<meta property=\"article:publisher\" content=\"https:\/\/www.facebook.com\/Trident-News-202801813483\/\" \/>\n<meta property=\"article:modified_time\" content=\"2025-09-08T17:29:00+00:00\" \/>\n<meta property=\"og:image\" content=\"https:\/\/tridentnewspaper.com\/wp-content\/uploads\/2024\/09\/2024-NDWCC-Banner-1024x241.png\" \/>\n<meta name=\"twitter:card\" content=\"summary_large_image\" \/>\n<meta name=\"twitter:site\" content=\"@trident_news\" \/>\n<meta name=\"twitter:label1\" content=\"Estimation du temps de lecture\" \/>\n\t<meta name=\"twitter:data1\" content=\"2 minutes\" \/>\n<script type=\"application\/ld+json\" class=\"yoast-schema-graph\">{\"@context\":\"https:\/\/schema.org\",\"@graph\":[{\"@type\":\"WebPage\",\"@id\":\"https:\/\/tridentnewspaper.com\/ndwcc2025\/\",\"url\":\"https:\/\/tridentnewspaper.com\/ndwcc2025\/\",\"name\":\"NDWCC 2025 | Trident Newspaper\",\"isPartOf\":{\"@id\":\"https:\/\/tridentnewspaper.com\/#website\"},\"primaryImageOfPage\":{\"@id\":\"https:\/\/tridentnewspaper.com\/ndwcc2025\/#primaryimage\"},\"image\":{\"@id\":\"https:\/\/tridentnewspaper.com\/ndwcc2025\/#primaryimage\"},\"thumbnailUrl\":\"https:\/\/tridentnewspaper.com\/wp-content\/uploads\/2024\/09\/2024-NDWCC-Banner-1024x241.png\",\"datePublished\":\"2025-09-02T12:24:59+00:00\",\"dateModified\":\"2025-09-08T17:29:00+00:00\",\"breadcrumb\":{\"@id\":\"https:\/\/tridentnewspaper.com\/ndwcc2025\/#breadcrumb\"},\"inLanguage\":\"fr-CA\",\"potentialAction\":[{\"@type\":\"ReadAction\",\"target\":[\"https:\/\/tridentnewspaper.com\/ndwcc2025\/\"]}]},{\"@type\":\"ImageObject\",\"inLanguage\":\"fr-CA\",\"@id\":\"https:\/\/tridentnewspaper.com\/ndwcc2025\/#primaryimage\",\"url\":\"https:\/\/tridentnewspaper.com\/wp-content\/uploads\/2024\/09\/2024-NDWCC-Banner-1024x241.png\",\"contentUrl\":\"https:\/\/tridentnewspaper.com\/wp-content\/uploads\/2024\/09\/2024-NDWCC-Banner-1024x241.png\"},{\"@type\":\"BreadcrumbList\",\"@id\":\"https:\/\/tridentnewspaper.com\/ndwcc2025\/#breadcrumb\",\"itemListElement\":[{\"@type\":\"ListItem\",\"position\":1,\"name\":\"Home\",\"item\":\"https:\/\/tridentnewspaper.com\/\"},{\"@type\":\"ListItem\",\"position\":2,\"name\":\"NDWCC 2025\"}]},{\"@type\":\"WebSite\",\"@id\":\"https:\/\/tridentnewspaper.com\/#website\",\"url\":\"https:\/\/tridentnewspaper.com\/\",\"name\":\"Trident Newspaper\",\"description\":\"CFB Halifax Trident Navy Newspaper\",\"publisher\":{\"@id\":\"https:\/\/tridentnewspaper.com\/#organization\"},\"potentialAction\":[{\"@type\":\"SearchAction\",\"target\":{\"@type\":\"EntryPoint\",\"urlTemplate\":\"https:\/\/tridentnewspaper.com\/?s={search_term_string}\"},\"query-input\":\"required name=search_term_string\"}],\"inLanguage\":\"fr-CA\"},{\"@type\":\"Organization\",\"@id\":\"https:\/\/tridentnewspaper.com\/#organization\",\"name\":\"Trident Newspaper\",\"url\":\"https:\/\/tridentnewspaper.com\/\",\"logo\":{\"@type\":\"ImageObject\",\"inLanguage\":\"fr-CA\",\"@id\":\"https:\/\/tridentnewspaper.com\/#\/schema\/logo\/image\/\",\"url\":\"https:\/\/tridentnewspaper.com\/wp-content\/uploads\/2017\/01\/Trident_Masthead_New_med.png\",\"contentUrl\":\"https:\/\/tridentnewspaper.com\/wp-content\/uploads\/2017\/01\/Trident_Masthead_New_med.png\",\"width\":719,\"height\":181,\"caption\":\"Trident Newspaper\"},\"image\":{\"@id\":\"https:\/\/tridentnewspaper.com\/#\/schema\/logo\/image\/\"},\"sameAs\":[\"https:\/\/www.facebook.com\/Trident-News-202801813483\/\",\"https:\/\/x.com\/trident_news\"]}]}<\/script>\n<!-- \/ Yoast SEO plugin. -->","yoast_head_json":{"title":"NDWCC 2025 | Trident Newspaper","robots":{"index":"index","follow":"follow","max-snippet":"max-snippet:-1","max-image-preview":"max-image-preview:large","max-video-preview":"max-video-preview:-1"},"canonical":"https:\/\/tridentnewspaper.com\/fr\/ndwcc2025\/","og_locale":"fr_CA","og_type":"article","og_title":"NDWCC 2025 | Trident Newspaper","og_description":"NDWCC Home\u00a0 \u00a0 \u00a0 \u00a0\u00a0Coordination Team\u00a0\u00a0\u00a0 \u00a0 \u00a0\u00a0Q&amp;A\u00a0 \u00a0 \u00a0 \u00a0\u00a0Resources Events\/Initiatives\u00a0 \u00a0 \u00a0 \u00a0\u00a0Articles &amp; Video\u00a0\u00a0\u00a0 \u00a0 \u00a0\u00a0Recognition\u00a0 \u00a0 \u00a0 \u00a0\u00a0Get Involved 2025 National Defence Workplace Charitable Campaign \u2013 Halifax Region September 8 \u2013 December 12, 2025 Click here for the 2025 Halifax Region National Defence Workplace Charitable Campaign [&hellip;]","og_url":"https:\/\/tridentnewspaper.com\/fr\/ndwcc2025\/","og_site_name":"Trident Newspaper","article_publisher":"https:\/\/www.facebook.com\/Trident-News-202801813483\/","article_modified_time":"2025-09-08T17:29:00+00:00","og_image":[{"url":"https:\/\/tridentnewspaper.com\/wp-content\/uploads\/2024\/09\/2024-NDWCC-Banner-1024x241.png"}],"twitter_card":"summary_large_image","twitter_site":"@trident_news","twitter_misc":{"Estimation du temps de lecture":"2 minutes"},"schema":{"@context":"https:\/\/schema.org","@graph":[{"@type":"WebPage","@id":"https:\/\/tridentnewspaper.com\/ndwcc2025\/","url":"https:\/\/tridentnewspaper.com\/ndwcc2025\/","name":"NDWCC 2025 | Trident Newspaper","isPartOf":{"@id":"https:\/\/tridentnewspaper.com\/#website"},"primaryImageOfPage":{"@id":"https:\/\/tridentnewspaper.com\/ndwcc2025\/#primaryimage"},"image":{"@id":"https:\/\/tridentnewspaper.com\/ndwcc2025\/#primaryimage"},"thumbnailUrl":"https:\/\/tridentnewspaper.com\/wp-content\/uploads\/2024\/09\/2024-NDWCC-Banner-1024x241.png","datePublished":"2025-09-02T12:24:59+00:00","dateModified":"2025-09-08T17:29:00+00:00","breadcrumb":{"@id":"https:\/\/tridentnewspaper.com\/ndwcc2025\/#breadcrumb"},"inLanguage":"fr-CA","potentialAction":[{"@type":"ReadAction","target":["https:\/\/tridentnewspaper.com\/ndwcc2025\/"]}]},{"@type":"ImageObject","inLanguage":"fr-CA","@id":"https:\/\/tridentnewspaper.com\/ndwcc2025\/#primaryimage","url":"https:\/\/tridentnewspaper.com\/wp-content\/uploads\/2024\/09\/2024-NDWCC-Banner-1024x241.png","contentUrl":"https:\/\/tridentnewspaper.com\/wp-content\/uploads\/2024\/09\/2024-NDWCC-Banner-1024x241.png"},{"@type":"BreadcrumbList","@id":"https:\/\/tridentnewspaper.com\/ndwcc2025\/#breadcrumb","itemListElement":[{"@type":"ListItem","position":1,"name":"Home","item":"https:\/\/tridentnewspaper.com\/"},{"@type":"ListItem","position":2,"name":"NDWCC 2025"}]},{"@type":"WebSite","@id":"https:\/\/tridentnewspaper.com\/#website","url":"https:\/\/tridentnewspaper.com\/","name":"Trident Newspaper","description":"CFB Halifax Trident Navy Newspaper","publisher":{"@id":"https:\/\/tridentnewspaper.com\/#organization"},"potentialAction":[{"@type":"SearchAction","target":{"@type":"EntryPoint","urlTemplate":"https:\/\/tridentnewspaper.com\/?s={search_term_string}"},"query-input":"required name=search_term_string"}],"inLanguage":"fr-CA"},{"@type":"Organization","@id":"https:\/\/tridentnewspaper.com\/#organization","name":"Trident Newspaper","url":"https:\/\/tridentnewspaper.com\/","logo":{"@type":"ImageObject","inLanguage":"fr-CA","@id":"https:\/\/tridentnewspaper.com\/#\/schema\/logo\/image\/","url":"https:\/\/tridentnewspaper.com\/wp-content\/uploads\/2017\/01\/Trident_Masthead_New_med.png","contentUrl":"https:\/\/tridentnewspaper.com\/wp-content\/uploads\/2017\/01\/Trident_Masthead_New_med.png","width":719,"height":181,"caption":"Trident Newspaper"},"image":{"@id":"https:\/\/tridentnewspaper.com\/#\/schema\/logo\/image\/"},"sameAs":["https:\/\/www.facebook.com\/Trident-News-202801813483\/","https:\/\/x.com\/trident_news"]}]}},"jetpack_sharing_enabled":true,"jetpack_shortlink":"https:\/\/wp.me\/P8oCsG-3Uh","_links":{"self":[{"href":"https:\/\/tridentnewspaper.com\/fr\/wp-json\/wp\/v2\/pages\/15021"}],"collection":[{"href":"https:\/\/tridentnewspaper.com\/fr\/wp-json\/wp\/v2\/pages"}],"about":[{"href":"https:\/\/tridentnewspaper.com\/fr\/wp-json\/wp\/v2\/types\/page"}],"author":[{"embeddable":true,"href":"https:\/\/tridentnewspaper.com\/fr\/wp-json\/wp\/v2\/users\/2"}],"replies":[{"embeddable":true,"href":"https:\/\/tridentnewspaper.com\/fr\/wp-json\/wp\/v2\/comments?post=15021"}],"version-history":[{"count":16,"href":"https:\/\/tridentnewspaper.com\/fr\/wp-json\/wp\/v2\/pages\/15021\/revisions"}],"predecessor-version":[{"id":15216,"href":"https:\/\/tridentnewspaper.com\/fr\/wp-json\/wp\/v2\/pages\/15021\/revisions\/15216"}],"wp:attachment":[{"href":"https:\/\/tridentnewspaper.com\/fr\/wp-json\/wp\/v2\/media?parent=15021"}],"curies":[{"name":"wp","href":"https:\/\/api.w.org\/{rel}","templated":true}]}}