{"id":129,"date":"2017-02-07T18:53:59","date_gmt":"2017-02-08T02:53:59","guid":{"rendered":"https:\/\/tridentnewspaper.com\/?page_id=129"},"modified":"2025-09-25T11:10:18","modified_gmt":"2025-09-25T14:10:18","slug":"military-links","status":"publish","type":"page","link":"https:\/\/tridentnewspaper.com\/fr\/military-links\/","title":{"rendered":"liens militaires"},"content":{"rendered":"<div data-elementor-type=\"wp-page\" data-elementor-id=\"129\" class=\"elementor elementor-129\">\n\t\t\t\t\t\t<div class=\"elementor-inner\">\n\t\t\t\t<div class=\"elementor-section-wrap\">\n\t\t\t\t\t\t\t\t\t<section class=\"elementor-section elementor-top-section elementor-element elementor-element-clzlrg2 elementor-section-boxed elementor-section-height-default elementor-section-height-default\" data-id=\"clzlrg2\" data-element_type=\"section\">\n\t\t\t\t\t\t<div class=\"elementor-container elementor-column-gap-default\">\n\t\t\t\t\t\t\t<div class=\"elementor-row\">\n\t\t\t\t\t<div class=\"elementor-column elementor-col-50 elementor-top-column elementor-element elementor-element-hut500d\" data-id=\"hut500d\" data-element_type=\"column\">\n\t\t\t<div class=\"elementor-column-wrap elementor-element-populated\">\n\t\t\t\t\t\t\t<div class=\"elementor-widget-wrap\">\n\t\t\t\t\t\t<div class=\"elementor-element elementor-element-e45p13a elementor-position-top elementor-hidden-phone elementor-view-default elementor-mobile-position-top elementor-vertical-align-top elementor-widget elementor-widget-icon-box\" data-id=\"e45p13a\" data-element_type=\"widget\" data-widget_type=\"icon-box.default\">\n\t\t\t\t<div class=\"elementor-widget-container\">\n\t\t\t\t\t<div class=\"elementor-icon-box-wrapper\">\n\t\t\t\t\t\t<div class=\"elementor-icon-box-icon\">\n\t\t\t\t<span class=\"elementor-icon elementor-animation-grow\" >\n\t\t\t\t<i class=\"fa fa-mouse-pointer\" aria-hidden=\"true\"><\/i>\t\t\t\t<\/span>\n\t\t\t<\/div>\n\t\t\t\t\t\t<div class=\"elementor-icon-box-content\">\n\t\t\t\t<h3 class=\"elementor-icon-box-title\">\n\t\t\t\t\t<span  >\n\t\t\t\t\t\t\t\t\t\t\t<\/span>\n\t\t\t\t<\/h3>\n\t\t\t\t\t\t\t<\/div>\n\t\t<\/div>\n\t\t\t\t<\/div>\n\t\t\t\t<\/div>\n\t\t\t\t\t\t<\/div>\n\t\t\t\t\t<\/div>\n\t\t<\/div>\n\t\t\t\t<div class=\"elementor-column elementor-col-50 elementor-top-column elementor-element elementor-element-s04pgb3\" data-id=\"s04pgb3\" data-element_type=\"column\">\n\t\t\t<div class=\"elementor-column-wrap elementor-element-populated\">\n\t\t\t\t\t\t\t<div class=\"elementor-widget-wrap\">\n\t\t\t\t\t\t<div class=\"elementor-element elementor-element-ue3oust elementor-widget elementor-widget-text-editor\" data-id=\"ue3oust\" data-element_type=\"widget\" data-widget_type=\"text-editor.default\">\n\t\t\t\t<div class=\"elementor-widget-container\">\n\t\t\t\t\t\t\t\t<div class=\"elementor-text-editor elementor-clearfix\">\n\t\t\t\t<div class=\"classif\"><h3><a>Liens des forces arm\u00e9es<br \/><\/a><\/h3><div class=\"classif\"><p style=\"padding-left: 60px;\"><span style=\"color: #b02b33;\"><strong>MND<\/strong><\/span><br \/><a href=\"http:\/\/www.forces.gc.ca\" target=\"_blank\" rel=\"noopener\"> www.forces.gc.ca<\/a><\/p><p style=\"padding-left: 60px;\"><span style=\"color: #b02b33;\"><strong>la Marine Royale Canadienne<br \/><\/strong><\/span><a href=\"https:\/\/www.canada.ca\/fr\/marine.html\" target=\"_blank\" rel=\"noopener\">https:\/\/www.canada.ca\/fr\/marine.html<\/a><\/p><p style=\"padding-left: 60px;\"><span style=\"color: #b02b33;\"><strong>Forces maritimes du Pacifique<\/strong><\/span><br \/><a href=\"https:\/\/www.canada.ca\/en\/navy\/corporate\/our-organization\/structure\/marpac.html\" target=\"_blank\" rel=\"noopener\">https:\/\/www.canada.ca\/en\/navy\/corporate\/our-organization\/structure\/marpac.html<\/a><\/p><p style=\"padding-left: 60px;\"><span style=\"color: #b02b33;\"><strong>Forces maritimes de l'Atlantique<\/strong><\/span><br \/><a href=\"https:\/\/www.canada.ca\/en\/navy\/corporate\/our-organization\/structure\/marlant.html\" target=\"_blank\" rel=\"noopener\">https:\/\/www.canada.ca\/en\/navy\/corporate\/our-organization\/structure\/marlant.html<\/a><\/p><p style=\"padding-left: 60px;\"><span style=\"color: #b02b33;\"><strong>Galerie d'images des Forces canadiennes<\/strong><\/span><br \/><a href=\"http:\/\/www.combatcamera.forces.gc.ca\" target=\"_blank\" rel=\"noopener\"> www.combatcamera.forces.gc.ca<\/a><\/p><div class=\"classif\"><p style=\"padding-left: 60px;\"><span style=\"color: #b02b33;\"><strong>Marine des \u00c9tats-Unis<br \/><\/strong><\/span><a href=\"http:\/\/www.navy.mil\" target=\"_blank\" rel=\"noopener\">www.navy.mil<\/a><\/p><\/div><\/div><\/div>\t\t\t\t\t<\/div>\n\t\t\t\t\t\t<\/div>\n\t\t\t\t<\/div>\n\t\t\t\t\t\t<\/div>\n\t\t\t\t\t<\/div>\n\t\t<\/div>\n\t\t\t\t\t\t\t\t<\/div>\n\t\t\t\t\t<\/div>\n\t\t<\/section>\n\t\t\t\t<section class=\"elementor-section elementor-top-section elementor-element elementor-element-88iwza6 elementor-section-boxed elementor-section-height-default elementor-section-height-default\" data-id=\"88iwza6\" data-element_type=\"section\">\n\t\t\t\t\t\t<div class=\"elementor-container elementor-column-gap-default\">\n\t\t\t\t\t\t\t<div class=\"elementor-row\">\n\t\t\t\t\t<div class=\"elementor-column elementor-col-50 elementor-top-column elementor-element elementor-element-hpqq1q2\" data-id=\"hpqq1q2\" data-element_type=\"column\">\n\t\t\t<div class=\"elementor-column-wrap elementor-element-populated\">\n\t\t\t\t\t\t\t<div class=\"elementor-widget-wrap\">\n\t\t\t\t\t\t<div class=\"elementor-element elementor-element-5g9k84m elementor-position-top elementor-hidden-phone elementor-view-default elementor-mobile-position-top elementor-vertical-align-top elementor-widget elementor-widget-icon-box\" data-id=\"5g9k84m\" data-element_type=\"widget\" data-widget_type=\"icon-box.default\">\n\t\t\t\t<div class=\"elementor-widget-container\">\n\t\t\t\t\t<div class=\"elementor-icon-box-wrapper\">\n\t\t\t\t\t\t<div class=\"elementor-icon-box-icon\">\n\t\t\t\t<span class=\"elementor-icon elementor-animation-grow\" >\n\t\t\t\t<i class=\"fa fa-mouse-pointer\" aria-hidden=\"true\"><\/i>\t\t\t\t<\/span>\n\t\t\t<\/div>\n\t\t\t\t\t\t<div class=\"elementor-icon-box-content\">\n\t\t\t\t<h3 class=\"elementor-icon-box-title\">\n\t\t\t\t\t<span  >\n\t\t\t\t\t\t\t\t\t\t\t<\/span>\n\t\t\t\t<\/h3>\n\t\t\t\t\t\t\t<\/div>\n\t\t<\/div>\n\t\t\t\t<\/div>\n\t\t\t\t<\/div>\n\t\t\t\t\t\t<\/div>\n\t\t\t\t\t<\/div>\n\t\t<\/div>\n\t\t\t\t<div class=\"elementor-column elementor-col-50 elementor-top-column elementor-element elementor-element-wu8ivjd\" data-id=\"wu8ivjd\" data-element_type=\"column\">\n\t\t\t<div class=\"elementor-column-wrap elementor-element-populated\">\n\t\t\t\t\t\t\t<div class=\"elementor-widget-wrap\">\n\t\t\t\t\t\t<div class=\"elementor-element elementor-element-lk8cn4m elementor-widget elementor-widget-text-editor\" data-id=\"lk8cn4m\" data-element_type=\"widget\" data-widget_type=\"text-editor.default\">\n\t\t\t\t<div class=\"elementor-widget-container\">\n\t\t\t\t\t\t\t\t<div class=\"elementor-text-editor elementor-clearfix\">\n\t\t\t\t<h3 style=\"text-align: left;\"><a>Autre<\/a><\/h3><div><div style=\"padding-left: 30px;\"><p style=\"padding-left: 30px;\"><span style=\"color: #b02b33;\"><strong>Mus\u00e9e naval et militaire de la BFC Esquimalt (en anglais seulement)<\/strong><\/span><br \/><a href=\"http:\/\/www.navalandmilitarymuseum.org\" target=\"_blank\" rel=\"noopener\"> www.navalandmilitarymuseum.org<\/a><\/p><p style=\"padding-left: 30px;\"><span style=\"color: #b02b33;\"><strong>Mus\u00e9e de l'aviation Shearwater (en anglais seulement)<\/strong><\/span><br \/><a href=\"https:\/\/shearwateraviationmuseum.ca\/\" target=\"_blank\" rel=\"noopener\">https:\/\/shearwateraviationmuseum.ca\/<\/a><\/p><p style=\"padding-left: 30px;\"><span style=\"color: #b02b33;\"><strong>Toronto, Ontario - Le Naval Club de Toronto (en anglais seulement)<\/strong><\/span><br \/><a href=\"http:\/\/www.navalcluboftoronto.com\" target=\"_blank\" rel=\"noopener\"> www.navalcluboftoronto.com<\/a><\/p><p style=\"padding-left: 30px;\"><span style=\"color: #b02b33;\"><strong>John M. Horton, artiste maritime (en anglais seulement)<\/strong><\/span><a href=\"http:\/\/www.johnhorton.ca\" target=\"_blank\" rel=\"noopener\"><br \/>www.johnhorton.ca<\/a><\/p><p style=\"padding-left: 30px;\"><span style=\"color: #b02b33;\"><strong>Admiral Desmond Piers Naval Association (ADPNA)<\/strong><\/span><br \/>located South Shore Nova Scotia<br \/><a href=\"http:\/\/adpna.com\" target=\"_blank\" rel=\"noopener\"> http:\/\/adpna.com<\/a><\/p><p style=\"padding-left: 30px;\"><span style=\"color: #b02b33;\"><strong>Mus\u00e9e militaire de Cornwallis (en anglais seulement)<br \/><\/strong><\/span>Tous les anciens stagiaires du NCSM\/BFC Cornwallis sont invit\u00e9s \u00e0 consulter la page Web.<br \/><a href=\"https:\/\/cornwallismuseumonline.ca\/\">https:\/\/cornwallismuseumonline.ca\/\u00a0<\/a><\/p><p style=\"padding-left: 30px;\"><span style=\"color: #b02b33;\"><strong>Revue navale canadienne (en anglais seulement)<\/strong><\/span><br \/>Un trimestriel publi\u00e9 par le Centre d'\u00e9tudes de la politique \u00e9trang\u00e8re de l'Universit\u00e9 Dalhousie.<br \/><a href=\"http:\/\/www.navalreview.ca\" target=\"_blank\" rel=\"noopener\">www.navalreview.ca<\/a><\/p><p style=\"padding-left: 30px;\"><span style=\"color: #b02b33;\"><strong>NCSM Sackville (en anglais seulement)<\/strong><\/span><br \/>M\u00e9morial naval du Canada<br \/><a href=\"https:\/\/hmcssackville.ca\/\" target=\"_blank\" rel=\"noopener\">https:\/\/hmcssackville.ca\/<\/a><\/p><\/div><\/div>\t\t\t\t\t<\/div>\n\t\t\t\t\t\t<\/div>\n\t\t\t\t<\/div>\n\t\t\t\t<div class=\"elementor-element elementor-element-2e9113a elementor-widget elementor-widget-text-editor\" data-id=\"2e9113a\" data-element_type=\"widget\" data-widget_type=\"text-editor.default\">\n\t\t\t\t<div class=\"elementor-widget-container\">\n\t\t\t\t\t\t\t\t<div class=\"elementor-text-editor elementor-clearfix\">\n\t\t\t\t\t\t\t\t\t<\/div>\n\t\t\t\t\t\t<\/div>\n\t\t\t\t<\/div>\n\t\t\t\t\t\t<\/div>\n\t\t\t\t\t<\/div>\n\t\t<\/div>\n\t\t\t\t\t\t\t\t<\/div>\n\t\t\t\t\t<\/div>\n\t\t<\/section>\n\t\t\t\t<section class=\"elementor-section elementor-top-section elementor-element elementor-element-xfdja4y elementor-section-boxed elementor-section-height-default elementor-section-height-default\" data-id=\"xfdja4y\" data-element_type=\"section\">\n\t\t\t\t\t\t<div class=\"elementor-container elementor-column-gap-default\">\n\t\t\t\t\t\t\t<div class=\"elementor-row\">\n\t\t\t\t\t<div class=\"elementor-column elementor-col-50 elementor-top-column elementor-element elementor-element-b1mypyy\" data-id=\"b1mypyy\" data-element_type=\"column\">\n\t\t\t<div class=\"elementor-column-wrap elementor-element-populated\">\n\t\t\t\t\t\t\t<div class=\"elementor-widget-wrap\">\n\t\t\t\t\t\t<div class=\"elementor-element elementor-element-wyyxwaj elementor-position-top elementor-hidden-phone elementor-view-default elementor-mobile-position-top elementor-vertical-align-top elementor-widget elementor-widget-icon-box\" data-id=\"wyyxwaj\" data-element_type=\"widget\" data-widget_type=\"icon-box.default\">\n\t\t\t\t<div class=\"elementor-widget-container\">\n\t\t\t\t\t<div class=\"elementor-icon-box-wrapper\">\n\t\t\t\t\t\t<div class=\"elementor-icon-box-icon\">\n\t\t\t\t<span class=\"elementor-icon elementor-animation-grow\" >\n\t\t\t\t<i class=\"fa fa-mouse-pointer\" aria-hidden=\"true\"><\/i>\t\t\t\t<\/span>\n\t\t\t<\/div>\n\t\t\t\t\t\t<div class=\"elementor-icon-box-content\">\n\t\t\t\t<h3 class=\"elementor-icon-box-title\">\n\t\t\t\t\t<span  >\n\t\t\t\t\t\t\t\t\t\t\t<\/span>\n\t\t\t\t<\/h3>\n\t\t\t\t\t\t\t<\/div>\n\t\t<\/div>\n\t\t\t\t<\/div>\n\t\t\t\t<\/div>\n\t\t\t\t\t\t<\/div>\n\t\t\t\t\t<\/div>\n\t\t<\/div>\n\t\t\t\t<div class=\"elementor-column elementor-col-50 elementor-top-column elementor-element elementor-element-l624fte\" data-id=\"l624fte\" data-element_type=\"column\">\n\t\t\t<div class=\"elementor-column-wrap elementor-element-populated\">\n\t\t\t\t\t\t\t<div class=\"elementor-widget-wrap\">\n\t\t\t\t\t\t<div class=\"elementor-element elementor-element-tgnorww elementor-widget elementor-widget-text-editor\" data-id=\"tgnorww\" data-element_type=\"widget\" data-widget_type=\"text-editor.default\">\n\t\t\t\t<div class=\"elementor-widget-container\">\n\t\t\t\t\t\t\t\t<div class=\"elementor-text-editor elementor-clearfix\">\n\t\t\t\t<div class=\"classif\"><h3 style=\"text-align: left;\"><a>Organisations pour les v\u00e9t\u00e9rans<\/a><\/h3><div class=\"classif\"><div class=\"classif\" style=\"padding-left: 30px;\"><div class=\"classif\"><div class=\"classif\"><p style=\"padding-left: 30px;\"><span style=\"color: #b02b33;\"><strong>Guerriers bless\u00e9s au canada<\/strong><\/span><br \/> <a href=\"http:\/\/woundedwarriors.ca\" target=\"_blank\"> woundedwarriors.ca<\/a><\/p><p style=\"padding-left: 30px;\"><span style=\"color: #b02b33;\"><strong>La Fondation La Patrie grav\u00e9e\nsur le c\u0153ur<\/strong><\/span><br \/> <a href=\"https:\/\/truepatriotlove.com\/fr\/\" target=\"_blank\"> truepatriotlove.com<\/a><\/p><p style=\"padding-left: 30px;\"><span style=\"color: #b02b33;\"><strong>Conseil national des associations d'anciens combattants au Canada<\/strong><\/span><br \/> <a href=\"https:\/\/www.ncva-cnaac.ca\/fr\/\" target=\"_blank\"> https:\/\/www.ncva-cnaac.ca\/fr\/<\/a><\/p><p style=\"padding-left: 30px;\"><span style=\"color: #b02b33;\"><strong>Organisations canadiennes des v\u00e9t\u00e9rans de l'OTAN<\/strong><\/span><br \/> <a href=\"https:\/\/natoveterans.org\/fr\" target=\"_blank\"> https:\/\/natoveterans.org\/fr<\/a><\/p><\/div><\/div><\/div><\/div><\/div>\t\t\t\t\t<\/div>\n\t\t\t\t\t\t<\/div>\n\t\t\t\t<\/div>\n\t\t\t\t\t\t<\/div>\n\t\t\t\t\t<\/div>\n\t\t<\/div>\n\t\t\t\t\t\t\t\t<\/div>\n\t\t\t\t\t<\/div>\n\t\t<\/section>\n\t\t\t\t\t\t\t\t\t<\/div>\n\t\t\t<\/div>\n\t\t\t\t\t<\/div>","protected":false},"excerpt":{"rendered":"<p>Armed Forces links DND www.forces.gc.ca The Royal Canadian Navyhttps:\/\/www.canada.ca\/en\/navy.html Maritime Forces Pacifichttps:\/\/www.canada.ca\/en\/navy\/corporate\/our-organization\/structure\/marpac.html Maritime Forces Atlantichttps:\/\/www.canada.ca\/en\/navy\/corporate\/our-organization\/structure\/marlant.html The Canadian Forces Image Gallery www.combatcamera.forces.gc.ca U.S. Navywww.navy.mil Other CFB Esquimalt Naval and Military Museum www.navalandmilitarymuseum.org Shearwater Aviation Museumhttps:\/\/shearwateraviationmuseum.ca\/ Toronto, Ontario \u2013 The Naval Club of Toronto www.navalcluboftoronto.com John M. Horton, Marine Artistwww.johnhorton.ca Admiral Desmond [&hellip;]<\/p>","protected":false},"author":2,"featured_media":0,"parent":0,"menu_order":0,"comment_status":"closed","ping_status":"closed","template":"","meta":{"_monsterinsights_skip_tracking":false,"_monsterinsights_sitenote_active":false,"_monsterinsights_sitenote_note":"","_monsterinsights_sitenote_category":0,"jetpack_post_was_ever_published":false,"footnotes":""},"yoast_head":"<!-- This site is optimized with the Yoast SEO plugin v22.6 - https:\/\/yoast.com\/wordpress\/plugins\/seo\/ -->\n<title>Military Links | Trident Newspaper<\/title>\n<meta name=\"robots\" content=\"index, follow, max-snippet:-1, max-image-preview:large, max-video-preview:-1\" \/>\n<link rel=\"canonical\" href=\"https:\/\/tridentnewspaper.com\/fr\/military-links\/\" \/>\n<meta property=\"og:locale\" content=\"fr_CA\" \/>\n<meta property=\"og:type\" content=\"article\" \/>\n<meta property=\"og:title\" content=\"Military Links | Trident Newspaper\" \/>\n<meta property=\"og:description\" content=\"Armed Forces links DND www.forces.gc.ca The Royal Canadian Navyhttps:\/\/www.canada.ca\/en\/navy.html Maritime Forces Pacifichttps:\/\/www.canada.ca\/en\/navy\/corporate\/our-organization\/structure\/marpac.html Maritime Forces Atlantichttps:\/\/www.canada.ca\/en\/navy\/corporate\/our-organization\/structure\/marlant.html The Canadian Forces Image Gallery www.combatcamera.forces.gc.ca U.S. Navywww.navy.mil Other CFB Esquimalt Naval and Military Museum www.navalandmilitarymuseum.org Shearwater Aviation Museumhttps:\/\/shearwateraviationmuseum.ca\/ Toronto, Ontario \u2013 The Naval Club of Toronto www.navalcluboftoronto.com John M. Horton, Marine Artistwww.johnhorton.ca Admiral Desmond [&hellip;]\" \/>\n<meta property=\"og:url\" content=\"https:\/\/tridentnewspaper.com\/fr\/military-links\/\" \/>\n<meta property=\"og:site_name\" content=\"Trident Newspaper\" \/>\n<meta property=\"article:publisher\" content=\"https:\/\/www.facebook.com\/Trident-News-202801813483\/\" \/>\n<meta property=\"article:modified_time\" content=\"2025-09-25T14:10:18+00:00\" \/>\n<meta name=\"twitter:card\" content=\"summary_large_image\" \/>\n<meta name=\"twitter:site\" content=\"@trident_news\" \/>\n<meta name=\"twitter:label1\" content=\"Estimation du temps de lecture\" \/>\n\t<meta name=\"twitter:data1\" content=\"1 minute\" \/>\n<script type=\"application\/ld+json\" class=\"yoast-schema-graph\">{\"@context\":\"https:\/\/schema.org\",\"@graph\":[{\"@type\":\"WebPage\",\"@id\":\"https:\/\/tridentnewspaper.com\/military-links\/\",\"url\":\"https:\/\/tridentnewspaper.com\/military-links\/\",\"name\":\"Military Links | Trident Newspaper\",\"isPartOf\":{\"@id\":\"https:\/\/tridentnewspaper.com\/#website\"},\"datePublished\":\"2017-02-08T02:53:59+00:00\",\"dateModified\":\"2025-09-25T14:10:18+00:00\",\"breadcrumb\":{\"@id\":\"https:\/\/tridentnewspaper.com\/military-links\/#breadcrumb\"},\"inLanguage\":\"fr-CA\",\"potentialAction\":[{\"@type\":\"ReadAction\",\"target\":[\"https:\/\/tridentnewspaper.com\/military-links\/\"]}]},{\"@type\":\"BreadcrumbList\",\"@id\":\"https:\/\/tridentnewspaper.com\/military-links\/#breadcrumb\",\"itemListElement\":[{\"@type\":\"ListItem\",\"position\":1,\"name\":\"Home\",\"item\":\"https:\/\/tridentnewspaper.com\/\"},{\"@type\":\"ListItem\",\"position\":2,\"name\":\"Military Links\"}]},{\"@type\":\"WebSite\",\"@id\":\"https:\/\/tridentnewspaper.com\/#website\",\"url\":\"https:\/\/tridentnewspaper.com\/\",\"name\":\"Trident Newspaper\",\"description\":\"CFB Halifax Trident Navy Newspaper\",\"publisher\":{\"@id\":\"https:\/\/tridentnewspaper.com\/#organization\"},\"potentialAction\":[{\"@type\":\"SearchAction\",\"target\":{\"@type\":\"EntryPoint\",\"urlTemplate\":\"https:\/\/tridentnewspaper.com\/?s={search_term_string}\"},\"query-input\":\"required name=search_term_string\"}],\"inLanguage\":\"fr-CA\"},{\"@type\":\"Organization\",\"@id\":\"https:\/\/tridentnewspaper.com\/#organization\",\"name\":\"Trident Newspaper\",\"url\":\"https:\/\/tridentnewspaper.com\/\",\"logo\":{\"@type\":\"ImageObject\",\"inLanguage\":\"fr-CA\",\"@id\":\"https:\/\/tridentnewspaper.com\/#\/schema\/logo\/image\/\",\"url\":\"https:\/\/tridentnewspaper.com\/wp-content\/uploads\/2017\/01\/Trident_Masthead_New_med.png\",\"contentUrl\":\"https:\/\/tridentnewspaper.com\/wp-content\/uploads\/2017\/01\/Trident_Masthead_New_med.png\",\"width\":719,\"height\":181,\"caption\":\"Trident Newspaper\"},\"image\":{\"@id\":\"https:\/\/tridentnewspaper.com\/#\/schema\/logo\/image\/\"},\"sameAs\":[\"https:\/\/www.facebook.com\/Trident-News-202801813483\/\",\"https:\/\/x.com\/trident_news\"]}]}<\/script>\n<!-- \/ Yoast SEO plugin. -->","yoast_head_json":{"title":"Military Links | Trident Newspaper","robots":{"index":"index","follow":"follow","max-snippet":"max-snippet:-1","max-image-preview":"max-image-preview:large","max-video-preview":"max-video-preview:-1"},"canonical":"https:\/\/tridentnewspaper.com\/fr\/military-links\/","og_locale":"fr_CA","og_type":"article","og_title":"Military Links | Trident Newspaper","og_description":"Armed Forces links DND www.forces.gc.ca The Royal Canadian Navyhttps:\/\/www.canada.ca\/en\/navy.html Maritime Forces Pacifichttps:\/\/www.canada.ca\/en\/navy\/corporate\/our-organization\/structure\/marpac.html Maritime Forces Atlantichttps:\/\/www.canada.ca\/en\/navy\/corporate\/our-organization\/structure\/marlant.html The Canadian Forces Image Gallery www.combatcamera.forces.gc.ca U.S. Navywww.navy.mil Other CFB Esquimalt Naval and Military Museum www.navalandmilitarymuseum.org Shearwater Aviation Museumhttps:\/\/shearwateraviationmuseum.ca\/ Toronto, Ontario \u2013 The Naval Club of Toronto www.navalcluboftoronto.com John M. Horton, Marine Artistwww.johnhorton.ca Admiral Desmond [&hellip;]","og_url":"https:\/\/tridentnewspaper.com\/fr\/military-links\/","og_site_name":"Trident Newspaper","article_publisher":"https:\/\/www.facebook.com\/Trident-News-202801813483\/","article_modified_time":"2025-09-25T14:10:18+00:00","twitter_card":"summary_large_image","twitter_site":"@trident_news","twitter_misc":{"Estimation du temps de lecture":"1 minute"},"schema":{"@context":"https:\/\/schema.org","@graph":[{"@type":"WebPage","@id":"https:\/\/tridentnewspaper.com\/military-links\/","url":"https:\/\/tridentnewspaper.com\/military-links\/","name":"Military Links | Trident Newspaper","isPartOf":{"@id":"https:\/\/tridentnewspaper.com\/#website"},"datePublished":"2017-02-08T02:53:59+00:00","dateModified":"2025-09-25T14:10:18+00:00","breadcrumb":{"@id":"https:\/\/tridentnewspaper.com\/military-links\/#breadcrumb"},"inLanguage":"fr-CA","potentialAction":[{"@type":"ReadAction","target":["https:\/\/tridentnewspaper.com\/military-links\/"]}]},{"@type":"BreadcrumbList","@id":"https:\/\/tridentnewspaper.com\/military-links\/#breadcrumb","itemListElement":[{"@type":"ListItem","position":1,"name":"Home","item":"https:\/\/tridentnewspaper.com\/"},{"@type":"ListItem","position":2,"name":"Military Links"}]},{"@type":"WebSite","@id":"https:\/\/tridentnewspaper.com\/#website","url":"https:\/\/tridentnewspaper.com\/","name":"Trident Newspaper","description":"CFB Halifax Trident Navy Newspaper","publisher":{"@id":"https:\/\/tridentnewspaper.com\/#organization"},"potentialAction":[{"@type":"SearchAction","target":{"@type":"EntryPoint","urlTemplate":"https:\/\/tridentnewspaper.com\/?s={search_term_string}"},"query-input":"required name=search_term_string"}],"inLanguage":"fr-CA"},{"@type":"Organization","@id":"https:\/\/tridentnewspaper.com\/#organization","name":"Trident Newspaper","url":"https:\/\/tridentnewspaper.com\/","logo":{"@type":"ImageObject","inLanguage":"fr-CA","@id":"https:\/\/tridentnewspaper.com\/#\/schema\/logo\/image\/","url":"https:\/\/tridentnewspaper.com\/wp-content\/uploads\/2017\/01\/Trident_Masthead_New_med.png","contentUrl":"https:\/\/tridentnewspaper.com\/wp-content\/uploads\/2017\/01\/Trident_Masthead_New_med.png","width":719,"height":181,"caption":"Trident Newspaper"},"image":{"@id":"https:\/\/tridentnewspaper.com\/#\/schema\/logo\/image\/"},"sameAs":["https:\/\/www.facebook.com\/Trident-News-202801813483\/","https:\/\/x.com\/trident_news"]}]}},"jetpack_sharing_enabled":true,"jetpack_shortlink":"https:\/\/wp.me\/P8oCsG-25","_links":{"self":[{"href":"https:\/\/tridentnewspaper.com\/fr\/wp-json\/wp\/v2\/pages\/129"}],"collection":[{"href":"https:\/\/tridentnewspaper.com\/fr\/wp-json\/wp\/v2\/pages"}],"about":[{"href":"https:\/\/tridentnewspaper.com\/fr\/wp-json\/wp\/v2\/types\/page"}],"author":[{"embeddable":true,"href":"https:\/\/tridentnewspaper.com\/fr\/wp-json\/wp\/v2\/users\/2"}],"replies":[{"embeddable":true,"href":"https:\/\/tridentnewspaper.com\/fr\/wp-json\/wp\/v2\/comments?post=129"}],"version-history":[{"count":52,"href":"https:\/\/tridentnewspaper.com\/fr\/wp-json\/wp\/v2\/pages\/129\/revisions"}],"predecessor-version":[{"id":15337,"href":"https:\/\/tridentnewspaper.com\/fr\/wp-json\/wp\/v2\/pages\/129\/revisions\/15337"}],"wp:attachment":[{"href":"https:\/\/tridentnewspaper.com\/fr\/wp-json\/wp\/v2\/media?parent=129"}],"curies":[{"name":"wp","href":"https:\/\/api.w.org\/{rel}","templated":true}]}}