{"id":12022,"date":"2024-02-06T12:42:15","date_gmt":"2024-02-06T16:42:15","guid":{"rendered":"https:\/\/tridentnewspaper.com\/?page_id=12022"},"modified":"2026-03-30T09:51:06","modified_gmt":"2026-03-30T12:51:06","slug":"base-services-spotlights","status":"publish","type":"page","link":"https:\/\/tridentnewspaper.com\/fr\/base-services-spotlights\/","title":{"rendered":"Pleins feux sur les services de la base"},"content":{"rendered":"<h3><b>Contr\u00f4leur de la base \u2013 comptes fournisseurs<\/b><\/h3>\n<p><img loading=\"lazy\" decoding=\"async\" class=\"size-full wp-image-16150 aligncenter\" src=\"https:\/\/tridentnewspaper.com\/wp-content\/uploads\/2026\/03\/Screenshot-2026-03-30-094655.png\" alt=\"\" width=\"697\" height=\"930\" srcset=\"https:\/\/tridentnewspaper.com\/wp-content\/uploads\/2026\/03\/Screenshot-2026-03-30-094655.png 697w, https:\/\/tridentnewspaper.com\/wp-content\/uploads\/2026\/03\/Screenshot-2026-03-30-094655-225x300.png 225w, https:\/\/tridentnewspaper.com\/wp-content\/uploads\/2026\/03\/Screenshot-2026-03-30-094655-9x12.png 9w, https:\/\/tridentnewspaper.com\/wp-content\/uploads\/2026\/03\/Screenshot-2026-03-30-094655-431x575.png 431w\" sizes=\"(max-width: 697px) 100vw, 697px\" \/><\/p>\n<p><b>Combien de personnes travaillent au sein de l\u2019\u00e9quipe des comptes fournisseurs?\u00a0\u00a0\u00a0<\/b><\/p>\n<p><span style=\"font-weight: 400;\">L\u2019\u00e9quipe des comptes fournisseurs compte six membres (trois civils et trois membres des FAC).\u00a0<\/span><\/p>\n<p><b>Quelles sont les responsabilit\u00e9s de l\u2019\u00e9quipe des comptes fournisseurs?\u00a0\u00a0<\/b><\/p>\n<p><span style=\"font-weight: 400;\">Rattach\u00e9e au bureau du contr\u00f4leur de la base, l\u2019\u00e9quipe des comptes fournisseurs est charg\u00e9e de traiter les factures des fournisseurs locaux et nationaux. La plupart des factures concernent les Services logistiques de la base (Log B), la Flotte canadienne de l\u2019Atlantique, les Forces maritimes de l\u2019Atlantique et les contrats des unit\u00e9s h\u00e9berg\u00e9es au sein de la formation. En plus du paiement des factures, l\u2019\u00e9quipe ma\u00eetrise parfaitement les politiques et les proc\u00e9dures requises, veillant \u00e0 ce que les factures soient pay\u00e9es rapidement, avec exactitude et en totalit\u00e9, dans un d\u00e9lai de moins de 30 jours aupr\u00e8s de divers fournisseurs, afin d\u2019\u00e9viter des frais d\u2019int\u00e9r\u00eat inutiles aux budgets des clients.<\/span><\/p>\n<p><b>De quelle fa\u00e7on l\u2019\u00e9quipe des comptes fournisseurs apporte-t-elle son soutien aux membres ou aux op\u00e9rations des FAC?\u00a0<\/b><\/p>\n<p><span style=\"font-weight: 400;\">L\u2019\u00e9quipe des comptes fournisseurs traite les paiements pour les articles qui permettent \u00e0 la flotte de l\u2019Atlantique de quitter les jet\u00e9es et de mener \u00e0 bien des op\u00e9rations \u00e0 l\u2019\u00e9tranger, tout en assurant le bon d\u00e9roulement des op\u00e9rations de la base locale et des unit\u00e9s h\u00e9berg\u00e9es. Elle traite des paiements pour une vari\u00e9t\u00e9 d\u2019articles, comme des joints toriques, des lubrifiants, des guides d\u2019ondes, des ordinateurs, de l\u2019\u00e9quipement de plong\u00e9e, la location de v\u00e9hicules et d\u2019\u00e9quipement, des r\u00e9parations, l\u2019h\u00e9raldique (insignes) et des services de buanderie.\u00a0<\/span><\/p>\n<p><span style=\"font-weight: 400;\">Bien que l\u2019\u00e9quipe des comptes fournisseurs ne soutienne pas directement les membres des FAC (par la r\u00e9mun\u00e9ration, les avantages sociaux ou le paiement des r\u00e9clamations), elle offre souvent de la formation aux nouveaux administrateurs des services financiers afin de s\u2019assurer qu\u2019ils sont pleinement pr\u00e9par\u00e9s \u00e0 traiter des factures nationales et internationales pour des biens et des services, que ce soit en d\u00e9ploiement ou \u00e0 la base. Les besoins de la Marine royale canadienne ayant \u00e9volu\u00e9 au cours des derni\u00e8res ann\u00e9es, l\u2019\u00e9quipe s\u2019est adapt\u00e9e en appuyant le personnel de la flotte dans le maintien d\u2019une cha\u00eene d\u2019approvisionnement solide et s\u00e9curitaire, en veillant \u00e0 ce que les fournisseurs sous contrat soient pay\u00e9s rapidement et correctement.\u00a0<\/span><\/p>\n<p><b>O\u00f9 se trouve l\u2019\u00e9quipe des comptes fournisseurs et comment puis-je communiquer avec elle?\u00a0<\/b><\/p>\n<p><span style=\"font-weight: 400;\">La section des comptes fournisseurs est situ\u00e9e au troisi\u00e8me \u00e9tage du quartier g\u00e9n\u00e9ral de la BFC Halifax (Stadacona, b\u00e2timent S90), dans la salle n\u00ba 344. L\u2019\u00e9quipe peut \u00eatre jointe par courriel \u00e0 : <\/span><a href=\"mailto:hfxaccountspayable@forces.gc.ca\"><span style=\"font-weight: 400;\">hfxaccountspayable@forces.gc.ca<\/span><\/a><span style=\"font-weight: 400;\"> (bo\u00eete surveill\u00e9e quotidiennement).\u00a0<\/span><\/p>\n<p><b>Y a-t-il des r\u00e9alisations dignes de mention ou des faits int\u00e9ressants que vous voudriez nous communiquer au sujet de l\u2019\u00e9quipe des comptes fournisseurs?\u00a0<\/b><\/p>\n<p><span style=\"font-weight: 400;\">Au cours de la derni\u00e8re ann\u00e9e civile, l\u2019\u00e9quipe des comptes fournisseurs a \u00e9t\u00e9 extr\u00eamement occup\u00e9e, traitant plus de 7 100 factures locales et nationales pour une valeur totale d\u00e9passant 79 millions de dollars.<\/span><\/p>\n<p>&nbsp;<\/p>\n<p><strong>Les archives :<\/strong><\/p>\n<p style=\"text-align: left;\"><a href=\"https:\/\/tridentnewspaper.com\/wp-content\/uploads\/2024\/03\/Pay-Recods-FR.pdf\">Solde et dossiers, salle des rapports de la base de Shearwater<\/a><\/p>\n<p><a href=\"https:\/\/tridentnewspaper.com\/wp-content\/uploads\/2024\/04\/Pleins-feux-sur-les-services-de-la-base_Services-aux-etudiants-de-la-base_Final-FR-1.pdf\">Services aux \u00e9tudiants de la base\u00a0<\/a><\/p>\n<p><span style=\"color: #000000;\"><a style=\"color: #000000;\" href=\"https:\/\/tridentnewspaper.com\/wp-content\/uploads\/2024\/05\/Pleins-feux-sur-les-services-de-la-base_Entrepot-de-marchandises-dangereuses-FR.pdf\"><span style=\"color: #000000;\">Entrep\u00f4t de marchandises dangereuses\u00a0<\/span><\/a><\/span><\/p>\n<p><a href=\"https:\/\/tridentnewspaper.com\/wp-content\/uploads\/2024\/05\/Services-consultatifs-du-secteur-de-la-TI_FR.pdf\">Services consultatifs du secteur de la TI<\/a><\/p>\n<p><a href=\"https:\/\/tridentnewspaper.com\/wp-content\/uploads\/2024\/06\/Base-Service-Spotlight_KHM_FR.pdf\">la capitainerie de port de Sa Majest\u00e9\u00a0<\/a><\/p>\n<p><a href=\"https:\/\/tridentnewspaper.com\/wp-content\/uploads\/2024\/08\/Base-Service-Spotlight_Health-Promotions_FR.pdf\">Service de promotion de la sant\u00e9 des PSP Halifax\u00a0<\/a><\/p>\n<p><a href=\"https:\/\/tridentnewspaper.com\/wp-content\/uploads\/2024\/10\/Base-Service-Spotlight_BLog-Main-Depot_FR.pdf\">Entrep\u00f4t principal D206 de la Division du contr\u00f4le du mat\u00e9riel des Services logistiques de la base\u00a0<\/a><\/p>\n<p><a href=\"https:\/\/tridentnewspaper.com\/wp-content\/uploads\/2024\/11\/Base-Ceremonial-Team_FR.pdf\">Base Ceremonial <\/a><\/p>\n<p style=\"font-weight: 400;\"><a href=\"https:\/\/tridentnewspaper.com\/wp-content\/uploads\/2024\/12\/Unit-Spotlight_NOSS_EN.pdf\">Syst\u00e8mes logiciels op\u00e9rationnels de la Marine - Services d\u2019information de la base<\/a><\/p>\n<p><a href=\"https:\/\/tridentnewspaper.com\/wp-content\/uploads\/2025\/02\/Base-Service-Spotlight-Formation-Chaplaincy_FR.pdf\">l\u2019aum\u00f4nier de la formation\u00a0<\/a><\/p>\n<p><a href=\"https:\/\/tridentnewspaper.com\/wp-content\/uploads\/2025\/03\/Base-Service-Spotlight_Clothing-Stores-FR.pdf\">Magasins d\u2019habillement\u00a0<\/a><\/p>\n<p><a href=\"https:\/\/tridentnewspaper.com\/wp-content\/uploads\/2025\/04\/Base-Service-Spotlight_Base-Training_FR.pdf\">Formation de la base\u00a0<\/a><\/p>\n<p><a href=\"https:\/\/tridentnewspaper.com\/wp-content\/uploads\/2025\/05\/Base-Service-Spotlight-PSP-Sports-Fitness-and-Recreation_FR.pdf\">les \u00e9quipes de conditionnement physique, de sports et de loisirs des PSP (Halifax et Shearwater)<\/a><\/p>\n<p><a href=\"https:\/\/tridentnewspaper.com\/wp-content\/uploads\/2025\/06\/Base-Services-Spotlight_-BIS-Inventory-and-Warehouse_FR-1.pdf\">L\u2019\u00e9quipe des stocks et de l\u2019entrep\u00f4t des Services\nd\u2019information de la base<\/a><\/p>\n<p><a href=\"https:\/\/tridentnewspaper.com\/wp-content\/uploads\/2025\/07\/Base-Service-Spotlight_System-Control-Division-team_FR.pdf\">Division du contr\u00f4le des syst\u00e8mes des Services logistiques de la base<\/a><\/p>\n<p><a href=\"https:\/\/tridentnewspaper.com\/wp-content\/uploads\/2025\/07\/Base-Service-Spotlight_Identification-Section_FR.pdf\">Section de l\u2019identification\u00a0<\/a><\/p>\n<p><a href=\"https:\/\/tridentnewspaper.com\/wp-content\/uploads\/2025\/09\/Base-Service-Spotlight_FCOL_FR.pdf\">Coordonnateur des langues officielles (Formation)<\/a><\/p>\n<p><a href=\"https:\/\/tridentnewspaper.com\/wp-content\/uploads\/2025\/10\/Base-Service-Spotlight_Web-Services_FR.pdf\">Services Web\u00a0<\/a><\/p>\n<p><a href=\"https:\/\/tridentnewspaper.com\/wp-content\/uploads\/2025\/12\/Base-Service-Spotlight_RD-Claims_Final_EN.pdf\">Demandes de remboursement li\u00e9es aux A et D\u00a0<\/a><\/p>\n<p><a href=\"https:\/\/tridentnewspaper.com\/wp-content\/uploads\/2025\/12\/Base-Service-Spotlight_Repair-and-Overhaul_Final_EN.pdf\">Section de r\u00e9paration et\nd\u2019\u00e9limination<\/a><\/p>\n<p><a href=\"https:\/\/tridentnewspaper.com\/wp-content\/uploads\/2026\/02\/Base-Service-Spotlight_PSP-Corporate-Services_FR.pdf\">Services g\u00e9n\u00e9raux des PSP Halifax\u00a0<\/a><\/p>\n<p><a href=\"https:\/\/tridentnewspaper.com\/wp-content\/uploads\/2026\/03\/Base-Service-Spotlight_BIS-Project-Management_FR.pdf\">Bureau de gestion de projets des services d\u2019information de la base\u00a0<\/a><\/p>\n<p><a href=\"https:\/\/tridentnewspaper.com\/wp-content\/uploads\/2026\/03\/Base-Service-Spotlight_BASF_FR.pdf\">Force auxiliaire de s\u00e9curit\u00e9 de la base\u00a0<\/a><\/p>","protected":false},"excerpt":{"rendered":"<p>Base Comptroller &#8211; Accounts Payable How many people work in\u00a0the Accounts Payable team?\u00a0\u00a0\u00a0 There are six members of the Accounts Payable team (three civilian and three CAF members).\u00a0 What are the responsibilities of\u00a0the Accounts Payable team?\u00a0\u00a0 Part of the Base Comptroller shop, the Accounts Payable team is responsible for processing [&hellip;]<\/p>","protected":false},"author":2,"featured_media":0,"parent":0,"menu_order":0,"comment_status":"closed","ping_status":"closed","template":"","meta":{"_monsterinsights_skip_tracking":false,"_monsterinsights_sitenote_active":false,"_monsterinsights_sitenote_note":"","_monsterinsights_sitenote_category":0,"jetpack_post_was_ever_published":false,"footnotes":""},"yoast_head":"<!-- This site is optimized with the Yoast SEO plugin v22.6 - https:\/\/yoast.com\/wordpress\/plugins\/seo\/ -->\n<title>Base Service Spotlights | Trident Newspaper<\/title>\n<meta name=\"robots\" content=\"index, follow, max-snippet:-1, max-image-preview:large, max-video-preview:-1\" \/>\n<link rel=\"canonical\" href=\"https:\/\/tridentnewspaper.com\/fr\/base-services-spotlights\/\" \/>\n<meta property=\"og:locale\" content=\"fr_CA\" \/>\n<meta property=\"og:type\" content=\"article\" \/>\n<meta property=\"og:title\" content=\"Base Service Spotlights | Trident Newspaper\" \/>\n<meta property=\"og:description\" content=\"Base Comptroller &#8211; Accounts Payable How many people work in\u00a0the Accounts Payable team?\u00a0\u00a0\u00a0 There are six members of the Accounts Payable team (three civilian and three CAF members).\u00a0 What are the responsibilities of\u00a0the Accounts Payable team?\u00a0\u00a0 Part of the Base Comptroller shop, the Accounts Payable team is responsible for processing [&hellip;]\" \/>\n<meta property=\"og:url\" content=\"https:\/\/tridentnewspaper.com\/fr\/base-services-spotlights\/\" \/>\n<meta property=\"og:site_name\" content=\"Trident Newspaper\" \/>\n<meta property=\"article:publisher\" content=\"https:\/\/www.facebook.com\/Trident-News-202801813483\/\" \/>\n<meta property=\"article:modified_time\" content=\"2026-03-30T12:51:06+00:00\" \/>\n<meta property=\"og:image\" content=\"https:\/\/tridentnewspaper.com\/wp-content\/uploads\/2026\/03\/Screenshot-2026-03-30-094655.png\" \/>\n<meta name=\"twitter:card\" content=\"summary_large_image\" \/>\n<meta name=\"twitter:site\" content=\"@trident_news\" \/>\n<meta name=\"twitter:label1\" content=\"Estimation du temps de lecture\" \/>\n\t<meta name=\"twitter:data1\" content=\"3 minutes\" \/>\n<script type=\"application\/ld+json\" class=\"yoast-schema-graph\">{\"@context\":\"https:\/\/schema.org\",\"@graph\":[{\"@type\":\"WebPage\",\"@id\":\"https:\/\/tridentnewspaper.com\/base-services-spotlights\/\",\"url\":\"https:\/\/tridentnewspaper.com\/base-services-spotlights\/\",\"name\":\"Base Service Spotlights | Trident Newspaper\",\"isPartOf\":{\"@id\":\"https:\/\/tridentnewspaper.com\/#website\"},\"primaryImageOfPage\":{\"@id\":\"https:\/\/tridentnewspaper.com\/base-services-spotlights\/#primaryimage\"},\"image\":{\"@id\":\"https:\/\/tridentnewspaper.com\/base-services-spotlights\/#primaryimage\"},\"thumbnailUrl\":\"https:\/\/tridentnewspaper.com\/wp-content\/uploads\/2026\/03\/Screenshot-2026-03-30-094655.png\",\"datePublished\":\"2024-02-06T16:42:15+00:00\",\"dateModified\":\"2026-03-30T12:51:06+00:00\",\"breadcrumb\":{\"@id\":\"https:\/\/tridentnewspaper.com\/base-services-spotlights\/#breadcrumb\"},\"inLanguage\":\"fr-CA\",\"potentialAction\":[{\"@type\":\"ReadAction\",\"target\":[\"https:\/\/tridentnewspaper.com\/base-services-spotlights\/\"]}]},{\"@type\":\"ImageObject\",\"inLanguage\":\"fr-CA\",\"@id\":\"https:\/\/tridentnewspaper.com\/base-services-spotlights\/#primaryimage\",\"url\":\"https:\/\/tridentnewspaper.com\/wp-content\/uploads\/2026\/03\/Screenshot-2026-03-30-094655.png\",\"contentUrl\":\"https:\/\/tridentnewspaper.com\/wp-content\/uploads\/2026\/03\/Screenshot-2026-03-30-094655.png\"},{\"@type\":\"BreadcrumbList\",\"@id\":\"https:\/\/tridentnewspaper.com\/base-services-spotlights\/#breadcrumb\",\"itemListElement\":[{\"@type\":\"ListItem\",\"position\":1,\"name\":\"Home\",\"item\":\"https:\/\/tridentnewspaper.com\/\"},{\"@type\":\"ListItem\",\"position\":2,\"name\":\"Base Service Spotlights\"}]},{\"@type\":\"WebSite\",\"@id\":\"https:\/\/tridentnewspaper.com\/#website\",\"url\":\"https:\/\/tridentnewspaper.com\/\",\"name\":\"Trident Newspaper\",\"description\":\"CFB Halifax Trident Navy Newspaper\",\"publisher\":{\"@id\":\"https:\/\/tridentnewspaper.com\/#organization\"},\"potentialAction\":[{\"@type\":\"SearchAction\",\"target\":{\"@type\":\"EntryPoint\",\"urlTemplate\":\"https:\/\/tridentnewspaper.com\/?s={search_term_string}\"},\"query-input\":\"required name=search_term_string\"}],\"inLanguage\":\"fr-CA\"},{\"@type\":\"Organization\",\"@id\":\"https:\/\/tridentnewspaper.com\/#organization\",\"name\":\"Trident Newspaper\",\"url\":\"https:\/\/tridentnewspaper.com\/\",\"logo\":{\"@type\":\"ImageObject\",\"inLanguage\":\"fr-CA\",\"@id\":\"https:\/\/tridentnewspaper.com\/#\/schema\/logo\/image\/\",\"url\":\"https:\/\/tridentnewspaper.com\/wp-content\/uploads\/2017\/01\/Trident_Masthead_New_med.png\",\"contentUrl\":\"https:\/\/tridentnewspaper.com\/wp-content\/uploads\/2017\/01\/Trident_Masthead_New_med.png\",\"width\":719,\"height\":181,\"caption\":\"Trident Newspaper\"},\"image\":{\"@id\":\"https:\/\/tridentnewspaper.com\/#\/schema\/logo\/image\/\"},\"sameAs\":[\"https:\/\/www.facebook.com\/Trident-News-202801813483\/\",\"https:\/\/x.com\/trident_news\"]}]}<\/script>\n<!-- \/ Yoast SEO plugin. -->","yoast_head_json":{"title":"Base Service Spotlights | Trident Newspaper","robots":{"index":"index","follow":"follow","max-snippet":"max-snippet:-1","max-image-preview":"max-image-preview:large","max-video-preview":"max-video-preview:-1"},"canonical":"https:\/\/tridentnewspaper.com\/fr\/base-services-spotlights\/","og_locale":"fr_CA","og_type":"article","og_title":"Base Service Spotlights | Trident Newspaper","og_description":"Base Comptroller &#8211; Accounts Payable How many people work in\u00a0the Accounts Payable team?\u00a0\u00a0\u00a0 There are six members of the Accounts Payable team (three civilian and three CAF members).\u00a0 What are the responsibilities of\u00a0the Accounts Payable team?\u00a0\u00a0 Part of the Base Comptroller shop, the Accounts Payable team is responsible for processing [&hellip;]","og_url":"https:\/\/tridentnewspaper.com\/fr\/base-services-spotlights\/","og_site_name":"Trident Newspaper","article_publisher":"https:\/\/www.facebook.com\/Trident-News-202801813483\/","article_modified_time":"2026-03-30T12:51:06+00:00","og_image":[{"url":"https:\/\/tridentnewspaper.com\/wp-content\/uploads\/2026\/03\/Screenshot-2026-03-30-094655.png"}],"twitter_card":"summary_large_image","twitter_site":"@trident_news","twitter_misc":{"Estimation du temps de lecture":"3 minutes"},"schema":{"@context":"https:\/\/schema.org","@graph":[{"@type":"WebPage","@id":"https:\/\/tridentnewspaper.com\/base-services-spotlights\/","url":"https:\/\/tridentnewspaper.com\/base-services-spotlights\/","name":"Base Service Spotlights | Trident Newspaper","isPartOf":{"@id":"https:\/\/tridentnewspaper.com\/#website"},"primaryImageOfPage":{"@id":"https:\/\/tridentnewspaper.com\/base-services-spotlights\/#primaryimage"},"image":{"@id":"https:\/\/tridentnewspaper.com\/base-services-spotlights\/#primaryimage"},"thumbnailUrl":"https:\/\/tridentnewspaper.com\/wp-content\/uploads\/2026\/03\/Screenshot-2026-03-30-094655.png","datePublished":"2024-02-06T16:42:15+00:00","dateModified":"2026-03-30T12:51:06+00:00","breadcrumb":{"@id":"https:\/\/tridentnewspaper.com\/base-services-spotlights\/#breadcrumb"},"inLanguage":"fr-CA","potentialAction":[{"@type":"ReadAction","target":["https:\/\/tridentnewspaper.com\/base-services-spotlights\/"]}]},{"@type":"ImageObject","inLanguage":"fr-CA","@id":"https:\/\/tridentnewspaper.com\/base-services-spotlights\/#primaryimage","url":"https:\/\/tridentnewspaper.com\/wp-content\/uploads\/2026\/03\/Screenshot-2026-03-30-094655.png","contentUrl":"https:\/\/tridentnewspaper.com\/wp-content\/uploads\/2026\/03\/Screenshot-2026-03-30-094655.png"},{"@type":"BreadcrumbList","@id":"https:\/\/tridentnewspaper.com\/base-services-spotlights\/#breadcrumb","itemListElement":[{"@type":"ListItem","position":1,"name":"Home","item":"https:\/\/tridentnewspaper.com\/"},{"@type":"ListItem","position":2,"name":"Base Service Spotlights"}]},{"@type":"WebSite","@id":"https:\/\/tridentnewspaper.com\/#website","url":"https:\/\/tridentnewspaper.com\/","name":"Trident Newspaper","description":"CFB Halifax Trident Navy Newspaper","publisher":{"@id":"https:\/\/tridentnewspaper.com\/#organization"},"potentialAction":[{"@type":"SearchAction","target":{"@type":"EntryPoint","urlTemplate":"https:\/\/tridentnewspaper.com\/?s={search_term_string}"},"query-input":"required name=search_term_string"}],"inLanguage":"fr-CA"},{"@type":"Organization","@id":"https:\/\/tridentnewspaper.com\/#organization","name":"Trident Newspaper","url":"https:\/\/tridentnewspaper.com\/","logo":{"@type":"ImageObject","inLanguage":"fr-CA","@id":"https:\/\/tridentnewspaper.com\/#\/schema\/logo\/image\/","url":"https:\/\/tridentnewspaper.com\/wp-content\/uploads\/2017\/01\/Trident_Masthead_New_med.png","contentUrl":"https:\/\/tridentnewspaper.com\/wp-content\/uploads\/2017\/01\/Trident_Masthead_New_med.png","width":719,"height":181,"caption":"Trident Newspaper"},"image":{"@id":"https:\/\/tridentnewspaper.com\/#\/schema\/logo\/image\/"},"sameAs":["https:\/\/www.facebook.com\/Trident-News-202801813483\/","https:\/\/x.com\/trident_news"]}]}},"jetpack_sharing_enabled":true,"jetpack_shortlink":"https:\/\/wp.me\/P8oCsG-37U","_links":{"self":[{"href":"https:\/\/tridentnewspaper.com\/fr\/wp-json\/wp\/v2\/pages\/12022"}],"collection":[{"href":"https:\/\/tridentnewspaper.com\/fr\/wp-json\/wp\/v2\/pages"}],"about":[{"href":"https:\/\/tridentnewspaper.com\/fr\/wp-json\/wp\/v2\/types\/page"}],"author":[{"embeddable":true,"href":"https:\/\/tridentnewspaper.com\/fr\/wp-json\/wp\/v2\/users\/2"}],"replies":[{"embeddable":true,"href":"https:\/\/tridentnewspaper.com\/fr\/wp-json\/wp\/v2\/comments?post=12022"}],"version-history":[{"count":52,"href":"https:\/\/tridentnewspaper.com\/fr\/wp-json\/wp\/v2\/pages\/12022\/revisions"}],"predecessor-version":[{"id":16145,"href":"https:\/\/tridentnewspaper.com\/fr\/wp-json\/wp\/v2\/pages\/12022\/revisions\/16145"}],"wp:attachment":[{"href":"https:\/\/tridentnewspaper.com\/fr\/wp-json\/wp\/v2\/media?parent=12022"}],"curies":[{"name":"wp","href":"https:\/\/api.w.org\/{rel}","templated":true}]}}