{"id":10456,"date":"2023-06-09T14:05:24","date_gmt":"2023-06-09T17:05:24","guid":{"rendered":"https:\/\/tridentnewspaper.com\/?page_id=10456"},"modified":"2025-04-01T12:20:47","modified_gmt":"2025-04-01T15:20:47","slug":"stadfitnessfacility","status":"publish","type":"page","link":"https:\/\/tridentnewspaper.com\/fr\/stadfitnessfacility\/","title":{"rendered":"Le Centre de conditionnement physique et de sports de Stadacona"},"content":{"rendered":"<h3><strong>Ouverture officielle du Centre de conditionnement physique et de sports de Stadacona<\/strong><\/h3>\n<p>Base des Forces canadiennes d'Halifax<\/p>\n<p>Le 4 janvier 2024<\/p>\n<p>Les membres de l\u2019\u00c9quipe de la D\u00e9fense locale sont invit\u00e9s \u00e0 se joindre \u00e0 nous pour l\u2019ouverture officielle du Centre de conditionnement physique et de sports de Stadacona le lundi 8 janvier 2024 \u00e0 13 h (heure de l\u2019Atlantique)! Cette installation pourra \u00eatre utilis\u00e9e imm\u00e9diatement apr\u00e8s la c\u00e9r\u00e9monie.<\/p>\n<p>Lorsque vous planifiez une visite au gymnase, veuillez pr\u00e9voir d\u2019apporter ce qui suit :<\/p>\n<ul>\n<li>carte d\u2019identit\u00e9 du MDN\/FAC;<\/li>\n<li>v\u00eatements de sport;<\/li>\n<li>serviette, savon, shampoing, etc. (si vous utilisez les cabines de douche priv\u00e9es);<\/li>\n<li>cadenas (facultatif, pour les casiers mis \u00e0 la disposition des utilisateurs pour la journ\u00e9e seulement).<\/li>\n<\/ul>\n<p>Pour conna\u00eetre les heures d\u2019ouverture, les r\u00e9servations d\u2019unit\u00e9s pour l\u2019entra\u00eenement physique ou les sports, et plus encore, concernant le Centre de conditionnement physique et de sports de Stadacona, veuillez consulter le site <a href=\"https:\/\/sbmfc.ca\/halifax\/installations\/stadacona-fitness-sports-centre.\">https:\/\/sbmfc.ca\/halifax\/installations\/stadacona-fitness-sports-centre.<\/a><\/p>\n<p>Nous tenons \u00e0 rappeler que l\u2019objectif principal des PSP Halifax est d\u2019assurer la disponibilit\u00e9 op\u00e9rationnelle des membres des FAC, mais les membres de l\u2019\u00c9quipe de la D\u00e9fense actuellement en service ou employ\u00e9s, qu\u2019ils soient militaires\u00a0<u>et<\/u>\u00a0ou civils, pourront utiliser ces installations. En raison de sa capacit\u00e9 limit\u00e9e, le gymnase ne sera pas accessible aux v\u00e9t\u00e9rans, aux membres de la famille des militaires ou au grand public pour l\u2019instant.<\/p>\n<p><strong>Stationnement:<\/strong><\/p>\n<ul>\n<li>\u00c0 compter du lundi 8 janvier, les places de stationnement situ\u00e9es juste \u00e0 c\u00f4t\u00e9 du Centre de conditionnement physique et de sports de Stadacona (y compris les places de stationnement accessibles) seront r\u00e9serv\u00e9es aux utilisateurs du gymnase et ne seront plus accessibles aux d\u00e9tenteurs d\u2019un laissez-passer de stationnement g\u00e9n\u00e9ral les jours de semaine, de 7 h \u00e0 15 h. Si vous utilisez l\u2019une de ces places, il vous sera demand\u00e9 de fournir votre num\u00e9ro de plaque d\u2019immatriculation lorsque vous vous pr\u00e9senterez au gymnase.<\/li>\n<li>Les membres de l\u2019\u00c9quipe de la D\u00e9fense d\u00e9tenant un laissez-passer de stationnement \u00e0 Stadacona ou \u00e0 l\u2019arsenal devront utiliser les aires de stationnement g\u00e9n\u00e9rales lorsqu\u2019ils se rendent au gymnase de Stadacona, \u00e0 moins qu\u2019ils n\u2019aient des contraintes physiques ou m\u00e9dicales qui les obligent \u00e0 utiliser le stationnement de proximit\u00e9 (des utilisateurs du gymnase).<\/li>\n<li>Nous rappelons aux membres qui travaillent \u00e0 Windsor Park, \u00e0 Willow Park et \u00e0 l\u2019arsenal CSM qu\u2019ils doivent \u00e9galement utiliser le <a href=\"http:\/\/halifax.mil.ca\/CFBHalifax\/Blog\/pages\/TEME\/Transport.html\">CFB Halifax shuttle service<\/a> (service de navette de la BFC Halifax) pour acc\u00e9der \u00e0 la propri\u00e9t\u00e9 de Stadacona pendant les heures de travail de jour (de 7 h 30 \u00e0 15 h).<\/li>\n<li>Le stationnement pour motocyclettes sera d\u00e9plac\u00e9 de l\u2019aire de stationnement du gymnase \u00e0 un stationnement situ\u00e9 \u00e0 l\u2019extr\u00e9mit\u00e9 sud du b\u00e2timent S82.<\/li>\n<\/ul>\n<p><strong>\u00c0 propos de l\u2019installation<\/strong><\/p>\n<p>Le centre de conditionnement physique de Stadacona sera bien \u00e9quip\u00e9 et dot\u00e9 d\u2019un large \u00e9ventail d\u2019\u00e9quipements, notamment des appareils d\u2019entrainement cardiovasculaire, des poids et halt\u00e8res, des casiers de jour, des cabines pour se changer, des douches universelles et des toilettes. Un gymnase ouvert pour le basket-ball, le volley-ball, le badminton et le hockey-balle a \u00e9galement \u00e9t\u00e9 inclus, ce qui en fait un espace polyvalent pour diff\u00e9rentes activit\u00e9s r\u00e9cr\u00e9atives. L\u2019installation, qui peut accueillir environ 134 personnes, a \u00e9t\u00e9 con\u00e7ue pour \u00eatre sans obstacle et accessible \u00e0 tous les membres du personnel, quelles que soient leurs capacit\u00e9s.<\/p>\n<figure id=\"attachment_11726\" aria-describedby=\"caption-attachment-11726\" style=\"width: 810px\" class=\"wp-caption aligncenter\"><img loading=\"lazy\" decoding=\"async\" class=\"wp-image-11726 size-large\" src=\"https:\/\/tridentnewspaper.com\/wp-content\/uploads\/2023\/12\/CFH4660-1024x683.jpg\" alt=\"\" width=\"810\" height=\"540\" srcset=\"https:\/\/tridentnewspaper.com\/wp-content\/uploads\/2023\/12\/CFH4660-1024x683.jpg 1024w, https:\/\/tridentnewspaper.com\/wp-content\/uploads\/2023\/12\/CFH4660-300x200.jpg 300w, https:\/\/tridentnewspaper.com\/wp-content\/uploads\/2023\/12\/CFH4660-768x513.jpg 768w, https:\/\/tridentnewspaper.com\/wp-content\/uploads\/2023\/12\/CFH4660-1536x1025.jpg 1536w, https:\/\/tridentnewspaper.com\/wp-content\/uploads\/2023\/12\/CFH4660-2048x1367.jpg 2048w, https:\/\/tridentnewspaper.com\/wp-content\/uploads\/2023\/12\/CFH4660-18x12.jpg 18w, https:\/\/tridentnewspaper.com\/wp-content\/uploads\/2023\/12\/CFH4660-431x288.jpg 431w, https:\/\/tridentnewspaper.com\/wp-content\/uploads\/2023\/12\/CFH4660-862x575.jpg 862w\" sizes=\"(max-width: 810px) 100vw, 810px\" \/><figcaption id=\"caption-attachment-11726\" class=\"wp-caption-text\">Des panneaux ont \u00e9t\u00e9 appos\u00e9s \u00e0 l\u2019ext\u00e9rieur de l\u2019installation pour indiquer qu\u2019il s\u2019agit du Centre de conditionnement physique et de sports de Stadacona.<\/figcaption><\/figure>\n<p><img loading=\"lazy\" decoding=\"async\" class=\"wp-image-11727 size-large aligncenter\" src=\"https:\/\/tridentnewspaper.com\/wp-content\/uploads\/2023\/12\/CFH4651-1024x683.jpg\" alt=\"\" width=\"810\" height=\"540\" srcset=\"https:\/\/tridentnewspaper.com\/wp-content\/uploads\/2023\/12\/CFH4651-1024x683.jpg 1024w, https:\/\/tridentnewspaper.com\/wp-content\/uploads\/2023\/12\/CFH4651-300x200.jpg 300w, https:\/\/tridentnewspaper.com\/wp-content\/uploads\/2023\/12\/CFH4651-768x513.jpg 768w, https:\/\/tridentnewspaper.com\/wp-content\/uploads\/2023\/12\/CFH4651-1536x1025.jpg 1536w, https:\/\/tridentnewspaper.com\/wp-content\/uploads\/2023\/12\/CFH4651-2048x1367.jpg 2048w, https:\/\/tridentnewspaper.com\/wp-content\/uploads\/2023\/12\/CFH4651-18x12.jpg 18w, https:\/\/tridentnewspaper.com\/wp-content\/uploads\/2023\/12\/CFH4651-431x288.jpg 431w, https:\/\/tridentnewspaper.com\/wp-content\/uploads\/2023\/12\/CFH4651-862x575.jpg 862w\" sizes=\"(max-width: 810px) 100vw, 810px\" \/><\/p>\n<figure id=\"attachment_11728\" aria-describedby=\"caption-attachment-11728\" style=\"width: 810px\" class=\"wp-caption aligncenter\"><img loading=\"lazy\" decoding=\"async\" class=\"wp-image-11728 size-large\" src=\"https:\/\/tridentnewspaper.com\/wp-content\/uploads\/2023\/12\/CFH4650-1024x683.jpg\" alt=\"\" width=\"810\" height=\"540\" srcset=\"https:\/\/tridentnewspaper.com\/wp-content\/uploads\/2023\/12\/CFH4650-1024x683.jpg 1024w, https:\/\/tridentnewspaper.com\/wp-content\/uploads\/2023\/12\/CFH4650-300x200.jpg 300w, https:\/\/tridentnewspaper.com\/wp-content\/uploads\/2023\/12\/CFH4650-768x513.jpg 768w, https:\/\/tridentnewspaper.com\/wp-content\/uploads\/2023\/12\/CFH4650-1536x1025.jpg 1536w, https:\/\/tridentnewspaper.com\/wp-content\/uploads\/2023\/12\/CFH4650-2048x1367.jpg 2048w, https:\/\/tridentnewspaper.com\/wp-content\/uploads\/2023\/12\/CFH4650-18x12.jpg 18w, https:\/\/tridentnewspaper.com\/wp-content\/uploads\/2023\/12\/CFH4650-431x288.jpg 431w, https:\/\/tridentnewspaper.com\/wp-content\/uploads\/2023\/12\/CFH4650-862x575.jpg 862w\" sizes=\"(max-width: 810px) 100vw, 810px\" \/><figcaption id=\"caption-attachment-11728\" class=\"wp-caption-text\">Des douches\/toilettes universelles \u00e0 aire ouverte et des casiers de jour ont \u00e9t\u00e9 install\u00e9s \u00e0 l\u2019int\u00e9rieur de l\u2019\u00e9tablissement et sont pr\u00eats \u00e0 \u00eatre utilis\u00e9s.<\/figcaption><\/figure>\n<p style=\"text-align: center;\"><img loading=\"lazy\" decoding=\"async\" class=\"size-large wp-image-11731 aligncenter\" src=\"https:\/\/tridentnewspaper.com\/wp-content\/uploads\/2023\/12\/CFH4639-1024x683.jpg\" alt=\"\" width=\"810\" height=\"540\" srcset=\"https:\/\/tridentnewspaper.com\/wp-content\/uploads\/2023\/12\/CFH4639-1024x683.jpg 1024w, https:\/\/tridentnewspaper.com\/wp-content\/uploads\/2023\/12\/CFH4639-300x200.jpg 300w, https:\/\/tridentnewspaper.com\/wp-content\/uploads\/2023\/12\/CFH4639-768x513.jpg 768w, https:\/\/tridentnewspaper.com\/wp-content\/uploads\/2023\/12\/CFH4639-1536x1025.jpg 1536w, https:\/\/tridentnewspaper.com\/wp-content\/uploads\/2023\/12\/CFH4639-2048x1367.jpg 2048w, https:\/\/tridentnewspaper.com\/wp-content\/uploads\/2023\/12\/CFH4639-18x12.jpg 18w, https:\/\/tridentnewspaper.com\/wp-content\/uploads\/2023\/12\/CFH4639-431x288.jpg 431w, https:\/\/tridentnewspaper.com\/wp-content\/uploads\/2023\/12\/CFH4639-862x575.jpg 862w\" sizes=\"(max-width: 810px) 100vw, 810px\" \/><\/p>\n<figure id=\"attachment_11730\" aria-describedby=\"caption-attachment-11730\" style=\"width: 810px\" class=\"wp-caption aligncenter\"><img loading=\"lazy\" decoding=\"async\" class=\"wp-image-11730 size-large\" src=\"https:\/\/tridentnewspaper.com\/wp-content\/uploads\/2023\/12\/CFH4648-1024x683.jpg\" alt=\"\" width=\"810\" height=\"540\" srcset=\"https:\/\/tridentnewspaper.com\/wp-content\/uploads\/2023\/12\/CFH4648-1024x683.jpg 1024w, https:\/\/tridentnewspaper.com\/wp-content\/uploads\/2023\/12\/CFH4648-300x200.jpg 300w, https:\/\/tridentnewspaper.com\/wp-content\/uploads\/2023\/12\/CFH4648-768x513.jpg 768w, https:\/\/tridentnewspaper.com\/wp-content\/uploads\/2023\/12\/CFH4648-1536x1025.jpg 1536w, https:\/\/tridentnewspaper.com\/wp-content\/uploads\/2023\/12\/CFH4648-2048x1367.jpg 2048w, https:\/\/tridentnewspaper.com\/wp-content\/uploads\/2023\/12\/CFH4648-18x12.jpg 18w, https:\/\/tridentnewspaper.com\/wp-content\/uploads\/2023\/12\/CFH4648-431x288.jpg 431w, https:\/\/tridentnewspaper.com\/wp-content\/uploads\/2023\/12\/CFH4648-862x575.jpg 862w\" sizes=\"(max-width: 810px) 100vw, 810px\" \/><figcaption id=\"caption-attachment-11730\" class=\"wp-caption-text\">Des \u00e9quipements de conditionnement physique et un gymnase ouvert ont \u00e9t\u00e9 pr\u00e9vus dans la conception de l'installation.<\/figcaption><\/figure>\n<p><b>Archives\/R\u00e9f\u00e9rences<\/b><\/p>\n<p><span style=\"font-weight: 400;\">2018: <\/span><a href=\"https:\/\/tridentnewspaper.com\/fr\/stadplex-close-october\/\"><span style=\"font-weight: 400;\">Le STADPLEX fermera ses portes en octobre | Journal Trident (en anglais seulement)<\/span><\/a><\/p>\n<p><span style=\"font-weight: 400;\">2018: <\/span><a href=\"https:\/\/tridentnewspaper.com\/fr\/stadplex-closure-updates-2\/\"><span style=\"font-weight: 400;\">Mises \u00e0 jour sur la fermeture du STADPLEX | Journal Trident (en anglais seulement)<\/span><\/a><\/p>\n<p><span style=\"font-weight: 400;\">2020: <\/span><a href=\"about:blank\"><span style=\"font-weight: 400;\">La phase de conception du centre de conditionnement physique temporaire de Stadacona est en cours | Journal Trident<\/span><\/a><\/p>\n<p><span style=\"font-weight: 400;\">2022: <\/span><a href=\"https:\/\/tridentnewspaper.com\/fr\/stadfitnessfacility\/\"><span style=\"font-weight: 400;\">Construction de l\u2019installation de conditionnement physique temporaire \u00e0 Stadacona au d\u00e9but de l\u2019automne 2023 | Journal Trident<\/span><\/a><\/p>\n<p>2023: <a href=\"https:\/\/tridentnewspaper.com\/wp-content\/uploads\/2023\/12\/Stadacona-Fitness-Facility-Spring-2023-Construction-Update_V3-f.pdf\">Mise \u00e0 jour sur la construction du centre de conditionnement physique de Stadacona\u00a0<\/a><\/p>\n<p>2023 d\u00e9cembre <a href=\"https:\/\/tridentnewspaper.com\/wp-content\/uploads\/2024\/01\/Stadacona-Fitness-Sports-Centre-construction-update-December-2023-FINAL-FRENCH.pdf\">Le Centre de conditionnement physique et de sports de Stadacona ouvrira ses portes en janvier 2024<\/a><\/p>\n<p>&nbsp;<\/p>","protected":false},"excerpt":{"rendered":"<p>Stadacona Fitness &amp; Sports Centre Grand Opening Canadian Forces Base Halifax January 4, 2024 Local Defence Team members are invited to join PSP Halifax for the grand opening of the Stadacona Fitness &amp; Sports Centre on Monday, January 8, 2024 at 1 p.m. Atlantic. Enjoy some light refreshments and check [&hellip;]<\/p>","protected":false},"author":2,"featured_media":0,"parent":0,"menu_order":0,"comment_status":"closed","ping_status":"closed","template":"","meta":{"_monsterinsights_skip_tracking":false,"_monsterinsights_sitenote_active":false,"_monsterinsights_sitenote_note":"","_monsterinsights_sitenote_category":0,"jetpack_post_was_ever_published":false,"footnotes":""},"yoast_head":"<!-- This site is optimized with the Yoast SEO plugin v22.6 - https:\/\/yoast.com\/wordpress\/plugins\/seo\/ -->\n<title>Stadacona Fitness &amp; Sports Centre | Trident Newspaper<\/title>\n<meta name=\"robots\" content=\"index, follow, max-snippet:-1, max-image-preview:large, max-video-preview:-1\" \/>\n<link rel=\"canonical\" href=\"https:\/\/tridentnewspaper.com\/fr\/stadfitnessfacility\/\" \/>\n<meta property=\"og:locale\" content=\"fr_CA\" \/>\n<meta property=\"og:type\" content=\"article\" \/>\n<meta property=\"og:title\" content=\"Stadacona Fitness &amp; Sports Centre | Trident Newspaper\" \/>\n<meta property=\"og:description\" content=\"Stadacona Fitness &amp; Sports Centre Grand Opening Canadian Forces Base Halifax January 4, 2024 Local Defence Team members are invited to join PSP Halifax for the grand opening of the Stadacona Fitness &amp; Sports Centre on Monday, January 8, 2024 at 1 p.m. Atlantic. Enjoy some light refreshments and check [&hellip;]\" \/>\n<meta property=\"og:url\" content=\"https:\/\/tridentnewspaper.com\/fr\/stadfitnessfacility\/\" \/>\n<meta property=\"og:site_name\" content=\"Trident Newspaper\" \/>\n<meta property=\"article:publisher\" content=\"https:\/\/www.facebook.com\/Trident-News-202801813483\/\" \/>\n<meta property=\"article:modified_time\" content=\"2025-04-01T15:20:47+00:00\" \/>\n<meta property=\"og:image\" content=\"https:\/\/tridentnewspaper.com\/wp-content\/uploads\/2023\/12\/CFH4660-1024x683.jpg\" \/>\n<meta name=\"twitter:card\" content=\"summary_large_image\" \/>\n<meta name=\"twitter:site\" content=\"@trident_news\" \/>\n<meta name=\"twitter:label1\" content=\"Estimation du temps de lecture\" \/>\n\t<meta name=\"twitter:data1\" content=\"4 minutes\" \/>\n<script type=\"application\/ld+json\" class=\"yoast-schema-graph\">{\"@context\":\"https:\/\/schema.org\",\"@graph\":[{\"@type\":\"WebPage\",\"@id\":\"https:\/\/tridentnewspaper.com\/stadfitnessfacility\/\",\"url\":\"https:\/\/tridentnewspaper.com\/stadfitnessfacility\/\",\"name\":\"Stadacona Fitness & Sports Centre | Trident Newspaper\",\"isPartOf\":{\"@id\":\"https:\/\/tridentnewspaper.com\/#website\"},\"primaryImageOfPage\":{\"@id\":\"https:\/\/tridentnewspaper.com\/stadfitnessfacility\/#primaryimage\"},\"image\":{\"@id\":\"https:\/\/tridentnewspaper.com\/stadfitnessfacility\/#primaryimage\"},\"thumbnailUrl\":\"https:\/\/tridentnewspaper.com\/wp-content\/uploads\/2023\/12\/CFH4660-1024x683.jpg\",\"datePublished\":\"2023-06-09T17:05:24+00:00\",\"dateModified\":\"2025-04-01T15:20:47+00:00\",\"breadcrumb\":{\"@id\":\"https:\/\/tridentnewspaper.com\/stadfitnessfacility\/#breadcrumb\"},\"inLanguage\":\"fr-CA\",\"potentialAction\":[{\"@type\":\"ReadAction\",\"target\":[\"https:\/\/tridentnewspaper.com\/stadfitnessfacility\/\"]}]},{\"@type\":\"ImageObject\",\"inLanguage\":\"fr-CA\",\"@id\":\"https:\/\/tridentnewspaper.com\/stadfitnessfacility\/#primaryimage\",\"url\":\"https:\/\/tridentnewspaper.com\/wp-content\/uploads\/2023\/12\/CFH4660-1024x683.jpg\",\"contentUrl\":\"https:\/\/tridentnewspaper.com\/wp-content\/uploads\/2023\/12\/CFH4660-1024x683.jpg\"},{\"@type\":\"BreadcrumbList\",\"@id\":\"https:\/\/tridentnewspaper.com\/stadfitnessfacility\/#breadcrumb\",\"itemListElement\":[{\"@type\":\"ListItem\",\"position\":1,\"name\":\"Home\",\"item\":\"https:\/\/tridentnewspaper.com\/\"},{\"@type\":\"ListItem\",\"position\":2,\"name\":\"Stadacona Fitness &#038; Sports Centre\"}]},{\"@type\":\"WebSite\",\"@id\":\"https:\/\/tridentnewspaper.com\/#website\",\"url\":\"https:\/\/tridentnewspaper.com\/\",\"name\":\"Trident Newspaper\",\"description\":\"CFB Halifax Trident Navy Newspaper\",\"publisher\":{\"@id\":\"https:\/\/tridentnewspaper.com\/#organization\"},\"potentialAction\":[{\"@type\":\"SearchAction\",\"target\":{\"@type\":\"EntryPoint\",\"urlTemplate\":\"https:\/\/tridentnewspaper.com\/?s={search_term_string}\"},\"query-input\":\"required name=search_term_string\"}],\"inLanguage\":\"fr-CA\"},{\"@type\":\"Organization\",\"@id\":\"https:\/\/tridentnewspaper.com\/#organization\",\"name\":\"Trident Newspaper\",\"url\":\"https:\/\/tridentnewspaper.com\/\",\"logo\":{\"@type\":\"ImageObject\",\"inLanguage\":\"fr-CA\",\"@id\":\"https:\/\/tridentnewspaper.com\/#\/schema\/logo\/image\/\",\"url\":\"https:\/\/tridentnewspaper.com\/wp-content\/uploads\/2017\/01\/Trident_Masthead_New_med.png\",\"contentUrl\":\"https:\/\/tridentnewspaper.com\/wp-content\/uploads\/2017\/01\/Trident_Masthead_New_med.png\",\"width\":719,\"height\":181,\"caption\":\"Trident Newspaper\"},\"image\":{\"@id\":\"https:\/\/tridentnewspaper.com\/#\/schema\/logo\/image\/\"},\"sameAs\":[\"https:\/\/www.facebook.com\/Trident-News-202801813483\/\",\"https:\/\/x.com\/trident_news\"]}]}<\/script>\n<!-- \/ Yoast SEO plugin. -->","yoast_head_json":{"title":"Stadacona Fitness & Sports Centre | Trident Newspaper","robots":{"index":"index","follow":"follow","max-snippet":"max-snippet:-1","max-image-preview":"max-image-preview:large","max-video-preview":"max-video-preview:-1"},"canonical":"https:\/\/tridentnewspaper.com\/fr\/stadfitnessfacility\/","og_locale":"fr_CA","og_type":"article","og_title":"Stadacona Fitness & Sports Centre | Trident Newspaper","og_description":"Stadacona Fitness &amp; Sports Centre Grand Opening Canadian Forces Base Halifax January 4, 2024 Local Defence Team members are invited to join PSP Halifax for the grand opening of the Stadacona Fitness &amp; Sports Centre on Monday, January 8, 2024 at 1 p.m. Atlantic. Enjoy some light refreshments and check [&hellip;]","og_url":"https:\/\/tridentnewspaper.com\/fr\/stadfitnessfacility\/","og_site_name":"Trident Newspaper","article_publisher":"https:\/\/www.facebook.com\/Trident-News-202801813483\/","article_modified_time":"2025-04-01T15:20:47+00:00","og_image":[{"url":"https:\/\/tridentnewspaper.com\/wp-content\/uploads\/2023\/12\/CFH4660-1024x683.jpg"}],"twitter_card":"summary_large_image","twitter_site":"@trident_news","twitter_misc":{"Estimation du temps de lecture":"4 minutes"},"schema":{"@context":"https:\/\/schema.org","@graph":[{"@type":"WebPage","@id":"https:\/\/tridentnewspaper.com\/stadfitnessfacility\/","url":"https:\/\/tridentnewspaper.com\/stadfitnessfacility\/","name":"Stadacona Fitness & Sports Centre | Trident Newspaper","isPartOf":{"@id":"https:\/\/tridentnewspaper.com\/#website"},"primaryImageOfPage":{"@id":"https:\/\/tridentnewspaper.com\/stadfitnessfacility\/#primaryimage"},"image":{"@id":"https:\/\/tridentnewspaper.com\/stadfitnessfacility\/#primaryimage"},"thumbnailUrl":"https:\/\/tridentnewspaper.com\/wp-content\/uploads\/2023\/12\/CFH4660-1024x683.jpg","datePublished":"2023-06-09T17:05:24+00:00","dateModified":"2025-04-01T15:20:47+00:00","breadcrumb":{"@id":"https:\/\/tridentnewspaper.com\/stadfitnessfacility\/#breadcrumb"},"inLanguage":"fr-CA","potentialAction":[{"@type":"ReadAction","target":["https:\/\/tridentnewspaper.com\/stadfitnessfacility\/"]}]},{"@type":"ImageObject","inLanguage":"fr-CA","@id":"https:\/\/tridentnewspaper.com\/stadfitnessfacility\/#primaryimage","url":"https:\/\/tridentnewspaper.com\/wp-content\/uploads\/2023\/12\/CFH4660-1024x683.jpg","contentUrl":"https:\/\/tridentnewspaper.com\/wp-content\/uploads\/2023\/12\/CFH4660-1024x683.jpg"},{"@type":"BreadcrumbList","@id":"https:\/\/tridentnewspaper.com\/stadfitnessfacility\/#breadcrumb","itemListElement":[{"@type":"ListItem","position":1,"name":"Home","item":"https:\/\/tridentnewspaper.com\/"},{"@type":"ListItem","position":2,"name":"Stadacona Fitness &#038; Sports Centre"}]},{"@type":"WebSite","@id":"https:\/\/tridentnewspaper.com\/#website","url":"https:\/\/tridentnewspaper.com\/","name":"Trident Newspaper","description":"CFB Halifax Trident Navy Newspaper","publisher":{"@id":"https:\/\/tridentnewspaper.com\/#organization"},"potentialAction":[{"@type":"SearchAction","target":{"@type":"EntryPoint","urlTemplate":"https:\/\/tridentnewspaper.com\/?s={search_term_string}"},"query-input":"required name=search_term_string"}],"inLanguage":"fr-CA"},{"@type":"Organization","@id":"https:\/\/tridentnewspaper.com\/#organization","name":"Trident Newspaper","url":"https:\/\/tridentnewspaper.com\/","logo":{"@type":"ImageObject","inLanguage":"fr-CA","@id":"https:\/\/tridentnewspaper.com\/#\/schema\/logo\/image\/","url":"https:\/\/tridentnewspaper.com\/wp-content\/uploads\/2017\/01\/Trident_Masthead_New_med.png","contentUrl":"https:\/\/tridentnewspaper.com\/wp-content\/uploads\/2017\/01\/Trident_Masthead_New_med.png","width":719,"height":181,"caption":"Trident Newspaper"},"image":{"@id":"https:\/\/tridentnewspaper.com\/#\/schema\/logo\/image\/"},"sameAs":["https:\/\/www.facebook.com\/Trident-News-202801813483\/","https:\/\/x.com\/trident_news"]}]}},"jetpack_sharing_enabled":true,"jetpack_shortlink":"https:\/\/wp.me\/P8oCsG-2IE","_links":{"self":[{"href":"https:\/\/tridentnewspaper.com\/fr\/wp-json\/wp\/v2\/pages\/10456"}],"collection":[{"href":"https:\/\/tridentnewspaper.com\/fr\/wp-json\/wp\/v2\/pages"}],"about":[{"href":"https:\/\/tridentnewspaper.com\/fr\/wp-json\/wp\/v2\/types\/page"}],"author":[{"embeddable":true,"href":"https:\/\/tridentnewspaper.com\/fr\/wp-json\/wp\/v2\/users\/2"}],"replies":[{"embeddable":true,"href":"https:\/\/tridentnewspaper.com\/fr\/wp-json\/wp\/v2\/comments?post=10456"}],"version-history":[{"count":13,"href":"https:\/\/tridentnewspaper.com\/fr\/wp-json\/wp\/v2\/pages\/10456\/revisions"}],"predecessor-version":[{"id":14423,"href":"https:\/\/tridentnewspaper.com\/fr\/wp-json\/wp\/v2\/pages\/10456\/revisions\/14423"}],"wp:attachment":[{"href":"https:\/\/tridentnewspaper.com\/fr\/wp-json\/wp\/v2\/media?parent=10456"}],"curies":[{"name":"wp","href":"https:\/\/api.w.org\/{rel}","templated":true}]}}