{"id":8824,"date":"2022-10-06T19:10:20","date_gmt":"2022-10-06T22:10:20","guid":{"rendered":"https:\/\/tridentnewspaper.com\/?page_id=8824"},"modified":"2025-09-19T09:22:58","modified_gmt":"2025-09-19T12:22:58","slug":"cogswell","status":"publish","type":"page","link":"http:\/\/tridentnewspaper.com\/fr\/base-updates\/cogswell\/","title":{"rendered":"Projet du quartier Cogswell"},"content":{"rendered":"<h3><img loading=\"lazy\" decoding=\"async\" class=\"size-large wp-image-14015 aligncenter\" src=\"https:\/\/tridentnewspaper.com\/wp-content\/uploads\/2024\/12\/Cogswell-Update-Header-FRE.png\" alt=\"\" width=\"810\" height=\"152\" srcset=\"https:\/\/tridentnewspaper.com\/wp-content\/uploads\/2024\/12\/Cogswell-Update-Header-FRE.png 1600w, https:\/\/tridentnewspaper.com\/wp-content\/uploads\/2024\/12\/Cogswell-Update-Header-FRE-300x56.png 300w, https:\/\/tridentnewspaper.com\/wp-content\/uploads\/2024\/12\/Cogswell-Update-Header-FRE-1024x192.png 1024w, https:\/\/tridentnewspaper.com\/wp-content\/uploads\/2024\/12\/Cogswell-Update-Header-FRE-768x144.png 768w, https:\/\/tridentnewspaper.com\/wp-content\/uploads\/2024\/12\/Cogswell-Update-Header-FRE-1536x288.png 1536w, https:\/\/tridentnewspaper.com\/wp-content\/uploads\/2024\/12\/Cogswell-Update-Header-FRE-18x3.png 18w, https:\/\/tridentnewspaper.com\/wp-content\/uploads\/2024\/12\/Cogswell-Update-Header-FRE-431x81.png 431w, https:\/\/tridentnewspaper.com\/wp-content\/uploads\/2024\/12\/Cogswell-Update-Header-FRE-862x162.png 862w\" sizes=\"(max-width: 810px) 100vw, 810px\" \/><\/h3>\n<h1 class=\"entry-title\" style=\"text-align: center;\"><a href=\"http:\/\/tridentnewspaper.com\/fr\/cogswell-district-project-defence-team-q-a\/\"><span style=\"color: #0000ff;\">Foire aux questions \u00e0 l\u2019intention de l\u2019\u00c9quipe de la D\u00e9fense<\/span><\/a><\/h1>\n<p style=\"text-align: center;\" class=\" translation-block\"><em>Click here for English: <a href=\"https:\/\/tridentnewspaper.com\/base-updates\/cogswell\/\" target=\"_self\">Cogswell District Project<\/a><\/em><\/p>\n<hr \/>\n<h3 style=\"text-align: center;\"><b><br \/>\nMise \u00e0 jour no 12 de l\u2019\u00c9quipe de la D\u00e9fense : Projet du quartier Cogswell<\/b><\/h3>\n<p style=\"text-align: center;\"><i><span style=\"font-weight: 400;\">Ouverture d\u2019une nouvelle zone de stationnement et de stationnement pour motocyclettes le long de Valour Way \u00e0 l\u2019arsenal CSM.\u00a0<\/span><\/i><\/p>\n<p><b>19 septembre 2025<\/b><\/p>\n<p><span style=\"font-weight: 400;\">\u00c9quipe de la D\u00e9fense locale,<\/span><\/p>\n<p><span style=\"font-weight: 400;\">Alors que le Projet du quartier Cogswell de la municipalit\u00e9 r\u00e9gionale d\u2019Halifax <\/span><a href=\"https:\/\/www.halifax.ca\/home\/news\/residents-invited-attend-celebration-event-cogswell-district\"><span style=\"font-weight: 400;\">tire \u00e0 sa fin<\/span><\/a><span style=\"font-weight: 400;\">, voici deux mises \u00e0 jour ayant un impact sur les membres de l\u2019\u00c9quipe de la D\u00e9fense locale et sur les propri\u00e9t\u00e9s de la Base des Forces canadiennes (BFC) Halifax.<\/span><\/p>\n<p><b>1. Nouvelles places de stationnement maintenant disponibles \u00e0 l\u2019arsenal CSM (zone J)<\/b><\/p>\n<p><span style=\"font-weight: 400;\">En 2022, plus de 200 places de stationnement \u00e0 l\u2019extr\u00e9mit\u00e9 sud du stationnement de la zone non op\u00e9rationnelle de l\u2019arsenal CSM ont \u00e9t\u00e9 mises hors service en raison des activit\u00e9s municipales du Projet du quartier Cogswell ; la plupart de ces places ont \u00e9t\u00e9 remises en service plus tard au cours de la m\u00eame ann\u00e9e. \u00c0 l\u2019\u00e9poque, environ 50 places de stationnement n\u2019ont pas \u00e9t\u00e9 rendues car leur disponibilit\u00e9 d\u00e9pendait de la construction d\u2019une nouvelle zone de stationnement.\u00a0<\/span><\/p>\n<p><span style=\"font-weight: 400;\">Cette nouvelle zone de stationnement - la zone J - est <\/span><b>maintenant ouverte<\/b><span style=\"font-weight: 400;\"> \u00e0 l\u2019extr\u00e9mit\u00e9 sud de Valour Way (voir les figures 1 et 2 ci-dessous). Cette zone de stationnement est accessible aux membres de l\u2019\u00c9quipe de la D\u00e9fense munis d\u2019un laissez-passer de stationnement valide de l\u2019arsenal CSM\/Stadacona*. Veuillez noter que certains panneaux de signalisation de la zone de stationnement J n\u2019ont pas encore \u00e9t\u00e9 install\u00e9s.<\/span><\/p>\n<p><i><span style=\"font-weight: 400;\">*Conform\u00e9ment \u00e0 la politique de stationnement de la BFC Halifax, l\u2019arsenal CSM et Stadacona sont des sites partag\u00e9s, ce qui signifie que ces laissez-passer sont interchangeables pour le stationnement g\u00e9n\u00e9ral.\u00a0<\/span><\/i><\/p>\n<figure id=\"attachment_15279\" aria-describedby=\"caption-attachment-15279\" style=\"width: 692px\" class=\"wp-caption alignnone\"><img loading=\"lazy\" decoding=\"async\" class=\"wp-image-15279\" src=\"https:\/\/tridentnewspaper.com\/wp-content\/uploads\/2025\/09\/zone-J-1.png\" alt=\"\" width=\"692\" height=\"387\" srcset=\"https:\/\/tridentnewspaper.com\/wp-content\/uploads\/2025\/09\/zone-J-1.png 605w, https:\/\/tridentnewspaper.com\/wp-content\/uploads\/2025\/09\/zone-J-1-300x168.png 300w, https:\/\/tridentnewspaper.com\/wp-content\/uploads\/2025\/09\/zone-J-1-18x10.png 18w, https:\/\/tridentnewspaper.com\/wp-content\/uploads\/2025\/09\/zone-J-1-431x241.png 431w\" sizes=\"(max-width: 692px) 100vw, 692px\" \/><figcaption id=\"caption-attachment-15279\" class=\"wp-caption-text\">Figure 1 : Nouvelle zone de stationnement \u00e0 l'extr\u00e9mit\u00e9 sud de l'arsenal CSM - zone encercl\u00e9e en rouge \u2013 retourn\u00e9e au MDN en septembre 2025.<\/figcaption><\/figure>\n<figure id=\"attachment_15277\" aria-describedby=\"caption-attachment-15277\" style=\"width: 691px\" class=\"wp-caption alignnone\"><img loading=\"lazy\" decoding=\"async\" class=\"wp-image-15277\" src=\"https:\/\/tridentnewspaper.com\/wp-content\/uploads\/2025\/09\/Figure-2.png\" alt=\"\" width=\"691\" height=\"390\" srcset=\"https:\/\/tridentnewspaper.com\/wp-content\/uploads\/2025\/09\/Figure-2.png 943w, https:\/\/tridentnewspaper.com\/wp-content\/uploads\/2025\/09\/Figure-2-300x169.png 300w, https:\/\/tridentnewspaper.com\/wp-content\/uploads\/2025\/09\/Figure-2-768x433.png 768w, https:\/\/tridentnewspaper.com\/wp-content\/uploads\/2025\/09\/Figure-2-18x10.png 18w, https:\/\/tridentnewspaper.com\/wp-content\/uploads\/2025\/09\/Figure-2-431x243.png 431w, https:\/\/tridentnewspaper.com\/wp-content\/uploads\/2025\/09\/Figure-2-862x486.png 862w\" sizes=\"(max-width: 691px) 100vw, 691px\" \/><figcaption id=\"caption-attachment-15277\" class=\"wp-caption-text\">Figure 2 : Nouvelle zone de stationnement J \u00e0 l\u2019extr\u00e9mit\u00e9 sud de Valour Way \nmaintenant disponible pour le personnel du MDN\/des FAC avec des laissez-passer \nde stationnement valides de l\u2019arsenal CSM\/Stadacona (septembre 2025).<\/figcaption><\/figure>\n<p><b>2. Nouvelle zone de stationnement pour motocyclettes maintenant ouverte \u00e0 l\u2019arsenal CSM\u00a0<\/b><\/p>\n<p><span style=\"font-weight: 400;\">Veuillez noter qu\u2019un stationnement pour motos est d\u00e9sormais disponible \u00e0 l\u2019extr\u00e9mit\u00e9 sud de Valour Way, \u00e0 c\u00f4t\u00e9 de la nouvelle zone de stationnement (zone J). Voir la figure 3 ci-dessous. Ce stationnement pour motos est r\u00e9serv\u00e9 aux <\/span><b>pass<\/b><b> d\u00e9tenteurs d\u2019un laissez-passer<\/b><span style=\"font-weight: 400;\">. En raison de l\u2019ouverture de cette nouvelle zone, le stationnement pour motocyclettes de la zone I est d\u00e9sormais ferm\u00e9.<\/span><\/p>\n<figure id=\"attachment_15278\" aria-describedby=\"caption-attachment-15278\" style=\"width: 688px\" class=\"wp-caption alignnone\"><img loading=\"lazy\" decoding=\"async\" class=\"wp-image-15278\" src=\"https:\/\/tridentnewspaper.com\/wp-content\/uploads\/2025\/09\/Figure-3.jpg\" alt=\"\" width=\"688\" height=\"358\" srcset=\"https:\/\/tridentnewspaper.com\/wp-content\/uploads\/2025\/09\/Figure-3.jpg 919w, https:\/\/tridentnewspaper.com\/wp-content\/uploads\/2025\/09\/Figure-3-300x156.jpg 300w, https:\/\/tridentnewspaper.com\/wp-content\/uploads\/2025\/09\/Figure-3-768x399.jpg 768w, https:\/\/tridentnewspaper.com\/wp-content\/uploads\/2025\/09\/Figure-3-18x9.jpg 18w, https:\/\/tridentnewspaper.com\/wp-content\/uploads\/2025\/09\/Figure-3-431x224.jpg 431w, https:\/\/tridentnewspaper.com\/wp-content\/uploads\/2025\/09\/Figure-3-862x448.jpg 862w\" sizes=\"(max-width: 688px) 100vw, 688px\" \/><figcaption id=\"caption-attachment-15278\" class=\"wp-caption-text\">Figure 3 : Nouvelle zone de stationnement pour motos ouverte \u00e0 l'extr\u00e9mit\u00e9 sud de Valour Way, arsenal CSM.<\/figcaption><\/figure>\n<p><strong>Remarque : <\/strong><span style=\"font-weight: 400;\">Au cours des prochains mois, des travaux suppl\u00e9mentaires seront effectu\u00e9s \u00e0 l\u2019extr\u00e9mit\u00e9 sud de Valour Way, notamment l\u2019installation de panneaux de signalisation suppl\u00e9mentaires, le marquage routier et l\u2019am\u00e9nagement d\u2019un trottoir menant au nouveau stationnement. Les membres qui transitent dans cette zone sont pri\u00e9s de faire preuve de prudence pendant la dur\u00e9e des travaux.<\/span><\/p>\n<hr \/>\n<p><b>Contexte<\/b><\/p>\n<p><span style=\"font-weight: 400;\">Le Projet du quartier Cogswell de la Municipalit\u00e9 r\u00e9gionale d\u2019Halifax (MRH) est le plus grand projet de construction urbaine de l\u2019histoire d\u2019Halifax - la conversion de 16 acres d\u2019infrastructure routi\u00e8re en un quartier \u00e0 usage mixte con\u00e7u pour relier les diff\u00e9rentes parties de la ville et cr\u00e9er des communaut\u00e9s plus inclusives. Pour plus d\u2019informations sur le Projet du quartier Cogswell, veuillez consulter le site web de la MRH :\u00a0<\/span><a href=\"https:\/\/www.halifax.ca\/about-halifax\/regional-community-planning\/construction-projects\/cogswell-district-redevelopment-0\"><span style=\"font-weight: 400;\">Cogswell District | Cogswell Interchange | Halifax (En anglais seulement.)<\/span><\/a><\/p>\n<p><b>Rappels\u00a0<\/b><\/p>\n<p><span style=\"font-weight: 400;\">Une partie de la propri\u00e9t\u00e9 du minist\u00e8re de la D\u00e9fense nationale (MDN) a \u00e9t\u00e9 touch\u00e9e tout au long du Projet du quartier Cogswell. Toutes les mises \u00e0 jour pass\u00e9es et pr\u00e9sentes du Projet du quartier Cogswell de l\u2019\u00c9quipe de la D\u00e9fense qui d\u00e9taillent les impacts sur la communaut\u00e9 et les propri\u00e9t\u00e9s du minist\u00e8re de la D\u00e9fense sont disponibles sur le site Web du journal Trident \u00e0 l\u2019adresse <\/span><a href=\"http:\/\/tridentnewspaper.com\/fr\/cogswell\/\"><span style=\"font-weight: 400;\">www.tridentnewspaper.com\/fr\/cogswell<\/span><\/a><span style=\"font-weight: 400;\">.\u00a0<\/span><\/p>\n<p><strong>Archives des mises \u00e0 jour de l\u2019\u00c9quipe de la D\u00e9fense<\/strong><\/p>\n<p><strong><span class=\"c11\"><a href=\"https:\/\/tridentnewspaper.com\/wp-content\/uploads\/2022\/05\/Defence-Team-Update-1-PDF-.pdf\">Lien: Compte rendu no 1 (27 janvier 2022)<\/a><br \/>\n<\/span><\/strong><strong><span class=\"c11\"><a href=\"https:\/\/tridentnewspaper.com\/wp-content\/uploads\/2022\/05\/Cogswell-Defence-Team-Update-2-PDF.pdf\">Lien: Compte rendu no 2 (31 mars 2022)<\/a><br \/>\n<\/span><\/strong><strong><span class=\"c11\"><a href=\"https:\/\/tridentnewspaper.com\/wp-content\/uploads\/2022\/07\/Defence-Team-Update-3-Cogswell-Project-31-May-2022-FINAL-Trident.docx1_.pdf\">Lien: Compte rendu no 3 (31 mai 2022)<\/a><br \/>\n<\/span><\/strong><strong><span class=\"c11\"><a href=\"https:\/\/tridentnewspaper.com\/wp-content\/uploads\/2022\/10\/Defence-Team-Update-4-Cogswell-Project-FINAL-FRE.pdf\">Lien: Compte rendu no 4 (27 juillet 2022)<\/a><br \/>\n<\/span><\/strong><strong><a href=\"https:\/\/tridentnewspaper.com\/wp-content\/uploads\/2022\/12\/Defence-Team-Update-5-Cogswell-Project-ENG.pdf\">Lien: Compte rendu no 5 (13 octobre 2022)<\/a><br \/>\n<\/strong><a href=\"https:\/\/tridentnewspaper.com\/wp-content\/uploads\/2023\/01\/Cogswell-District-Project-Update-6-FINAL-FRE.pdf\"><strong>Lien: Compte rendu no 6 (5 d\u00e9cembre 2022)<\/strong><\/a><br \/>\n<a href=\"https:\/\/tridentnewspaper.com\/wp-content\/uploads\/2023\/03\/FR_Cogswell-District-Project-Update-7-Trident-PDF.pdf\"><strong>Lien: Compte rendu no 7 (24 janvier 2023)<\/strong><\/a><br \/>\n<a href=\"https:\/\/tridentnewspaper.com\/wp-content\/uploads\/2023\/10\/DND-Cogswell-District-Project-Update-8-FRE-Trident-PDF.pdf\"><strong>Lien: Compte rendu no 8 (30 mars 2023)<\/strong><\/a><br \/>\n<a href=\"https:\/\/tridentnewspaper.com\/wp-content\/uploads\/2024\/12\/Cogswell-District-Project-Update-9-FRE.pdf\"><strong>Lien: Compte rendu no 9 (12 octobre 2023)<\/strong><\/a><br \/>\n<a href=\"https:\/\/tridentnewspaper.com\/wp-content\/uploads\/2024\/12\/Cogswell-District-Project-Update-10-French.pdf\"><strong>Lien: Compte rendu no 10 (29 octobre 2024)<\/strong><\/a><br \/>\n<a href=\"https:\/\/tridentnewspaper.com\/wp-content\/uploads\/2025\/09\/Cogswell-District-Project_Defence-Team-Update-11_FINAL.pdf\"><strong>Lien: Compte rendu no 11 (16 d\u00e9cembre 2024)<\/strong><\/a><\/p>","protected":false},"excerpt":{"rendered":"<p>Cogswell District Project \u2013 Defence Team Q &amp; A Cliquez ici pour le fran\u00e7ais: Projet du quartier Cogswell Defence Team Update #12: Cogswell District Project Opening of new parking area and motorcycle parking along Valour Way at HMC Dockyard.\u00a0 19 September 2025 Local Defence Team, As the Halifax Regional Municipality\u2019s [&hellip;]<\/p>","protected":false},"author":2,"featured_media":0,"parent":8392,"menu_order":0,"comment_status":"closed","ping_status":"closed","template":"","meta":{"_monsterinsights_skip_tracking":false,"_monsterinsights_sitenote_active":false,"_monsterinsights_sitenote_note":"","_monsterinsights_sitenote_category":0,"jetpack_post_was_ever_published":false,"footnotes":""},"yoast_head":"<!-- This site is optimized with the Yoast SEO plugin v22.6 - https:\/\/yoast.com\/wordpress\/plugins\/seo\/ -->\n<title>Cogswell District Project | Trident Newspaper<\/title>\n<meta name=\"robots\" content=\"index, follow, max-snippet:-1, max-image-preview:large, max-video-preview:-1\" \/>\n<link rel=\"canonical\" href=\"http:\/\/tridentnewspaper.com\/fr\/base-updates\/cogswell\/\" \/>\n<meta property=\"og:locale\" content=\"fr_CA\" \/>\n<meta property=\"og:type\" content=\"article\" \/>\n<meta property=\"og:title\" content=\"Cogswell District Project | Trident Newspaper\" \/>\n<meta property=\"og:description\" content=\"Cogswell District Project \u2013 Defence Team Q &amp; A Cliquez ici pour le fran\u00e7ais: Projet du quartier Cogswell Defence Team Update #12: Cogswell District Project Opening of new parking area and motorcycle parking along Valour Way at HMC Dockyard.\u00a0 19 September 2025 Local Defence Team, As the Halifax Regional Municipality\u2019s [&hellip;]\" \/>\n<meta property=\"og:url\" content=\"http:\/\/tridentnewspaper.com\/fr\/base-updates\/cogswell\/\" \/>\n<meta property=\"og:site_name\" content=\"Trident Newspaper\" \/>\n<meta property=\"article:publisher\" content=\"https:\/\/www.facebook.com\/Trident-News-202801813483\/\" \/>\n<meta property=\"article:modified_time\" content=\"2025-09-19T12:22:58+00:00\" \/>\n<meta property=\"og:image\" content=\"https:\/\/tridentnewspaper.com\/wp-content\/uploads\/2024\/12\/Cogswell-Update-Header-ENG-1024x192.png\" \/>\n<meta name=\"twitter:card\" content=\"summary_large_image\" \/>\n<meta name=\"twitter:site\" content=\"@trident_news\" \/>\n<meta name=\"twitter:label1\" content=\"Estimation du temps de lecture\" \/>\n\t<meta name=\"twitter:data1\" content=\"4 minutes\" \/>\n<script type=\"application\/ld+json\" class=\"yoast-schema-graph\">{\"@context\":\"https:\/\/schema.org\",\"@graph\":[{\"@type\":\"WebPage\",\"@id\":\"https:\/\/tridentnewspaper.com\/base-updates\/cogswell\/\",\"url\":\"https:\/\/tridentnewspaper.com\/base-updates\/cogswell\/\",\"name\":\"Cogswell District Project | Trident Newspaper\",\"isPartOf\":{\"@id\":\"https:\/\/tridentnewspaper.com\/#website\"},\"primaryImageOfPage\":{\"@id\":\"https:\/\/tridentnewspaper.com\/base-updates\/cogswell\/#primaryimage\"},\"image\":{\"@id\":\"https:\/\/tridentnewspaper.com\/base-updates\/cogswell\/#primaryimage\"},\"thumbnailUrl\":\"https:\/\/tridentnewspaper.com\/wp-content\/uploads\/2024\/12\/Cogswell-Update-Header-ENG-1024x192.png\",\"datePublished\":\"2022-10-06T22:10:20+00:00\",\"dateModified\":\"2025-09-19T12:22:58+00:00\",\"breadcrumb\":{\"@id\":\"https:\/\/tridentnewspaper.com\/base-updates\/cogswell\/#breadcrumb\"},\"inLanguage\":\"fr-CA\",\"potentialAction\":[{\"@type\":\"ReadAction\",\"target\":[\"https:\/\/tridentnewspaper.com\/base-updates\/cogswell\/\"]}]},{\"@type\":\"ImageObject\",\"inLanguage\":\"fr-CA\",\"@id\":\"https:\/\/tridentnewspaper.com\/base-updates\/cogswell\/#primaryimage\",\"url\":\"https:\/\/tridentnewspaper.com\/wp-content\/uploads\/2024\/12\/Cogswell-Update-Header-ENG-1024x192.png\",\"contentUrl\":\"https:\/\/tridentnewspaper.com\/wp-content\/uploads\/2024\/12\/Cogswell-Update-Header-ENG-1024x192.png\"},{\"@type\":\"BreadcrumbList\",\"@id\":\"https:\/\/tridentnewspaper.com\/base-updates\/cogswell\/#breadcrumb\",\"itemListElement\":[{\"@type\":\"ListItem\",\"position\":1,\"name\":\"Home\",\"item\":\"https:\/\/tridentnewspaper.com\/\"},{\"@type\":\"ListItem\",\"position\":2,\"name\":\"Base Updates\",\"item\":\"https:\/\/tridentnewspaper.com\/base-updates\/\"},{\"@type\":\"ListItem\",\"position\":3,\"name\":\"Cogswell District Project\"}]},{\"@type\":\"WebSite\",\"@id\":\"https:\/\/tridentnewspaper.com\/#website\",\"url\":\"https:\/\/tridentnewspaper.com\/\",\"name\":\"Trident Newspaper\",\"description\":\"CFB Halifax Trident Navy Newspaper\",\"publisher\":{\"@id\":\"https:\/\/tridentnewspaper.com\/#organization\"},\"potentialAction\":[{\"@type\":\"SearchAction\",\"target\":{\"@type\":\"EntryPoint\",\"urlTemplate\":\"https:\/\/tridentnewspaper.com\/?s={search_term_string}\"},\"query-input\":\"required name=search_term_string\"}],\"inLanguage\":\"fr-CA\"},{\"@type\":\"Organization\",\"@id\":\"https:\/\/tridentnewspaper.com\/#organization\",\"name\":\"Trident Newspaper\",\"url\":\"https:\/\/tridentnewspaper.com\/\",\"logo\":{\"@type\":\"ImageObject\",\"inLanguage\":\"fr-CA\",\"@id\":\"https:\/\/tridentnewspaper.com\/#\/schema\/logo\/image\/\",\"url\":\"https:\/\/tridentnewspaper.com\/wp-content\/uploads\/2017\/01\/Trident_Masthead_New_med.png\",\"contentUrl\":\"https:\/\/tridentnewspaper.com\/wp-content\/uploads\/2017\/01\/Trident_Masthead_New_med.png\",\"width\":719,\"height\":181,\"caption\":\"Trident Newspaper\"},\"image\":{\"@id\":\"https:\/\/tridentnewspaper.com\/#\/schema\/logo\/image\/\"},\"sameAs\":[\"https:\/\/www.facebook.com\/Trident-News-202801813483\/\",\"https:\/\/x.com\/trident_news\"]}]}<\/script>\n<!-- \/ Yoast SEO plugin. -->","yoast_head_json":{"title":"Cogswell District Project | Trident Newspaper","robots":{"index":"index","follow":"follow","max-snippet":"max-snippet:-1","max-image-preview":"max-image-preview:large","max-video-preview":"max-video-preview:-1"},"canonical":"http:\/\/tridentnewspaper.com\/fr\/base-updates\/cogswell\/","og_locale":"fr_CA","og_type":"article","og_title":"Cogswell District Project | Trident Newspaper","og_description":"Cogswell District Project \u2013 Defence Team Q &amp; A Cliquez ici pour le fran\u00e7ais: Projet du quartier Cogswell Defence Team Update #12: Cogswell District Project Opening of new parking area and motorcycle parking along Valour Way at HMC Dockyard.\u00a0 19 September 2025 Local Defence Team, As the Halifax Regional Municipality\u2019s [&hellip;]","og_url":"http:\/\/tridentnewspaper.com\/fr\/base-updates\/cogswell\/","og_site_name":"Trident Newspaper","article_publisher":"https:\/\/www.facebook.com\/Trident-News-202801813483\/","article_modified_time":"2025-09-19T12:22:58+00:00","og_image":[{"url":"https:\/\/tridentnewspaper.com\/wp-content\/uploads\/2024\/12\/Cogswell-Update-Header-ENG-1024x192.png"}],"twitter_card":"summary_large_image","twitter_site":"@trident_news","twitter_misc":{"Estimation du temps de lecture":"4 minutes"},"schema":{"@context":"https:\/\/schema.org","@graph":[{"@type":"WebPage","@id":"https:\/\/tridentnewspaper.com\/base-updates\/cogswell\/","url":"https:\/\/tridentnewspaper.com\/base-updates\/cogswell\/","name":"Cogswell District Project | Trident Newspaper","isPartOf":{"@id":"https:\/\/tridentnewspaper.com\/#website"},"primaryImageOfPage":{"@id":"https:\/\/tridentnewspaper.com\/base-updates\/cogswell\/#primaryimage"},"image":{"@id":"https:\/\/tridentnewspaper.com\/base-updates\/cogswell\/#primaryimage"},"thumbnailUrl":"https:\/\/tridentnewspaper.com\/wp-content\/uploads\/2024\/12\/Cogswell-Update-Header-ENG-1024x192.png","datePublished":"2022-10-06T22:10:20+00:00","dateModified":"2025-09-19T12:22:58+00:00","breadcrumb":{"@id":"https:\/\/tridentnewspaper.com\/base-updates\/cogswell\/#breadcrumb"},"inLanguage":"fr-CA","potentialAction":[{"@type":"ReadAction","target":["https:\/\/tridentnewspaper.com\/base-updates\/cogswell\/"]}]},{"@type":"ImageObject","inLanguage":"fr-CA","@id":"https:\/\/tridentnewspaper.com\/base-updates\/cogswell\/#primaryimage","url":"https:\/\/tridentnewspaper.com\/wp-content\/uploads\/2024\/12\/Cogswell-Update-Header-ENG-1024x192.png","contentUrl":"https:\/\/tridentnewspaper.com\/wp-content\/uploads\/2024\/12\/Cogswell-Update-Header-ENG-1024x192.png"},{"@type":"BreadcrumbList","@id":"https:\/\/tridentnewspaper.com\/base-updates\/cogswell\/#breadcrumb","itemListElement":[{"@type":"ListItem","position":1,"name":"Home","item":"https:\/\/tridentnewspaper.com\/"},{"@type":"ListItem","position":2,"name":"Base Updates","item":"https:\/\/tridentnewspaper.com\/base-updates\/"},{"@type":"ListItem","position":3,"name":"Cogswell District Project"}]},{"@type":"WebSite","@id":"https:\/\/tridentnewspaper.com\/#website","url":"https:\/\/tridentnewspaper.com\/","name":"Trident Newspaper","description":"CFB Halifax Trident Navy Newspaper","publisher":{"@id":"https:\/\/tridentnewspaper.com\/#organization"},"potentialAction":[{"@type":"SearchAction","target":{"@type":"EntryPoint","urlTemplate":"https:\/\/tridentnewspaper.com\/?s={search_term_string}"},"query-input":"required name=search_term_string"}],"inLanguage":"fr-CA"},{"@type":"Organization","@id":"https:\/\/tridentnewspaper.com\/#organization","name":"Trident Newspaper","url":"https:\/\/tridentnewspaper.com\/","logo":{"@type":"ImageObject","inLanguage":"fr-CA","@id":"https:\/\/tridentnewspaper.com\/#\/schema\/logo\/image\/","url":"https:\/\/tridentnewspaper.com\/wp-content\/uploads\/2017\/01\/Trident_Masthead_New_med.png","contentUrl":"https:\/\/tridentnewspaper.com\/wp-content\/uploads\/2017\/01\/Trident_Masthead_New_med.png","width":719,"height":181,"caption":"Trident Newspaper"},"image":{"@id":"https:\/\/tridentnewspaper.com\/#\/schema\/logo\/image\/"},"sameAs":["https:\/\/www.facebook.com\/Trident-News-202801813483\/","https:\/\/x.com\/trident_news"]}]}},"jetpack_sharing_enabled":true,"jetpack_shortlink":"https:\/\/wp.me\/P8oCsG-2ik","_links":{"self":[{"href":"http:\/\/tridentnewspaper.com\/fr\/wp-json\/wp\/v2\/pages\/8824"}],"collection":[{"href":"http:\/\/tridentnewspaper.com\/fr\/wp-json\/wp\/v2\/pages"}],"about":[{"href":"http:\/\/tridentnewspaper.com\/fr\/wp-json\/wp\/v2\/types\/page"}],"author":[{"embeddable":true,"href":"http:\/\/tridentnewspaper.com\/fr\/wp-json\/wp\/v2\/users\/2"}],"replies":[{"embeddable":true,"href":"http:\/\/tridentnewspaper.com\/fr\/wp-json\/wp\/v2\/comments?post=8824"}],"version-history":[{"count":50,"href":"http:\/\/tridentnewspaper.com\/fr\/wp-json\/wp\/v2\/pages\/8824\/revisions"}],"predecessor-version":[{"id":15276,"href":"http:\/\/tridentnewspaper.com\/fr\/wp-json\/wp\/v2\/pages\/8824\/revisions\/15276"}],"up":[{"embeddable":true,"href":"http:\/\/tridentnewspaper.com\/fr\/wp-json\/wp\/v2\/pages\/8392"}],"wp:attachment":[{"href":"http:\/\/tridentnewspaper.com\/fr\/wp-json\/wp\/v2\/media?parent=8824"}],"curies":[{"name":"wp","href":"https:\/\/api.w.org\/{rel}","templated":true}]}}